{"id":18933,"date":"2023-03-20T08:03:00","date_gmt":"2023-03-20T07:03:00","guid":{"rendered":"https:\/\/sticker-schilder.de?post_type=product&#038;p=18933"},"modified":"2023-03-21T11:45:06","modified_gmt":"2023-03-21T10:45:06","slug":"warnung-vor-feuergefaehrlichen-stoffen-schild-aufkleber","status":"publish","type":"product","link":"https:\/\/sticker-schilder.de\/?product=warnung-vor-feuergefaehrlichen-stoffen-schild-aufkleber","title":{"rendered":"Warnung vor feuergef\u00e4hrlichen Stoffen Schild, Aufkleber"},"content":{"rendered":"<p><strong>Warnung vor feuergef\u00e4hrlichen Stoffen <\/strong>als Schild oder Aufkleber.<\/p>\n<p>Das Aussehen ist wie in der Norm DIN EN ISO 7010 W021 definiert.<\/p>\n<p>Es entspricht der Arbeitsst\u00e4tten Richtline ASR A1.3 welche die DGVU abgel\u00f6st hat.<\/p>\n<p>Sie m\u00f6chten Ihre Mitarbeiter sch\u00fctzen? Verwenden Sie dieses Warnschild, um auf feuergef\u00e4hrliche Stoffe hinzuweisen und Unf\u00e4llen vorzubeugen.<\/p>\n<p>So setzen Sie betriebliche Sicherheitskonzepte wirksam um.<\/p>\n<p>Die Optik entspricht den internationalen Standards.\u00a0 Sie informieren Mitarbeiter oder Besucher damit wirkungsvoll.<\/p>\n<p>&nbsp;<\/p>\n<p>Bestellen Sie das Schild Warnung vor feuergef\u00e4hrlichen Stoffen entweder als Aufkleber, stabiles Alu-Verbund Schild oder leichtes Kunststoffschild.<\/p>\n<p>Schilder k\u00f6nnen verschraubt oder auch mit Spiegelklebeband sicher befestigt werden.<\/p>\n<p>Aufkleber k\u00f6nnen Sie leicht an sauberen, glatten Untergr\u00fcnden anbringen.<\/p>\n<p>Wir fertigen die Aufkleber auf lange haltbarer Selbstklebefolie. Diese erh\u00e4lt zus\u00e4tzlich ein Schutzlaminat.<\/p>\n<p>Dadurch ist eine \u00fcberdurchschnittlich lange Haltbarkeit zu erwarten.<\/p>\n<p>Das Schild &#8220;Warnung vor feuergef\u00e4hrlichen Stoffen&#8221; wird bei uns im Haus gefertigt. Sie kaufen direkt beim Hersteller.<\/p>\n<p>Wir stellen auf Anfrage auch Sondergr\u00f6\u00dfen her. Kontaktieren Sie uns hierf\u00fcr einfach.<\/p>\n<p>Zum Drucken verwenden wir umweltfreundliche Farben. Die Farben sind im GREENGUARD GOLD Standard zertifiziert.<\/p>\n<p>Kurze Lieferwege durch Produktion und Versand aus Deutschland.<\/p>\n","protected":false},"excerpt":{"rendered":"<p>Warnung vor feuergef\u00e4hrlichen Stoffen als Schild oder Aufkleber. Das Aussehen ist wie in der Norm DIN EN ISO 7010 W021 definiert. Es entspricht der Arbeitsst\u00e4tten Richtline ASR A1.3 welche die DGVU abgel\u00f6st hat. Sie m\u00f6chten Ihre Mitarbeiter sch\u00fctzen? Verwenden Sie dieses Warnschild, um auf feuergef\u00e4hrliche Stoffe hinzuweisen und Unf\u00e4llen vorzubeugen. So setzen Sie betriebliche Sicherheitskonzepte [&hellip;]<\/p>\n","protected":false},"featured_media":19376,"comment_status":"open","ping_status":"closed","template":"","meta":[],"product_cat":[118,195,198,85],"product_tag":[],"class_list":{"0":"post-18933","1":"product","2":"type-product","3":"status-publish","4":"has-post-thumbnail","6":"product_cat-schilder","7":"product_cat-normschilder","8":"product_cat-warnschilder","9":"product_cat-aufkleber","11":"first","12":"instock","13":"taxable","14":"shipping-taxable","15":"product-type-variable"},"yoast_head":"<!-- This site is optimized with the Yoast SEO plugin v20.1 - https:\/\/yoast.com\/wordpress\/plugins\/seo\/ -->\n<title>Warnung vor feuergef\u00e4hrlichen Stoffen Schild, Aufkleber - Sticker und Schilder<\/title>\n<meta name=\"description\" content=\"Warnung vor feuergef\u00e4hrlichen Stoffen als \u2705 Schild oder \u2705 Aufkleber \u2705 Norm: ASR 1.3\/ISO 7010 W021 - Schnelle Lieferung aus Deutschland\" \/>\n<meta name=\"robots\" content=\"index, follow, max-snippet:-1, max-image-preview:large, max-video-preview:-1\" \/>\n<link rel=\"canonical\" href=\"https:\/\/sticker-schilder.de\/?product=warnung-vor-feuergefaehrlichen-stoffen-schild-aufkleber\" \/>\n<meta property=\"og:locale\" content=\"de_DE\" \/>\n<meta property=\"og:type\" content=\"article\" \/>\n<meta property=\"og:title\" content=\"Warnung vor feuergef\u00e4hrlichen Stoffen Schild, Aufkleber - Sticker und Schilder\" \/>\n<meta property=\"og:description\" content=\"Warnung vor feuergef\u00e4hrlichen Stoffen als \u2705 Schild oder \u2705 Aufkleber \u2705 Norm: ASR 1.3\/ISO 7010 W021 - Schnelle Lieferung aus Deutschland\" \/>\n<meta property=\"og:url\" content=\"https:\/\/sticker-schilder.de\/?product=warnung-vor-feuergefaehrlichen-stoffen-schild-aufkleber\" \/>\n<meta property=\"og:site_name\" content=\"Sticker und Schilder\" \/>\n<meta property=\"article:modified_time\" content=\"2023-03-21T10:45:06+00:00\" \/>\n<meta property=\"og:image\" content=\"https:\/\/sticker-schilder.de\/wp-content\/uploads\/2023\/03\/Warnung-vor-feuergefaehrlichen-Stoffen-scaled.jpg\" \/>\n\t<meta property=\"og:image:width\" content=\"2560\" \/>\n\t<meta property=\"og:image:height\" content=\"2560\" \/>\n\t<meta property=\"og:image:type\" content=\"image\/jpeg\" \/>\n<meta name=\"twitter:card\" content=\"summary_large_image\" \/>\n<meta name=\"twitter:label1\" content=\"Gesch\u00e4tzte Lesezeit\" \/>\n\t<meta name=\"twitter:data1\" content=\"1\u00a0Minute\" \/>\n<script type=\"application\/ld+json\" class=\"yoast-schema-graph\">{\"@context\":\"https:\/\/schema.org\",\"@graph\":[{\"@type\":\"WebPage\",\"@id\":\"https:\/\/sticker-schilder.de\/?product=warnung-vor-feuergefaehrlichen-stoffen-schild-aufkleber\",\"url\":\"https:\/\/sticker-schilder.de\/?product=warnung-vor-feuergefaehrlichen-stoffen-schild-aufkleber\",\"name\":\"Warnung vor feuergef\u00e4hrlichen Stoffen Schild, Aufkleber - Sticker und Schilder\",\"isPartOf\":{\"@id\":\"https:\/\/sticker-schilder.de\/#website\"},\"datePublished\":\"2023-03-20T07:03:00+00:00\",\"dateModified\":\"2023-03-21T10:45:06+00:00\",\"description\":\"Warnung vor feuergef\u00e4hrlichen Stoffen als \u2705 Schild oder \u2705 Aufkleber \u2705 Norm: ASR 1.3\/ISO 7010 W021 - Schnelle Lieferung aus Deutschland\",\"breadcrumb\":{\"@id\":\"https:\/\/sticker-schilder.de\/?product=warnung-vor-feuergefaehrlichen-stoffen-schild-aufkleber#breadcrumb\"},\"inLanguage\":\"de\",\"potentialAction\":[{\"@type\":\"ReadAction\",\"target\":[\"https:\/\/sticker-schilder.de\/?product=warnung-vor-feuergefaehrlichen-stoffen-schild-aufkleber\"]}]},{\"@type\":\"BreadcrumbList\",\"@id\":\"https:\/\/sticker-schilder.de\/?product=warnung-vor-feuergefaehrlichen-stoffen-schild-aufkleber#breadcrumb\",\"itemListElement\":[{\"@type\":\"ListItem\",\"position\":1,\"name\":\"Startseite\",\"item\":\"https:\/\/sticker-schilder.de\/\"},{\"@type\":\"ListItem\",\"position\":2,\"name\":\"Shop\",\"item\":\"https:\/\/sticker-schilder.de\/?page_id=8\"},{\"@type\":\"ListItem\",\"position\":3,\"name\":\"Warnung vor feuergef\u00e4hrlichen Stoffen Schild, Aufkleber\"}]},{\"@type\":\"WebSite\",\"@id\":\"https:\/\/sticker-schilder.de\/#website\",\"url\":\"https:\/\/sticker-schilder.de\/\",\"name\":\"Sticker und Schilder\",\"description\":\"auch zum selbst gestalten\",\"potentialAction\":[{\"@type\":\"SearchAction\",\"target\":{\"@type\":\"EntryPoint\",\"urlTemplate\":\"https:\/\/sticker-schilder.de\/?s={search_term_string}\"},\"query-input\":\"required name=search_term_string\"}],\"inLanguage\":\"de\"}]}<\/script>\n<!-- \/ Yoast SEO plugin. -->","yoast_head_json":{"title":"Warnung vor feuergef\u00e4hrlichen Stoffen Schild, Aufkleber - Sticker und Schilder","description":"Warnung vor feuergef\u00e4hrlichen Stoffen als \u2705 Schild oder \u2705 Aufkleber \u2705 Norm: ASR 1.3\/ISO 7010 W021 - Schnelle Lieferung aus Deutschland","robots":{"index":"index","follow":"follow","max-snippet":"max-snippet:-1","max-image-preview":"max-image-preview:large","max-video-preview":"max-video-preview:-1"},"canonical":"https:\/\/sticker-schilder.de\/?product=warnung-vor-feuergefaehrlichen-stoffen-schild-aufkleber","og_locale":"de_DE","og_type":"article","og_title":"Warnung vor feuergef\u00e4hrlichen Stoffen Schild, Aufkleber - Sticker und Schilder","og_description":"Warnung vor feuergef\u00e4hrlichen Stoffen als \u2705 Schild oder \u2705 Aufkleber \u2705 Norm: ASR 1.3\/ISO 7010 W021 - Schnelle Lieferung aus Deutschland","og_url":"https:\/\/sticker-schilder.de\/?product=warnung-vor-feuergefaehrlichen-stoffen-schild-aufkleber","og_site_name":"Sticker und Schilder","article_modified_time":"2023-03-21T10:45:06+00:00","og_image":[{"width":2560,"height":2560,"url":"https:\/\/sticker-schilder.de\/wp-content\/uploads\/2023\/03\/Warnung-vor-feuergefaehrlichen-Stoffen-scaled.jpg","type":"image\/jpeg"}],"twitter_card":"summary_large_image","twitter_misc":{"Gesch\u00e4tzte Lesezeit":"1\u00a0Minute"},"schema":{"@context":"https:\/\/schema.org","@graph":[{"@type":"WebPage","@id":"https:\/\/sticker-schilder.de\/?product=warnung-vor-feuergefaehrlichen-stoffen-schild-aufkleber","url":"https:\/\/sticker-schilder.de\/?product=warnung-vor-feuergefaehrlichen-stoffen-schild-aufkleber","name":"Warnung vor feuergef\u00e4hrlichen Stoffen Schild, Aufkleber - Sticker und Schilder","isPartOf":{"@id":"https:\/\/sticker-schilder.de\/#website"},"datePublished":"2023-03-20T07:03:00+00:00","dateModified":"2023-03-21T10:45:06+00:00","description":"Warnung vor feuergef\u00e4hrlichen Stoffen als \u2705 Schild oder \u2705 Aufkleber \u2705 Norm: ASR 1.3\/ISO 7010 W021 - Schnelle Lieferung aus Deutschland","breadcrumb":{"@id":"https:\/\/sticker-schilder.de\/?product=warnung-vor-feuergefaehrlichen-stoffen-schild-aufkleber#breadcrumb"},"inLanguage":"de","potentialAction":[{"@type":"ReadAction","target":["https:\/\/sticker-schilder.de\/?product=warnung-vor-feuergefaehrlichen-stoffen-schild-aufkleber"]}]},{"@type":"BreadcrumbList","@id":"https:\/\/sticker-schilder.de\/?product=warnung-vor-feuergefaehrlichen-stoffen-schild-aufkleber#breadcrumb","itemListElement":[{"@type":"ListItem","position":1,"name":"Startseite","item":"https:\/\/sticker-schilder.de\/"},{"@type":"ListItem","position":2,"name":"Shop","item":"https:\/\/sticker-schilder.de\/?page_id=8"},{"@type":"ListItem","position":3,"name":"Warnung vor feuergef\u00e4hrlichen Stoffen Schild, Aufkleber"}]},{"@type":"WebSite","@id":"https:\/\/sticker-schilder.de\/#website","url":"https:\/\/sticker-schilder.de\/","name":"Sticker und Schilder","description":"auch zum selbst gestalten","potentialAction":[{"@type":"SearchAction","target":{"@type":"EntryPoint","urlTemplate":"https:\/\/sticker-schilder.de\/?s={search_term_string}"},"query-input":"required name=search_term_string"}],"inLanguage":"de"}]}},"_links":{"self":[{"href":"https:\/\/sticker-schilder.de\/index.php?rest_route=\/wp\/v2\/product\/18933","targetHints":{"allow":["GET"]}}],"collection":[{"href":"https:\/\/sticker-schilder.de\/index.php?rest_route=\/wp\/v2\/product"}],"about":[{"href":"https:\/\/sticker-schilder.de\/index.php?rest_route=\/wp\/v2\/types\/product"}],"replies":[{"embeddable":true,"href":"https:\/\/sticker-schilder.de\/index.php?rest_route=%2Fwp%2Fv2%2Fcomments&post=18933"}],"wp:featuredmedia":[{"embeddable":true,"href":"https:\/\/sticker-schilder.de\/index.php?rest_route=\/wp\/v2\/media\/19376"}],"wp:attachment":[{"href":"https:\/\/sticker-schilder.de\/index.php?rest_route=%2Fwp%2Fv2%2Fmedia&parent=18933"}],"wp:term":[{"taxonomy":"product_cat","embeddable":true,"href":"https:\/\/sticker-schilder.de\/index.php?rest_route=%2Fwp%2Fv2%2Fproduct_cat&post=18933"},{"taxonomy":"product_tag","embeddable":true,"href":"https:\/\/sticker-schilder.de\/index.php?rest_route=%2Fwp%2Fv2%2Fproduct_tag&post=18933"}],"curies":[{"name":"wp","href":"https:\/\/api.w.org\/{rel}","templated":true}]}}