{"id":17733,"date":"2023-02-27T14:48:25","date_gmt":"2023-02-27T13:48:25","guid":{"rendered":"https:\/\/sticker-schilder.de\/?post_type=product&#038;p=17733"},"modified":"2023-03-15T12:46:57","modified_gmt":"2023-03-15T11:46:57","slug":"schutzschuerze-tragen-schilder-aufkleber","status":"publish","type":"product","link":"https:\/\/sticker-schilder.de\/?product=schutzschuerze-tragen-schilder-aufkleber","title":{"rendered":"Schutzsch\u00fcrze tragen (Schilder, Aufkleber)"},"content":{"rendered":"<p>Sie k\u00f6nnen ein Schild <strong>Schutzsch\u00fcrze tragen\u00a0<\/strong> kaufen.<\/p>\n<p>F\u00fcr verschiedene Anforderungen stellen wir das Schild Schutzsch\u00fcrze tragen in unterschiedlichen Varianten her.<\/p>\n<p>W\u00e4hlen Sie aus folgenden Schildermaterialien, die f\u00fcr Ihren Bedarf passende aus:<\/p>\n<ul>\n<li>Dibond (die Robuste Variante)<\/li>\n<li>Kunststoff (die preisg\u00fcnstige\u00a0 Variante)<\/li>\n<li>oder als Aufkleber (wenn Sie die Kennzeichnung nicht anschrauben m\u00f6chten)<\/li>\n<\/ul>\n<p>Jede Variante ist auch ich verschiedenen Gr\u00f6\u00dfen erh\u00e4ltlich.<\/p>\n<p>Einfach eine der Varianten als Aufkleber, Dibondschild oder Kunststoffschild und in unterschiedlichen Gr\u00f6\u00dfen ausw\u00e4hlen und zum kaufen in den Warenkorb legen.<\/p>\n<p>Damit Schutzvorschriften entsprechend eingehalten werden, sind Schilder und Aufkleber ein gutes Mittel. Oft werden Kennzeichnungen von den Berufsgenossenschaften vorgeschrieben. Sie sch\u00fctzen damit Ihre Mitarbeiter vor Unf\u00e4llen. Dr\u00fcber hinaus sichern Sie sich auch gegen Haftungsanspr\u00fcche, im Falle eines Falles, ab. Wenn Sie also das Schild <strong>Schutzsch\u00fcrze tragen\u00a0<\/strong> kaufen schaffen Sie ein St\u00fcck Sicherheit f\u00fcr sich und Andere.<\/p>\n","protected":false},"excerpt":{"rendered":"<p>Sie k\u00f6nnen ein Schild Schutzsch\u00fcrze tragen\u00a0 kaufen. F\u00fcr verschiedene Anforderungen stellen wir das Schild Schutzsch\u00fcrze tragen in unterschiedlichen Varianten her. W\u00e4hlen Sie aus folgenden Schildermaterialien, die f\u00fcr Ihren Bedarf passende aus: Dibond (die Robuste Variante) Kunststoff (die preisg\u00fcnstige\u00a0 Variante) oder als Aufkleber (wenn Sie die Kennzeichnung nicht anschrauben m\u00f6chten) Jede Variante ist auch ich verschiedenen [&hellip;]<\/p>\n","protected":false},"featured_media":18621,"comment_status":"open","ping_status":"closed","template":"","meta":[],"product_cat":[118,195,196,85],"product_tag":[],"class_list":{"0":"post-17733","1":"product","2":"type-product","3":"status-publish","4":"has-post-thumbnail","6":"product_cat-schilder","7":"product_cat-normschilder","8":"product_cat-gebotsschilder","9":"product_cat-aufkleber","11":"first","12":"instock","13":"taxable","14":"shipping-taxable","15":"product-type-variable"},"yoast_head":"<!-- This site is optimized with the Yoast SEO plugin v20.1 - https:\/\/yoast.com\/wordpress\/plugins\/seo\/ -->\n<title>Schutzsch\u00fcrze tragen (Schilder, Aufkleber) - Sticker und Schilder<\/title>\n<meta name=\"description\" content=\"Schutzsch\u00fcrze tragen Schild in verschiedene Gr\u00f6\u00dfen kaufen \u2705als Dibondschild \u2705 als Kunststoffschild oder \u2705als Aufkleber \u25baschnelle Lieferung\" \/>\n<meta name=\"robots\" content=\"index, follow, max-snippet:-1, max-image-preview:large, max-video-preview:-1\" \/>\n<link rel=\"canonical\" href=\"https:\/\/sticker-schilder.de\/?product=schutzschuerze-tragen-schilder-aufkleber\" \/>\n<meta property=\"og:locale\" content=\"de_DE\" \/>\n<meta property=\"og:type\" content=\"article\" \/>\n<meta property=\"og:title\" content=\"Schutzsch\u00fcrze tragen (Schilder, Aufkleber) - Sticker und Schilder\" \/>\n<meta property=\"og:description\" content=\"Schutzsch\u00fcrze tragen Schild in verschiedene Gr\u00f6\u00dfen kaufen \u2705als Dibondschild \u2705 als Kunststoffschild oder \u2705als Aufkleber \u25baschnelle Lieferung\" \/>\n<meta property=\"og:url\" content=\"https:\/\/sticker-schilder.de\/?product=schutzschuerze-tragen-schilder-aufkleber\" \/>\n<meta property=\"og:site_name\" content=\"Sticker und Schilder\" \/>\n<meta property=\"article:modified_time\" content=\"2023-03-15T11:46:57+00:00\" \/>\n<meta property=\"og:image\" content=\"https:\/\/sticker-schilder.de\/wp-content\/uploads\/2023\/02\/Schutzschuerze-tragen-1-scaled.jpg\" \/>\n\t<meta property=\"og:image:width\" content=\"2560\" \/>\n\t<meta property=\"og:image:height\" content=\"2560\" \/>\n\t<meta property=\"og:image:type\" content=\"image\/jpeg\" \/>\n<meta name=\"twitter:card\" content=\"summary_large_image\" \/>\n<meta name=\"twitter:label1\" content=\"Gesch\u00e4tzte Lesezeit\" \/>\n\t<meta name=\"twitter:data1\" content=\"1\u00a0Minute\" \/>\n<script type=\"application\/ld+json\" class=\"yoast-schema-graph\">{\"@context\":\"https:\/\/schema.org\",\"@graph\":[{\"@type\":\"WebPage\",\"@id\":\"https:\/\/sticker-schilder.de\/?product=schutzschuerze-tragen-schilder-aufkleber\",\"url\":\"https:\/\/sticker-schilder.de\/?product=schutzschuerze-tragen-schilder-aufkleber\",\"name\":\"Schutzsch\u00fcrze tragen (Schilder, Aufkleber) - Sticker und Schilder\",\"isPartOf\":{\"@id\":\"https:\/\/sticker-schilder.de\/#website\"},\"datePublished\":\"2023-02-27T13:48:25+00:00\",\"dateModified\":\"2023-03-15T11:46:57+00:00\",\"description\":\"Schutzsch\u00fcrze tragen Schild in verschiedene Gr\u00f6\u00dfen kaufen \u2705als Dibondschild \u2705 als Kunststoffschild oder \u2705als Aufkleber \u25baschnelle Lieferung\",\"breadcrumb\":{\"@id\":\"https:\/\/sticker-schilder.de\/?product=schutzschuerze-tragen-schilder-aufkleber#breadcrumb\"},\"inLanguage\":\"de\",\"potentialAction\":[{\"@type\":\"ReadAction\",\"target\":[\"https:\/\/sticker-schilder.de\/?product=schutzschuerze-tragen-schilder-aufkleber\"]}]},{\"@type\":\"BreadcrumbList\",\"@id\":\"https:\/\/sticker-schilder.de\/?product=schutzschuerze-tragen-schilder-aufkleber#breadcrumb\",\"itemListElement\":[{\"@type\":\"ListItem\",\"position\":1,\"name\":\"Startseite\",\"item\":\"https:\/\/sticker-schilder.de\/\"},{\"@type\":\"ListItem\",\"position\":2,\"name\":\"Shop\",\"item\":\"https:\/\/sticker-schilder.de\/?page_id=8\"},{\"@type\":\"ListItem\",\"position\":3,\"name\":\"Schutzsch\u00fcrze tragen (Schilder, Aufkleber)\"}]},{\"@type\":\"WebSite\",\"@id\":\"https:\/\/sticker-schilder.de\/#website\",\"url\":\"https:\/\/sticker-schilder.de\/\",\"name\":\"Sticker und Schilder\",\"description\":\"auch zum selbst gestalten\",\"potentialAction\":[{\"@type\":\"SearchAction\",\"target\":{\"@type\":\"EntryPoint\",\"urlTemplate\":\"https:\/\/sticker-schilder.de\/?s={search_term_string}\"},\"query-input\":\"required name=search_term_string\"}],\"inLanguage\":\"de\"}]}<\/script>\n<!-- \/ Yoast SEO plugin. -->","yoast_head_json":{"title":"Schutzsch\u00fcrze tragen (Schilder, Aufkleber) - Sticker und Schilder","description":"Schutzsch\u00fcrze tragen Schild in verschiedene Gr\u00f6\u00dfen kaufen \u2705als Dibondschild \u2705 als Kunststoffschild oder \u2705als Aufkleber \u25baschnelle Lieferung","robots":{"index":"index","follow":"follow","max-snippet":"max-snippet:-1","max-image-preview":"max-image-preview:large","max-video-preview":"max-video-preview:-1"},"canonical":"https:\/\/sticker-schilder.de\/?product=schutzschuerze-tragen-schilder-aufkleber","og_locale":"de_DE","og_type":"article","og_title":"Schutzsch\u00fcrze tragen (Schilder, Aufkleber) - Sticker und Schilder","og_description":"Schutzsch\u00fcrze tragen Schild in verschiedene Gr\u00f6\u00dfen kaufen \u2705als Dibondschild \u2705 als Kunststoffschild oder \u2705als Aufkleber \u25baschnelle Lieferung","og_url":"https:\/\/sticker-schilder.de\/?product=schutzschuerze-tragen-schilder-aufkleber","og_site_name":"Sticker und Schilder","article_modified_time":"2023-03-15T11:46:57+00:00","og_image":[{"width":2560,"height":2560,"url":"https:\/\/sticker-schilder.de\/wp-content\/uploads\/2023\/02\/Schutzschuerze-tragen-1-scaled.jpg","type":"image\/jpeg"}],"twitter_card":"summary_large_image","twitter_misc":{"Gesch\u00e4tzte Lesezeit":"1\u00a0Minute"},"schema":{"@context":"https:\/\/schema.org","@graph":[{"@type":"WebPage","@id":"https:\/\/sticker-schilder.de\/?product=schutzschuerze-tragen-schilder-aufkleber","url":"https:\/\/sticker-schilder.de\/?product=schutzschuerze-tragen-schilder-aufkleber","name":"Schutzsch\u00fcrze tragen (Schilder, Aufkleber) - Sticker und Schilder","isPartOf":{"@id":"https:\/\/sticker-schilder.de\/#website"},"datePublished":"2023-02-27T13:48:25+00:00","dateModified":"2023-03-15T11:46:57+00:00","description":"Schutzsch\u00fcrze tragen Schild in verschiedene Gr\u00f6\u00dfen kaufen \u2705als Dibondschild \u2705 als Kunststoffschild oder \u2705als Aufkleber \u25baschnelle Lieferung","breadcrumb":{"@id":"https:\/\/sticker-schilder.de\/?product=schutzschuerze-tragen-schilder-aufkleber#breadcrumb"},"inLanguage":"de","potentialAction":[{"@type":"ReadAction","target":["https:\/\/sticker-schilder.de\/?product=schutzschuerze-tragen-schilder-aufkleber"]}]},{"@type":"BreadcrumbList","@id":"https:\/\/sticker-schilder.de\/?product=schutzschuerze-tragen-schilder-aufkleber#breadcrumb","itemListElement":[{"@type":"ListItem","position":1,"name":"Startseite","item":"https:\/\/sticker-schilder.de\/"},{"@type":"ListItem","position":2,"name":"Shop","item":"https:\/\/sticker-schilder.de\/?page_id=8"},{"@type":"ListItem","position":3,"name":"Schutzsch\u00fcrze tragen (Schilder, Aufkleber)"}]},{"@type":"WebSite","@id":"https:\/\/sticker-schilder.de\/#website","url":"https:\/\/sticker-schilder.de\/","name":"Sticker und Schilder","description":"auch zum selbst gestalten","potentialAction":[{"@type":"SearchAction","target":{"@type":"EntryPoint","urlTemplate":"https:\/\/sticker-schilder.de\/?s={search_term_string}"},"query-input":"required name=search_term_string"}],"inLanguage":"de"}]}},"_links":{"self":[{"href":"https:\/\/sticker-schilder.de\/index.php?rest_route=\/wp\/v2\/product\/17733","targetHints":{"allow":["GET"]}}],"collection":[{"href":"https:\/\/sticker-schilder.de\/index.php?rest_route=\/wp\/v2\/product"}],"about":[{"href":"https:\/\/sticker-schilder.de\/index.php?rest_route=\/wp\/v2\/types\/product"}],"replies":[{"embeddable":true,"href":"https:\/\/sticker-schilder.de\/index.php?rest_route=%2Fwp%2Fv2%2Fcomments&post=17733"}],"wp:featuredmedia":[{"embeddable":true,"href":"https:\/\/sticker-schilder.de\/index.php?rest_route=\/wp\/v2\/media\/18621"}],"wp:attachment":[{"href":"https:\/\/sticker-schilder.de\/index.php?rest_route=%2Fwp%2Fv2%2Fmedia&parent=17733"}],"wp:term":[{"taxonomy":"product_cat","embeddable":true,"href":"https:\/\/sticker-schilder.de\/index.php?rest_route=%2Fwp%2Fv2%2Fproduct_cat&post=17733"},{"taxonomy":"product_tag","embeddable":true,"href":"https:\/\/sticker-schilder.de\/index.php?rest_route=%2Fwp%2Fv2%2Fproduct_tag&post=17733"}],"curies":[{"name":"wp","href":"https:\/\/api.w.org\/{rel}","templated":true}]}}