{"id":17726,"date":"2023-02-27T13:34:01","date_gmt":"2023-02-27T12:34:01","guid":{"rendered":"https:\/\/sticker-schilder.de\/?post_type=product&#038;p=17726"},"modified":"2023-03-15T13:31:10","modified_gmt":"2023-03-15T12:31:10","slug":"schutz-installieren-schild-aufkleber","status":"publish","type":"product","link":"https:\/\/sticker-schilder.de\/?product=schutz-installieren-schild-aufkleber","title":{"rendered":"Schutz installieren Schild, Aufkleber"},"content":{"rendered":"<p><strong>Gebotsschild Schutz installieren<\/strong> Schild oder Aufkleber.<\/p>\n<p>Dient als Aufforderung\u00a0 einen Schutz zu installieren. Dies dient dem Gesundheitsschutz beim Umgang mit Schleifger\u00e4ten. Beispielsweise auf Baustellen oder in Werkst\u00e4tten.<\/p>\n<p>Da Schutz installieren Schild ist in der Regel an Arbeitspl\u00e4tzen vorgeschrieben, an denen mit z.B. Winkelschleifern gearbeitet wird.<\/p>\n<p>Weisen Sie damit die Mitarbeiter und Besucher auf Unfallverh\u00fctungsma\u00dfnahmen oder Arbeitsschutzvorschriften hin. So kommen Sie ihrer F\u00fcrsorgepflicht und Verkehrssicherungspflicht nach.<\/p>\n<p>Entsprechend Norm DIN EN ISO 7010 M027 f\u00fcr Gebotsschilder.<\/p>\n<p>&nbsp;<\/p>\n<p>Sie bekommen ein Schild mit wei\u00dfem Piktogramm auf blauem Grund.<\/p>\n<p>Wir stellen auf Anfrage auch Sondergr\u00f6\u00dfen her. Kontaktieren Sie uns hierf\u00fcr einfach.<\/p>\n<p>Zum Drucken verwenden wir umweltfreundliche Farben. Die Farben sind im GREENGUARD GOLD Standard zertifiziert. Kurze Lieferwege durch Produktion und Versand aus Deutschland.<\/p>\n","protected":false},"excerpt":{"rendered":"<p>Gebotsschild Schutz installieren Schild oder Aufkleber. Dient als Aufforderung\u00a0 einen Schutz zu installieren. Dies dient dem Gesundheitsschutz beim Umgang mit Schleifger\u00e4ten. Beispielsweise auf Baustellen oder in Werkst\u00e4tten. Da Schutz installieren Schild ist in der Regel an Arbeitspl\u00e4tzen vorgeschrieben, an denen mit z.B. Winkelschleifern gearbeitet wird. Weisen Sie damit die Mitarbeiter und Besucher auf Unfallverh\u00fctungsma\u00dfnahmen oder [&hellip;]<\/p>\n","protected":false},"featured_media":18640,"comment_status":"open","ping_status":"closed","template":"","meta":[],"product_cat":[118,195,196,85],"product_tag":[],"class_list":{"0":"post-17726","1":"product","2":"type-product","3":"status-publish","4":"has-post-thumbnail","6":"product_cat-schilder","7":"product_cat-normschilder","8":"product_cat-gebotsschilder","9":"product_cat-aufkleber","11":"first","12":"instock","13":"taxable","14":"shipping-taxable","15":"product-type-variable"},"yoast_head":"<!-- This site is optimized with the Yoast SEO plugin v20.1 - https:\/\/yoast.com\/wordpress\/plugins\/seo\/ -->\n<title>Schutz installieren Schild, Aufkleber - Sticker und Schilder<\/title>\n<meta name=\"description\" content=\"Schutz installieren Schild \u2705 Norm: ASR 1.3\/ISO 7010 M027 \u2705 Sicherheitskennzeichnung als Schild oder Aufkleber erh\u00e4ltlich\" \/>\n<meta name=\"robots\" content=\"index, follow, max-snippet:-1, max-image-preview:large, max-video-preview:-1\" \/>\n<link rel=\"canonical\" href=\"https:\/\/sticker-schilder.de\/?product=schutz-installieren-schild-aufkleber\" \/>\n<meta property=\"og:locale\" content=\"de_DE\" \/>\n<meta property=\"og:type\" content=\"article\" \/>\n<meta property=\"og:title\" content=\"Schutz installieren Schild, Aufkleber - Sticker und Schilder\" \/>\n<meta property=\"og:description\" content=\"Schutz installieren Schild \u2705 Norm: ASR 1.3\/ISO 7010 M027 \u2705 Sicherheitskennzeichnung als Schild oder Aufkleber erh\u00e4ltlich\" \/>\n<meta property=\"og:url\" content=\"https:\/\/sticker-schilder.de\/?product=schutz-installieren-schild-aufkleber\" \/>\n<meta property=\"og:site_name\" content=\"Sticker und Schilder\" \/>\n<meta property=\"article:modified_time\" content=\"2023-03-15T12:31:10+00:00\" \/>\n<meta property=\"og:image\" content=\"https:\/\/sticker-schilder.de\/wp-content\/uploads\/2023\/02\/Schutz-installieren-oder-ueberpruefen-scaled.jpg\" \/>\n\t<meta property=\"og:image:width\" content=\"2560\" \/>\n\t<meta property=\"og:image:height\" content=\"2560\" \/>\n\t<meta property=\"og:image:type\" content=\"image\/jpeg\" \/>\n<meta name=\"twitter:card\" content=\"summary_large_image\" \/>\n<meta name=\"twitter:label1\" content=\"Gesch\u00e4tzte Lesezeit\" \/>\n\t<meta name=\"twitter:data1\" content=\"1\u00a0Minute\" \/>\n<script type=\"application\/ld+json\" class=\"yoast-schema-graph\">{\"@context\":\"https:\/\/schema.org\",\"@graph\":[{\"@type\":\"WebPage\",\"@id\":\"https:\/\/sticker-schilder.de\/?product=schutz-installieren-schild-aufkleber\",\"url\":\"https:\/\/sticker-schilder.de\/?product=schutz-installieren-schild-aufkleber\",\"name\":\"Schutz installieren Schild, Aufkleber - Sticker und Schilder\",\"isPartOf\":{\"@id\":\"https:\/\/sticker-schilder.de\/#website\"},\"datePublished\":\"2023-02-27T12:34:01+00:00\",\"dateModified\":\"2023-03-15T12:31:10+00:00\",\"description\":\"Schutz installieren Schild \u2705 Norm: ASR 1.3\/ISO 7010 M027 \u2705 Sicherheitskennzeichnung als Schild oder Aufkleber erh\u00e4ltlich\",\"breadcrumb\":{\"@id\":\"https:\/\/sticker-schilder.de\/?product=schutz-installieren-schild-aufkleber#breadcrumb\"},\"inLanguage\":\"de\",\"potentialAction\":[{\"@type\":\"ReadAction\",\"target\":[\"https:\/\/sticker-schilder.de\/?product=schutz-installieren-schild-aufkleber\"]}]},{\"@type\":\"BreadcrumbList\",\"@id\":\"https:\/\/sticker-schilder.de\/?product=schutz-installieren-schild-aufkleber#breadcrumb\",\"itemListElement\":[{\"@type\":\"ListItem\",\"position\":1,\"name\":\"Startseite\",\"item\":\"https:\/\/sticker-schilder.de\/\"},{\"@type\":\"ListItem\",\"position\":2,\"name\":\"Shop\",\"item\":\"https:\/\/sticker-schilder.de\/?page_id=8\"},{\"@type\":\"ListItem\",\"position\":3,\"name\":\"Schutz installieren Schild, Aufkleber\"}]},{\"@type\":\"WebSite\",\"@id\":\"https:\/\/sticker-schilder.de\/#website\",\"url\":\"https:\/\/sticker-schilder.de\/\",\"name\":\"Sticker und Schilder\",\"description\":\"auch zum selbst gestalten\",\"potentialAction\":[{\"@type\":\"SearchAction\",\"target\":{\"@type\":\"EntryPoint\",\"urlTemplate\":\"https:\/\/sticker-schilder.de\/?s={search_term_string}\"},\"query-input\":\"required name=search_term_string\"}],\"inLanguage\":\"de\"}]}<\/script>\n<!-- \/ Yoast SEO plugin. -->","yoast_head_json":{"title":"Schutz installieren Schild, Aufkleber - Sticker und Schilder","description":"Schutz installieren Schild \u2705 Norm: ASR 1.3\/ISO 7010 M027 \u2705 Sicherheitskennzeichnung als Schild oder Aufkleber erh\u00e4ltlich","robots":{"index":"index","follow":"follow","max-snippet":"max-snippet:-1","max-image-preview":"max-image-preview:large","max-video-preview":"max-video-preview:-1"},"canonical":"https:\/\/sticker-schilder.de\/?product=schutz-installieren-schild-aufkleber","og_locale":"de_DE","og_type":"article","og_title":"Schutz installieren Schild, Aufkleber - Sticker und Schilder","og_description":"Schutz installieren Schild \u2705 Norm: ASR 1.3\/ISO 7010 M027 \u2705 Sicherheitskennzeichnung als Schild oder Aufkleber erh\u00e4ltlich","og_url":"https:\/\/sticker-schilder.de\/?product=schutz-installieren-schild-aufkleber","og_site_name":"Sticker und Schilder","article_modified_time":"2023-03-15T12:31:10+00:00","og_image":[{"width":2560,"height":2560,"url":"https:\/\/sticker-schilder.de\/wp-content\/uploads\/2023\/02\/Schutz-installieren-oder-ueberpruefen-scaled.jpg","type":"image\/jpeg"}],"twitter_card":"summary_large_image","twitter_misc":{"Gesch\u00e4tzte Lesezeit":"1\u00a0Minute"},"schema":{"@context":"https:\/\/schema.org","@graph":[{"@type":"WebPage","@id":"https:\/\/sticker-schilder.de\/?product=schutz-installieren-schild-aufkleber","url":"https:\/\/sticker-schilder.de\/?product=schutz-installieren-schild-aufkleber","name":"Schutz installieren Schild, Aufkleber - Sticker und Schilder","isPartOf":{"@id":"https:\/\/sticker-schilder.de\/#website"},"datePublished":"2023-02-27T12:34:01+00:00","dateModified":"2023-03-15T12:31:10+00:00","description":"Schutz installieren Schild \u2705 Norm: ASR 1.3\/ISO 7010 M027 \u2705 Sicherheitskennzeichnung als Schild oder Aufkleber erh\u00e4ltlich","breadcrumb":{"@id":"https:\/\/sticker-schilder.de\/?product=schutz-installieren-schild-aufkleber#breadcrumb"},"inLanguage":"de","potentialAction":[{"@type":"ReadAction","target":["https:\/\/sticker-schilder.de\/?product=schutz-installieren-schild-aufkleber"]}]},{"@type":"BreadcrumbList","@id":"https:\/\/sticker-schilder.de\/?product=schutz-installieren-schild-aufkleber#breadcrumb","itemListElement":[{"@type":"ListItem","position":1,"name":"Startseite","item":"https:\/\/sticker-schilder.de\/"},{"@type":"ListItem","position":2,"name":"Shop","item":"https:\/\/sticker-schilder.de\/?page_id=8"},{"@type":"ListItem","position":3,"name":"Schutz installieren Schild, Aufkleber"}]},{"@type":"WebSite","@id":"https:\/\/sticker-schilder.de\/#website","url":"https:\/\/sticker-schilder.de\/","name":"Sticker und Schilder","description":"auch zum selbst gestalten","potentialAction":[{"@type":"SearchAction","target":{"@type":"EntryPoint","urlTemplate":"https:\/\/sticker-schilder.de\/?s={search_term_string}"},"query-input":"required name=search_term_string"}],"inLanguage":"de"}]}},"_links":{"self":[{"href":"https:\/\/sticker-schilder.de\/index.php?rest_route=\/wp\/v2\/product\/17726","targetHints":{"allow":["GET"]}}],"collection":[{"href":"https:\/\/sticker-schilder.de\/index.php?rest_route=\/wp\/v2\/product"}],"about":[{"href":"https:\/\/sticker-schilder.de\/index.php?rest_route=\/wp\/v2\/types\/product"}],"replies":[{"embeddable":true,"href":"https:\/\/sticker-schilder.de\/index.php?rest_route=%2Fwp%2Fv2%2Fcomments&post=17726"}],"wp:featuredmedia":[{"embeddable":true,"href":"https:\/\/sticker-schilder.de\/index.php?rest_route=\/wp\/v2\/media\/18640"}],"wp:attachment":[{"href":"https:\/\/sticker-schilder.de\/index.php?rest_route=%2Fwp%2Fv2%2Fmedia&parent=17726"}],"wp:term":[{"taxonomy":"product_cat","embeddable":true,"href":"https:\/\/sticker-schilder.de\/index.php?rest_route=%2Fwp%2Fv2%2Fproduct_cat&post=17726"},{"taxonomy":"product_tag","embeddable":true,"href":"https:\/\/sticker-schilder.de\/index.php?rest_route=%2Fwp%2Fv2%2Fproduct_tag&post=17726"}],"curies":[{"name":"wp","href":"https:\/\/api.w.org\/{rel}","templated":true}]}}