{"id":17722,"date":"2023-02-27T13:17:07","date_gmt":"2023-02-27T12:17:07","guid":{"rendered":"https:\/\/sticker-schilder.de\/?post_type=product&#038;p=17722"},"modified":"2023-03-15T14:41:55","modified_gmt":"2023-03-15T13:41:55","slug":"abfallbehaelter-benutzen-schild-aufkleber","status":"publish","type":"product","link":"https:\/\/sticker-schilder.de\/?product=abfallbehaelter-benutzen-schild-aufkleber","title":{"rendered":"Abfallbeh\u00e4lter benutzen Schild, Aufkleber"},"content":{"rendered":"<p><strong>Gebotsschild Abfallbeh\u00e4lter benutzen<\/strong> Schild oder Aufkleber.<\/p>\n<p>Dieses Gebotszeichen soll die Sauberkeit und Sicherheit\u00a0 erh\u00f6hen.<\/p>\n<p>Das Abfallbeh\u00e4lter benutzen Schild wird oft an M\u00fclltonnen angebracht. Auch dient es als allgemeiner Hinweis.<\/p>\n<p>Direkte Abfallentsorgung wird z.B. in Hygienebereichen als besonders notwendig angesehen.<\/p>\n<p>Weisen Sie damit die Mitarbeiter und Besucher auf Unfallverh\u00fctungsma\u00dfnahmen hin. So kommen Sie ihrer F\u00fcrsorgepflicht und Verkehrssicherungspflicht nach.<\/p>\n<p>Entsprechend Norm DIN EN ISO 7010 M030 f\u00fcr Gebotsschilder.<\/p>\n<p>Sie bekommen ein Schild mit wei\u00dfem Piktogramm auf blauem Grund.<\/p>\n<p>Wir stellen auf Anfrage auch Sondergr\u00f6\u00dfen her. Kontaktieren Sie uns hierf\u00fcr einfach.<\/p>\n<p>Zum Drucken verwenden wir umweltfreundliche Farben. Die Farben sind im GREENGUARD GOLD Standard zertifiziert. Kurze Lieferwege durch Produktion und Versand aus Deutschland.<\/p>\n","protected":false},"excerpt":{"rendered":"<p>Gebotsschild Abfallbeh\u00e4lter benutzen Schild oder Aufkleber. Dieses Gebotszeichen soll die Sauberkeit und Sicherheit\u00a0 erh\u00f6hen. Das Abfallbeh\u00e4lter benutzen Schild wird oft an M\u00fclltonnen angebracht. Auch dient es als allgemeiner Hinweis. Direkte Abfallentsorgung wird z.B. in Hygienebereichen als besonders notwendig angesehen. Weisen Sie damit die Mitarbeiter und Besucher auf Unfallverh\u00fctungsma\u00dfnahmen hin. So kommen Sie ihrer F\u00fcrsorgepflicht und [&hellip;]<\/p>\n","protected":false},"featured_media":0,"comment_status":"open","ping_status":"closed","template":"","meta":[],"product_cat":[118,195,196,85],"product_tag":[],"class_list":{"0":"post-17722","1":"product","2":"type-product","3":"status-publish","5":"product_cat-schilder","6":"product_cat-normschilder","7":"product_cat-gebotsschilder","8":"product_cat-aufkleber","10":"first","11":"instock","12":"taxable","13":"shipping-taxable","14":"product-type-variable"},"yoast_head":"<!-- This site is optimized with the Yoast SEO plugin v20.1 - https:\/\/yoast.com\/wordpress\/plugins\/seo\/ -->\n<title>Abfallbeh\u00e4lter benutzen Schild, Aufkleber - Sticker und Schilder<\/title>\n<meta name=\"description\" content=\"Abfallbeh\u00e4lter benutzen Schild \u2705 Norm: ASR 1.3\/ISO 7010 M030\u2705 Sicherheitskennzeichnung als Schild oder Aufkleber erh\u00e4ltlich\" \/>\n<meta name=\"robots\" content=\"index, follow, max-snippet:-1, max-image-preview:large, max-video-preview:-1\" \/>\n<link rel=\"canonical\" href=\"https:\/\/sticker-schilder.de\/?product=abfallbehaelter-benutzen-schild-aufkleber\" \/>\n<meta property=\"og:locale\" content=\"de_DE\" \/>\n<meta property=\"og:type\" content=\"article\" \/>\n<meta property=\"og:title\" content=\"Abfallbeh\u00e4lter benutzen Schild, Aufkleber - Sticker und Schilder\" \/>\n<meta property=\"og:description\" content=\"Abfallbeh\u00e4lter benutzen Schild \u2705 Norm: ASR 1.3\/ISO 7010 M030\u2705 Sicherheitskennzeichnung als Schild oder Aufkleber erh\u00e4ltlich\" \/>\n<meta property=\"og:url\" content=\"https:\/\/sticker-schilder.de\/?product=abfallbehaelter-benutzen-schild-aufkleber\" \/>\n<meta property=\"og:site_name\" content=\"Sticker und Schilder\" \/>\n<meta property=\"article:modified_time\" content=\"2023-03-15T13:41:55+00:00\" \/>\n<meta name=\"twitter:card\" content=\"summary_large_image\" \/>\n<meta name=\"twitter:label1\" content=\"Gesch\u00e4tzte Lesezeit\" \/>\n\t<meta name=\"twitter:data1\" content=\"1\u00a0Minute\" \/>\n<script type=\"application\/ld+json\" class=\"yoast-schema-graph\">{\"@context\":\"https:\/\/schema.org\",\"@graph\":[{\"@type\":\"WebPage\",\"@id\":\"https:\/\/sticker-schilder.de\/?product=abfallbehaelter-benutzen-schild-aufkleber\",\"url\":\"https:\/\/sticker-schilder.de\/?product=abfallbehaelter-benutzen-schild-aufkleber\",\"name\":\"Abfallbeh\u00e4lter benutzen Schild, Aufkleber - Sticker und Schilder\",\"isPartOf\":{\"@id\":\"https:\/\/sticker-schilder.de\/#website\"},\"datePublished\":\"2023-02-27T12:17:07+00:00\",\"dateModified\":\"2023-03-15T13:41:55+00:00\",\"description\":\"Abfallbeh\u00e4lter benutzen Schild \u2705 Norm: ASR 1.3\/ISO 7010 M030\u2705 Sicherheitskennzeichnung als Schild oder Aufkleber erh\u00e4ltlich\",\"breadcrumb\":{\"@id\":\"https:\/\/sticker-schilder.de\/?product=abfallbehaelter-benutzen-schild-aufkleber#breadcrumb\"},\"inLanguage\":\"de\",\"potentialAction\":[{\"@type\":\"ReadAction\",\"target\":[\"https:\/\/sticker-schilder.de\/?product=abfallbehaelter-benutzen-schild-aufkleber\"]}]},{\"@type\":\"BreadcrumbList\",\"@id\":\"https:\/\/sticker-schilder.de\/?product=abfallbehaelter-benutzen-schild-aufkleber#breadcrumb\",\"itemListElement\":[{\"@type\":\"ListItem\",\"position\":1,\"name\":\"Startseite\",\"item\":\"https:\/\/sticker-schilder.de\/\"},{\"@type\":\"ListItem\",\"position\":2,\"name\":\"Shop\",\"item\":\"https:\/\/sticker-schilder.de\/?page_id=8\"},{\"@type\":\"ListItem\",\"position\":3,\"name\":\"Abfallbeh\u00e4lter benutzen Schild, Aufkleber\"}]},{\"@type\":\"WebSite\",\"@id\":\"https:\/\/sticker-schilder.de\/#website\",\"url\":\"https:\/\/sticker-schilder.de\/\",\"name\":\"Sticker und Schilder\",\"description\":\"auch zum selbst gestalten\",\"potentialAction\":[{\"@type\":\"SearchAction\",\"target\":{\"@type\":\"EntryPoint\",\"urlTemplate\":\"https:\/\/sticker-schilder.de\/?s={search_term_string}\"},\"query-input\":\"required name=search_term_string\"}],\"inLanguage\":\"de\"}]}<\/script>\n<!-- \/ Yoast SEO plugin. -->","yoast_head_json":{"title":"Abfallbeh\u00e4lter benutzen Schild, Aufkleber - Sticker und Schilder","description":"Abfallbeh\u00e4lter benutzen Schild \u2705 Norm: ASR 1.3\/ISO 7010 M030\u2705 Sicherheitskennzeichnung als Schild oder Aufkleber erh\u00e4ltlich","robots":{"index":"index","follow":"follow","max-snippet":"max-snippet:-1","max-image-preview":"max-image-preview:large","max-video-preview":"max-video-preview:-1"},"canonical":"https:\/\/sticker-schilder.de\/?product=abfallbehaelter-benutzen-schild-aufkleber","og_locale":"de_DE","og_type":"article","og_title":"Abfallbeh\u00e4lter benutzen Schild, Aufkleber - Sticker und Schilder","og_description":"Abfallbeh\u00e4lter benutzen Schild \u2705 Norm: ASR 1.3\/ISO 7010 M030\u2705 Sicherheitskennzeichnung als Schild oder Aufkleber erh\u00e4ltlich","og_url":"https:\/\/sticker-schilder.de\/?product=abfallbehaelter-benutzen-schild-aufkleber","og_site_name":"Sticker und Schilder","article_modified_time":"2023-03-15T13:41:55+00:00","twitter_card":"summary_large_image","twitter_misc":{"Gesch\u00e4tzte Lesezeit":"1\u00a0Minute"},"schema":{"@context":"https:\/\/schema.org","@graph":[{"@type":"WebPage","@id":"https:\/\/sticker-schilder.de\/?product=abfallbehaelter-benutzen-schild-aufkleber","url":"https:\/\/sticker-schilder.de\/?product=abfallbehaelter-benutzen-schild-aufkleber","name":"Abfallbeh\u00e4lter benutzen Schild, Aufkleber - Sticker und Schilder","isPartOf":{"@id":"https:\/\/sticker-schilder.de\/#website"},"datePublished":"2023-02-27T12:17:07+00:00","dateModified":"2023-03-15T13:41:55+00:00","description":"Abfallbeh\u00e4lter benutzen Schild \u2705 Norm: ASR 1.3\/ISO 7010 M030\u2705 Sicherheitskennzeichnung als Schild oder Aufkleber erh\u00e4ltlich","breadcrumb":{"@id":"https:\/\/sticker-schilder.de\/?product=abfallbehaelter-benutzen-schild-aufkleber#breadcrumb"},"inLanguage":"de","potentialAction":[{"@type":"ReadAction","target":["https:\/\/sticker-schilder.de\/?product=abfallbehaelter-benutzen-schild-aufkleber"]}]},{"@type":"BreadcrumbList","@id":"https:\/\/sticker-schilder.de\/?product=abfallbehaelter-benutzen-schild-aufkleber#breadcrumb","itemListElement":[{"@type":"ListItem","position":1,"name":"Startseite","item":"https:\/\/sticker-schilder.de\/"},{"@type":"ListItem","position":2,"name":"Shop","item":"https:\/\/sticker-schilder.de\/?page_id=8"},{"@type":"ListItem","position":3,"name":"Abfallbeh\u00e4lter benutzen Schild, Aufkleber"}]},{"@type":"WebSite","@id":"https:\/\/sticker-schilder.de\/#website","url":"https:\/\/sticker-schilder.de\/","name":"Sticker und Schilder","description":"auch zum selbst gestalten","potentialAction":[{"@type":"SearchAction","target":{"@type":"EntryPoint","urlTemplate":"https:\/\/sticker-schilder.de\/?s={search_term_string}"},"query-input":"required name=search_term_string"}],"inLanguage":"de"}]}},"_links":{"self":[{"href":"https:\/\/sticker-schilder.de\/index.php?rest_route=\/wp\/v2\/product\/17722","targetHints":{"allow":["GET"]}}],"collection":[{"href":"https:\/\/sticker-schilder.de\/index.php?rest_route=\/wp\/v2\/product"}],"about":[{"href":"https:\/\/sticker-schilder.de\/index.php?rest_route=\/wp\/v2\/types\/product"}],"replies":[{"embeddable":true,"href":"https:\/\/sticker-schilder.de\/index.php?rest_route=%2Fwp%2Fv2%2Fcomments&post=17722"}],"wp:attachment":[{"href":"https:\/\/sticker-schilder.de\/index.php?rest_route=%2Fwp%2Fv2%2Fmedia&parent=17722"}],"wp:term":[{"taxonomy":"product_cat","embeddable":true,"href":"https:\/\/sticker-schilder.de\/index.php?rest_route=%2Fwp%2Fv2%2Fproduct_cat&post=17722"},{"taxonomy":"product_tag","embeddable":true,"href":"https:\/\/sticker-schilder.de\/index.php?rest_route=%2Fwp%2Fv2%2Fproduct_tag&post=17722"}],"curies":[{"name":"wp","href":"https:\/\/api.w.org\/{rel}","templated":true}]}}