{"id":17720,"date":"2023-02-27T13:09:05","date_gmt":"2023-02-27T12:09:05","guid":{"rendered":"https:\/\/sticker-schilder.de\/?post_type=product&#038;p=17720"},"modified":"2023-03-15T14:52:25","modified_gmt":"2023-03-15T13:52:25","slug":"vor-wartung-und-reparatur-freischalten-schild-aufkleber","status":"publish","type":"product","link":"https:\/\/sticker-schilder.de\/?product=vor-wartung-und-reparatur-freischalten-schild-aufkleber","title":{"rendered":"Vor Wartung und Reparatur freischalten Schild, Aufkleber"},"content":{"rendered":"<p><strong>Gebotsschild\u00a0Vor Wartung und Reparatur freischalten<\/strong> Schild oder Aufkleber.<\/p>\n<p>Dieses Gebotszeichen soll die Sicherheit an Arbeitspl\u00e4tzen erh\u00f6hen.\u00a0 Besonders wenn eine Gefahr nicht ohne weiteres erkennbar ist, sind Gebotsschilder hilfreich. Beispielsweise auf Baustellen oder in\u00a0 verdeckten Gefahrenbereiche.<\/p>\n<p>Das Vor Wartung und Reparatur freischalten Schild wird oft bei Elektro arbeiten vorgeschrieben.<\/p>\n<p>Weisen Sie damit die Mitarbeiter und Besucher auf Unfallverh\u00fctungsma\u00dfnahmen hin. So kommen Sie ihrer F\u00fcrsorgepflicht und Verkehrssicherungspflicht nach.<\/p>\n<p>Entsprechend Norm DIN EN ISO 7010 M021 f\u00fcr Gebotsschilder.<\/p>\n<p>Sie bekommen ein Schild mit wei\u00dfem Piktogramm auf blauem Grund.<\/p>\n<p>Wir stellen auf Anfrage auch Sondergr\u00f6\u00dfen her. Kontaktieren Sie uns hierf\u00fcr einfach.<\/p>\n<p>Zum Drucken verwenden wir umweltfreundliche Farben. Die Farben sind im GREENGUARD GOLD Standard zertifiziert. Kurze Lieferwege durch Produktion und Versand aus Deutschland.<\/p>\n","protected":false},"excerpt":{"rendered":"<p>Gebotsschild\u00a0Vor Wartung und Reparatur freischalten Schild oder Aufkleber. Dieses Gebotszeichen soll die Sicherheit an Arbeitspl\u00e4tzen erh\u00f6hen.\u00a0 Besonders wenn eine Gefahr nicht ohne weiteres erkennbar ist, sind Gebotsschilder hilfreich. Beispielsweise auf Baustellen oder in\u00a0 verdeckten Gefahrenbereiche. Das Vor Wartung und Reparatur freischalten Schild wird oft bei Elektro arbeiten vorgeschrieben. Weisen Sie damit die Mitarbeiter und Besucher [&hellip;]<\/p>\n","protected":false},"featured_media":18676,"comment_status":"open","ping_status":"closed","template":"","meta":[],"product_cat":[118,195,196,85],"product_tag":[],"class_list":{"0":"post-17720","1":"product","2":"type-product","3":"status-publish","4":"has-post-thumbnail","6":"product_cat-schilder","7":"product_cat-normschilder","8":"product_cat-gebotsschilder","9":"product_cat-aufkleber","11":"first","12":"instock","13":"taxable","14":"shipping-taxable","15":"product-type-variable"},"yoast_head":"<!-- This site is optimized with the Yoast SEO plugin v20.1 - https:\/\/yoast.com\/wordpress\/plugins\/seo\/ -->\n<title>Vor Wartung und Reparatur freischalten Schild, Aufkleber - Sticker und Schilder<\/title>\n<meta name=\"description\" content=\"Vor Wartung und Reparatur freischalten Schild \u2705 Norm: ASR 1.3\/ISO 7010 M021\u2705 Sicherheitskennzeichnung als Schild oder Aufkleber erh\u00e4ltlich\" \/>\n<meta name=\"robots\" content=\"index, follow, max-snippet:-1, max-image-preview:large, max-video-preview:-1\" \/>\n<link rel=\"canonical\" href=\"https:\/\/sticker-schilder.de\/?product=vor-wartung-und-reparatur-freischalten-schild-aufkleber\" \/>\n<meta property=\"og:locale\" content=\"de_DE\" \/>\n<meta property=\"og:type\" content=\"article\" \/>\n<meta property=\"og:title\" content=\"Vor Wartung und Reparatur freischalten Schild, Aufkleber - Sticker und Schilder\" \/>\n<meta property=\"og:description\" content=\"Vor Wartung und Reparatur freischalten Schild \u2705 Norm: ASR 1.3\/ISO 7010 M021\u2705 Sicherheitskennzeichnung als Schild oder Aufkleber erh\u00e4ltlich\" \/>\n<meta property=\"og:url\" content=\"https:\/\/sticker-schilder.de\/?product=vor-wartung-und-reparatur-freischalten-schild-aufkleber\" \/>\n<meta property=\"og:site_name\" content=\"Sticker und Schilder\" \/>\n<meta property=\"article:modified_time\" content=\"2023-03-15T13:52:25+00:00\" \/>\n<meta property=\"og:image\" content=\"https:\/\/sticker-schilder.de\/wp-content\/uploads\/2023\/02\/Vor-Wartung-und-Reperatur-freischalten-scaled.jpg\" \/>\n\t<meta property=\"og:image:width\" content=\"2560\" \/>\n\t<meta property=\"og:image:height\" content=\"2560\" \/>\n\t<meta property=\"og:image:type\" content=\"image\/jpeg\" \/>\n<meta name=\"twitter:card\" content=\"summary_large_image\" \/>\n<meta name=\"twitter:label1\" content=\"Gesch\u00e4tzte Lesezeit\" \/>\n\t<meta name=\"twitter:data1\" content=\"1\u00a0Minute\" \/>\n<script type=\"application\/ld+json\" class=\"yoast-schema-graph\">{\"@context\":\"https:\/\/schema.org\",\"@graph\":[{\"@type\":\"WebPage\",\"@id\":\"https:\/\/sticker-schilder.de\/?product=vor-wartung-und-reparatur-freischalten-schild-aufkleber\",\"url\":\"https:\/\/sticker-schilder.de\/?product=vor-wartung-und-reparatur-freischalten-schild-aufkleber\",\"name\":\"Vor Wartung und Reparatur freischalten Schild, Aufkleber - Sticker und Schilder\",\"isPartOf\":{\"@id\":\"https:\/\/sticker-schilder.de\/#website\"},\"datePublished\":\"2023-02-27T12:09:05+00:00\",\"dateModified\":\"2023-03-15T13:52:25+00:00\",\"description\":\"Vor Wartung und Reparatur freischalten Schild \u2705 Norm: ASR 1.3\/ISO 7010 M021\u2705 Sicherheitskennzeichnung als Schild oder Aufkleber erh\u00e4ltlich\",\"breadcrumb\":{\"@id\":\"https:\/\/sticker-schilder.de\/?product=vor-wartung-und-reparatur-freischalten-schild-aufkleber#breadcrumb\"},\"inLanguage\":\"de\",\"potentialAction\":[{\"@type\":\"ReadAction\",\"target\":[\"https:\/\/sticker-schilder.de\/?product=vor-wartung-und-reparatur-freischalten-schild-aufkleber\"]}]},{\"@type\":\"BreadcrumbList\",\"@id\":\"https:\/\/sticker-schilder.de\/?product=vor-wartung-und-reparatur-freischalten-schild-aufkleber#breadcrumb\",\"itemListElement\":[{\"@type\":\"ListItem\",\"position\":1,\"name\":\"Startseite\",\"item\":\"https:\/\/sticker-schilder.de\/\"},{\"@type\":\"ListItem\",\"position\":2,\"name\":\"Shop\",\"item\":\"https:\/\/sticker-schilder.de\/?page_id=8\"},{\"@type\":\"ListItem\",\"position\":3,\"name\":\"Vor Wartung und Reparatur freischalten Schild, Aufkleber\"}]},{\"@type\":\"WebSite\",\"@id\":\"https:\/\/sticker-schilder.de\/#website\",\"url\":\"https:\/\/sticker-schilder.de\/\",\"name\":\"Sticker und Schilder\",\"description\":\"auch zum selbst gestalten\",\"potentialAction\":[{\"@type\":\"SearchAction\",\"target\":{\"@type\":\"EntryPoint\",\"urlTemplate\":\"https:\/\/sticker-schilder.de\/?s={search_term_string}\"},\"query-input\":\"required name=search_term_string\"}],\"inLanguage\":\"de\"}]}<\/script>\n<!-- \/ Yoast SEO plugin. -->","yoast_head_json":{"title":"Vor Wartung und Reparatur freischalten Schild, Aufkleber - Sticker und Schilder","description":"Vor Wartung und Reparatur freischalten Schild \u2705 Norm: ASR 1.3\/ISO 7010 M021\u2705 Sicherheitskennzeichnung als Schild oder Aufkleber erh\u00e4ltlich","robots":{"index":"index","follow":"follow","max-snippet":"max-snippet:-1","max-image-preview":"max-image-preview:large","max-video-preview":"max-video-preview:-1"},"canonical":"https:\/\/sticker-schilder.de\/?product=vor-wartung-und-reparatur-freischalten-schild-aufkleber","og_locale":"de_DE","og_type":"article","og_title":"Vor Wartung und Reparatur freischalten Schild, Aufkleber - Sticker und Schilder","og_description":"Vor Wartung und Reparatur freischalten Schild \u2705 Norm: ASR 1.3\/ISO 7010 M021\u2705 Sicherheitskennzeichnung als Schild oder Aufkleber erh\u00e4ltlich","og_url":"https:\/\/sticker-schilder.de\/?product=vor-wartung-und-reparatur-freischalten-schild-aufkleber","og_site_name":"Sticker und Schilder","article_modified_time":"2023-03-15T13:52:25+00:00","og_image":[{"width":2560,"height":2560,"url":"https:\/\/sticker-schilder.de\/wp-content\/uploads\/2023\/02\/Vor-Wartung-und-Reperatur-freischalten-scaled.jpg","type":"image\/jpeg"}],"twitter_card":"summary_large_image","twitter_misc":{"Gesch\u00e4tzte Lesezeit":"1\u00a0Minute"},"schema":{"@context":"https:\/\/schema.org","@graph":[{"@type":"WebPage","@id":"https:\/\/sticker-schilder.de\/?product=vor-wartung-und-reparatur-freischalten-schild-aufkleber","url":"https:\/\/sticker-schilder.de\/?product=vor-wartung-und-reparatur-freischalten-schild-aufkleber","name":"Vor Wartung und Reparatur freischalten Schild, Aufkleber - Sticker und Schilder","isPartOf":{"@id":"https:\/\/sticker-schilder.de\/#website"},"datePublished":"2023-02-27T12:09:05+00:00","dateModified":"2023-03-15T13:52:25+00:00","description":"Vor Wartung und Reparatur freischalten Schild \u2705 Norm: ASR 1.3\/ISO 7010 M021\u2705 Sicherheitskennzeichnung als Schild oder Aufkleber erh\u00e4ltlich","breadcrumb":{"@id":"https:\/\/sticker-schilder.de\/?product=vor-wartung-und-reparatur-freischalten-schild-aufkleber#breadcrumb"},"inLanguage":"de","potentialAction":[{"@type":"ReadAction","target":["https:\/\/sticker-schilder.de\/?product=vor-wartung-und-reparatur-freischalten-schild-aufkleber"]}]},{"@type":"BreadcrumbList","@id":"https:\/\/sticker-schilder.de\/?product=vor-wartung-und-reparatur-freischalten-schild-aufkleber#breadcrumb","itemListElement":[{"@type":"ListItem","position":1,"name":"Startseite","item":"https:\/\/sticker-schilder.de\/"},{"@type":"ListItem","position":2,"name":"Shop","item":"https:\/\/sticker-schilder.de\/?page_id=8"},{"@type":"ListItem","position":3,"name":"Vor Wartung und Reparatur freischalten Schild, Aufkleber"}]},{"@type":"WebSite","@id":"https:\/\/sticker-schilder.de\/#website","url":"https:\/\/sticker-schilder.de\/","name":"Sticker und Schilder","description":"auch zum selbst gestalten","potentialAction":[{"@type":"SearchAction","target":{"@type":"EntryPoint","urlTemplate":"https:\/\/sticker-schilder.de\/?s={search_term_string}"},"query-input":"required name=search_term_string"}],"inLanguage":"de"}]}},"_links":{"self":[{"href":"https:\/\/sticker-schilder.de\/index.php?rest_route=\/wp\/v2\/product\/17720","targetHints":{"allow":["GET"]}}],"collection":[{"href":"https:\/\/sticker-schilder.de\/index.php?rest_route=\/wp\/v2\/product"}],"about":[{"href":"https:\/\/sticker-schilder.de\/index.php?rest_route=\/wp\/v2\/types\/product"}],"replies":[{"embeddable":true,"href":"https:\/\/sticker-schilder.de\/index.php?rest_route=%2Fwp%2Fv2%2Fcomments&post=17720"}],"wp:featuredmedia":[{"embeddable":true,"href":"https:\/\/sticker-schilder.de\/index.php?rest_route=\/wp\/v2\/media\/18676"}],"wp:attachment":[{"href":"https:\/\/sticker-schilder.de\/index.php?rest_route=%2Fwp%2Fv2%2Fmedia&parent=17720"}],"wp:term":[{"taxonomy":"product_cat","embeddable":true,"href":"https:\/\/sticker-schilder.de\/index.php?rest_route=%2Fwp%2Fv2%2Fproduct_cat&post=17720"},{"taxonomy":"product_tag","embeddable":true,"href":"https:\/\/sticker-schilder.de\/index.php?rest_route=%2Fwp%2Fv2%2Fproduct_tag&post=17720"}],"curies":[{"name":"wp","href":"https:\/\/api.w.org\/{rel}","templated":true}]}}