{"id":17709,"date":"2023-02-27T09:35:35","date_gmt":"2023-02-27T08:35:35","guid":{"rendered":"https:\/\/sticker-schilder.de\/?post_type=product&#038;p=17709"},"modified":"2023-03-16T07:39:50","modified_gmt":"2023-03-16T06:39:50","slug":"helm-benutzen-schild-aufkleber","status":"publish","type":"product","link":"https:\/\/sticker-schilder.de\/?product=helm-benutzen-schild-aufkleber","title":{"rendered":"Helm benutzen Schild, Aufkleber"},"content":{"rendered":"<p>Gebotsschild Helm benutzen Schild oder Aufkleber.<\/p>\n<p>Dient als Aufforderung Helm zu tragen. Beispielsweise auf Baustellen oder in Gefahrenbereiche.<\/p>\n<p>Entsprechend Norm DIN EN ISO 7010 M005 f\u00fcr Gebotsschilder.<\/p>\n<p>Sie bekommen ein Schild mit wei\u00dfem Piktogramm auf blauem Grund.<\/p>\n<p>Wir stellen auf Anfrage auch Sondergr\u00f6\u00dfen her. Kontaktieren Sie uns hierf\u00fcr einfach.<\/p>\n<p>Zum Drucken verwenden wir umweltfreundliche Farben. Die Farben sind im GREENGUARD GOLD Standard zertifiziert. Kurze Lieferwege durch Produktion und Versand aus Deutschland.<\/p>\n","protected":false},"excerpt":{"rendered":"<p>Gebotsschild Helm benutzen Schild oder Aufkleber. Dient als Aufforderung Helm zu tragen. Beispielsweise auf Baustellen oder in Gefahrenbereiche. Entsprechend Norm DIN EN ISO 7010 M005 f\u00fcr Gebotsschilder. Sie bekommen ein Schild mit wei\u00dfem Piktogramm auf blauem Grund. Wir stellen auf Anfrage auch Sondergr\u00f6\u00dfen her. Kontaktieren Sie uns hierf\u00fcr einfach. Zum Drucken verwenden wir umweltfreundliche Farben. [&hellip;]<\/p>\n","protected":false},"featured_media":18716,"comment_status":"open","ping_status":"closed","template":"","meta":[],"product_cat":[118,195,196,85],"product_tag":[],"class_list":{"0":"post-17709","1":"product","2":"type-product","3":"status-publish","4":"has-post-thumbnail","6":"product_cat-schilder","7":"product_cat-normschilder","8":"product_cat-gebotsschilder","9":"product_cat-aufkleber","11":"first","12":"instock","13":"taxable","14":"shipping-taxable","15":"product-type-variable"},"yoast_head":"<!-- This site is optimized with the Yoast SEO plugin v20.1 - https:\/\/yoast.com\/wordpress\/plugins\/seo\/ -->\n<title>Helm benutzen Schild, Aufkleber - Sticker und Schilder<\/title>\n<meta name=\"description\" content=\"Helm benutzen Schild \u2705 Norm: ASR 1.3\/ISO 7010 M005 \u2705 Sicherheitskennzeichnung als Schild oder Aufkleber erh\u00e4ltlich Verschiedene Varianten\" \/>\n<meta name=\"robots\" content=\"index, follow, max-snippet:-1, max-image-preview:large, max-video-preview:-1\" \/>\n<link rel=\"canonical\" href=\"https:\/\/sticker-schilder.de\/?product=helm-benutzen-schild-aufkleber\" \/>\n<meta property=\"og:locale\" content=\"de_DE\" \/>\n<meta property=\"og:type\" content=\"article\" \/>\n<meta property=\"og:title\" content=\"Helm benutzen Schild, Aufkleber - Sticker und Schilder\" \/>\n<meta property=\"og:description\" content=\"Helm benutzen Schild \u2705 Norm: ASR 1.3\/ISO 7010 M005 \u2705 Sicherheitskennzeichnung als Schild oder Aufkleber erh\u00e4ltlich Verschiedene Varianten\" \/>\n<meta property=\"og:url\" content=\"https:\/\/sticker-schilder.de\/?product=helm-benutzen-schild-aufkleber\" \/>\n<meta property=\"og:site_name\" content=\"Sticker und Schilder\" \/>\n<meta property=\"article:modified_time\" content=\"2023-03-16T06:39:50+00:00\" \/>\n<meta property=\"og:image\" content=\"https:\/\/sticker-schilder.de\/wp-content\/uploads\/2023\/02\/Helm-benutzen-scaled.jpg\" \/>\n\t<meta property=\"og:image:width\" content=\"2560\" \/>\n\t<meta property=\"og:image:height\" content=\"2560\" \/>\n\t<meta property=\"og:image:type\" content=\"image\/jpeg\" \/>\n<meta name=\"twitter:card\" content=\"summary_large_image\" \/>\n<meta name=\"twitter:label1\" content=\"Gesch\u00e4tzte Lesezeit\" \/>\n\t<meta name=\"twitter:data1\" content=\"1\u00a0Minute\" \/>\n<script type=\"application\/ld+json\" class=\"yoast-schema-graph\">{\"@context\":\"https:\/\/schema.org\",\"@graph\":[{\"@type\":\"WebPage\",\"@id\":\"https:\/\/sticker-schilder.de\/?product=helm-benutzen-schild-aufkleber\",\"url\":\"https:\/\/sticker-schilder.de\/?product=helm-benutzen-schild-aufkleber\",\"name\":\"Helm benutzen Schild, Aufkleber - Sticker und Schilder\",\"isPartOf\":{\"@id\":\"https:\/\/sticker-schilder.de\/#website\"},\"datePublished\":\"2023-02-27T08:35:35+00:00\",\"dateModified\":\"2023-03-16T06:39:50+00:00\",\"description\":\"Helm benutzen Schild \u2705 Norm: ASR 1.3\/ISO 7010 M005 \u2705 Sicherheitskennzeichnung als Schild oder Aufkleber erh\u00e4ltlich Verschiedene Varianten\",\"breadcrumb\":{\"@id\":\"https:\/\/sticker-schilder.de\/?product=helm-benutzen-schild-aufkleber#breadcrumb\"},\"inLanguage\":\"de\",\"potentialAction\":[{\"@type\":\"ReadAction\",\"target\":[\"https:\/\/sticker-schilder.de\/?product=helm-benutzen-schild-aufkleber\"]}]},{\"@type\":\"BreadcrumbList\",\"@id\":\"https:\/\/sticker-schilder.de\/?product=helm-benutzen-schild-aufkleber#breadcrumb\",\"itemListElement\":[{\"@type\":\"ListItem\",\"position\":1,\"name\":\"Startseite\",\"item\":\"https:\/\/sticker-schilder.de\/\"},{\"@type\":\"ListItem\",\"position\":2,\"name\":\"Shop\",\"item\":\"https:\/\/sticker-schilder.de\/?page_id=8\"},{\"@type\":\"ListItem\",\"position\":3,\"name\":\"Helm benutzen Schild, Aufkleber\"}]},{\"@type\":\"WebSite\",\"@id\":\"https:\/\/sticker-schilder.de\/#website\",\"url\":\"https:\/\/sticker-schilder.de\/\",\"name\":\"Sticker und Schilder\",\"description\":\"auch zum selbst gestalten\",\"potentialAction\":[{\"@type\":\"SearchAction\",\"target\":{\"@type\":\"EntryPoint\",\"urlTemplate\":\"https:\/\/sticker-schilder.de\/?s={search_term_string}\"},\"query-input\":\"required name=search_term_string\"}],\"inLanguage\":\"de\"}]}<\/script>\n<!-- \/ Yoast SEO plugin. -->","yoast_head_json":{"title":"Helm benutzen Schild, Aufkleber - Sticker und Schilder","description":"Helm benutzen Schild \u2705 Norm: ASR 1.3\/ISO 7010 M005 \u2705 Sicherheitskennzeichnung als Schild oder Aufkleber erh\u00e4ltlich Verschiedene Varianten","robots":{"index":"index","follow":"follow","max-snippet":"max-snippet:-1","max-image-preview":"max-image-preview:large","max-video-preview":"max-video-preview:-1"},"canonical":"https:\/\/sticker-schilder.de\/?product=helm-benutzen-schild-aufkleber","og_locale":"de_DE","og_type":"article","og_title":"Helm benutzen Schild, Aufkleber - Sticker und Schilder","og_description":"Helm benutzen Schild \u2705 Norm: ASR 1.3\/ISO 7010 M005 \u2705 Sicherheitskennzeichnung als Schild oder Aufkleber erh\u00e4ltlich Verschiedene Varianten","og_url":"https:\/\/sticker-schilder.de\/?product=helm-benutzen-schild-aufkleber","og_site_name":"Sticker und Schilder","article_modified_time":"2023-03-16T06:39:50+00:00","og_image":[{"width":2560,"height":2560,"url":"https:\/\/sticker-schilder.de\/wp-content\/uploads\/2023\/02\/Helm-benutzen-scaled.jpg","type":"image\/jpeg"}],"twitter_card":"summary_large_image","twitter_misc":{"Gesch\u00e4tzte Lesezeit":"1\u00a0Minute"},"schema":{"@context":"https:\/\/schema.org","@graph":[{"@type":"WebPage","@id":"https:\/\/sticker-schilder.de\/?product=helm-benutzen-schild-aufkleber","url":"https:\/\/sticker-schilder.de\/?product=helm-benutzen-schild-aufkleber","name":"Helm benutzen Schild, Aufkleber - Sticker und Schilder","isPartOf":{"@id":"https:\/\/sticker-schilder.de\/#website"},"datePublished":"2023-02-27T08:35:35+00:00","dateModified":"2023-03-16T06:39:50+00:00","description":"Helm benutzen Schild \u2705 Norm: ASR 1.3\/ISO 7010 M005 \u2705 Sicherheitskennzeichnung als Schild oder Aufkleber erh\u00e4ltlich Verschiedene Varianten","breadcrumb":{"@id":"https:\/\/sticker-schilder.de\/?product=helm-benutzen-schild-aufkleber#breadcrumb"},"inLanguage":"de","potentialAction":[{"@type":"ReadAction","target":["https:\/\/sticker-schilder.de\/?product=helm-benutzen-schild-aufkleber"]}]},{"@type":"BreadcrumbList","@id":"https:\/\/sticker-schilder.de\/?product=helm-benutzen-schild-aufkleber#breadcrumb","itemListElement":[{"@type":"ListItem","position":1,"name":"Startseite","item":"https:\/\/sticker-schilder.de\/"},{"@type":"ListItem","position":2,"name":"Shop","item":"https:\/\/sticker-schilder.de\/?page_id=8"},{"@type":"ListItem","position":3,"name":"Helm benutzen Schild, Aufkleber"}]},{"@type":"WebSite","@id":"https:\/\/sticker-schilder.de\/#website","url":"https:\/\/sticker-schilder.de\/","name":"Sticker und Schilder","description":"auch zum selbst gestalten","potentialAction":[{"@type":"SearchAction","target":{"@type":"EntryPoint","urlTemplate":"https:\/\/sticker-schilder.de\/?s={search_term_string}"},"query-input":"required name=search_term_string"}],"inLanguage":"de"}]}},"_links":{"self":[{"href":"https:\/\/sticker-schilder.de\/index.php?rest_route=\/wp\/v2\/product\/17709","targetHints":{"allow":["GET"]}}],"collection":[{"href":"https:\/\/sticker-schilder.de\/index.php?rest_route=\/wp\/v2\/product"}],"about":[{"href":"https:\/\/sticker-schilder.de\/index.php?rest_route=\/wp\/v2\/types\/product"}],"replies":[{"embeddable":true,"href":"https:\/\/sticker-schilder.de\/index.php?rest_route=%2Fwp%2Fv2%2Fcomments&post=17709"}],"wp:featuredmedia":[{"embeddable":true,"href":"https:\/\/sticker-schilder.de\/index.php?rest_route=\/wp\/v2\/media\/18716"}],"wp:attachment":[{"href":"https:\/\/sticker-schilder.de\/index.php?rest_route=%2Fwp%2Fv2%2Fmedia&parent=17709"}],"wp:term":[{"taxonomy":"product_cat","embeddable":true,"href":"https:\/\/sticker-schilder.de\/index.php?rest_route=%2Fwp%2Fv2%2Fproduct_cat&post=17709"},{"taxonomy":"product_tag","embeddable":true,"href":"https:\/\/sticker-schilder.de\/index.php?rest_route=%2Fwp%2Fv2%2Fproduct_tag&post=17709"}],"curies":[{"name":"wp","href":"https:\/\/api.w.org\/{rel}","templated":true}]}}