{"id":17706,"date":"2023-02-27T09:26:46","date_gmt":"2023-02-27T08:26:46","guid":{"rendered":"https:\/\/sticker-schilder.de\/?post_type=product&#038;p=17706"},"modified":"2023-03-16T07:48:16","modified_gmt":"2023-03-16T06:48:16","slug":"brandschutztuer-schild-aufkleber-kennzeichnung","status":"publish","type":"product","link":"https:\/\/sticker-schilder.de\/?product=brandschutztuer-schild-aufkleber-kennzeichnung","title":{"rendered":"Brandschutzt\u00fcr Schild, Aufkleber, Kennzeichnung"},"content":{"rendered":"<p><strong>Schild Brandschutzt\u00fcr<\/strong> zur normgerechten Kennzeichnung.<\/p>\n<p>Sie k\u00f6nnen einen Aufkleber oder ein Schild bestellen. Wir liefern in verschiedenen Gr\u00f6\u00dfen, passend f\u00fcr Ihren Bedarf.<\/p>\n<p>Zum schnellen finden eines Feuerl\u00f6schers. Sie verbessern damit die Sicherheit im Notfall.<\/p>\n<p>Das Schild Brandschutzt\u00fcr\u00a0 entspricht der<\/p>\n<p>Internationalen Norm: ASR 1.3\/<strong>ISO 7010 F007<\/strong><\/p>\n<p>Als Piktogramm, damit auch f\u00fcr nicht Sprachkundige erkennbar.<\/p>\n<p>&nbsp;<\/p>\n<p>Schilder k\u00f6nnen verschraubt oder auch mit Spiegelklebeband sicher befestigt werden.<\/p>\n<p>Auch als lange haltbarer Aufkleber erh\u00e4ltlich.<\/p>\n<p>Zeigen Sie, wo sich Ihre Brandschutzt\u00fcren befinden! Sie Kennzeichnen damit Fluchtwege und Schutzr\u00e4ume. So kann unmittelbar mit der Brandbek\u00e4mpfung begonnen werden. Schneller mit dem L\u00f6schen beginnen, und Sch\u00e4den verringern. Verhindern Sie so\u00a0 durch unmittelbares L\u00f6schen gro\u00dfe Sch\u00e4den.<\/p>\n<p>Das Schild Brandschutzt\u00fcr wird bei uns im Haus gefertigt. Sie kaufen direkt beim Hersteller.<\/p>\n<p>Wir stellen auf Anfrage auch Sondergr\u00f6\u00dfen her. Kontaktieren Sie uns hierf\u00fcr einfach.<\/p>\n<p>Zum Drucken verwenden wir umweltfreundliche Farben. Die Farben sind im GREENGUARD GOLD Standard zertifiziert. Kurze Lieferwege durch Produktion und Versand aus Deutschland.<\/p>\n","protected":false},"excerpt":{"rendered":"<p>Schild Brandschutzt\u00fcr zur normgerechten Kennzeichnung. Sie k\u00f6nnen einen Aufkleber oder ein Schild bestellen. Wir liefern in verschiedenen Gr\u00f6\u00dfen, passend f\u00fcr Ihren Bedarf. Zum schnellen finden eines Feuerl\u00f6schers. Sie verbessern damit die Sicherheit im Notfall. Das Schild Brandschutzt\u00fcr\u00a0 entspricht der Internationalen Norm: ASR 1.3\/ISO 7010 F007 Als Piktogramm, damit auch f\u00fcr nicht Sprachkundige erkennbar. &nbsp; Schilder [&hellip;]<\/p>\n","protected":false},"featured_media":0,"comment_status":"open","ping_status":"closed","template":"","meta":[],"product_cat":[118,195,199,85],"product_tag":[],"class_list":{"0":"post-17706","1":"product","2":"type-product","3":"status-publish","5":"product_cat-schilder","6":"product_cat-normschilder","7":"product_cat-brandschutzschilder","8":"product_cat-aufkleber","10":"first","11":"instock","12":"taxable","13":"shipping-taxable","14":"product-type-variable"},"yoast_head":"<!-- This site is optimized with the Yoast SEO plugin v20.1 - https:\/\/yoast.com\/wordpress\/plugins\/seo\/ -->\n<title>Brandschutzt\u00fcr Schild, Aufkleber, Kennzeichnung - Sticker und Schilder<\/title>\n<meta name=\"description\" content=\"Brandschutzt\u00fcr Schild \u2705 Norm: ASR 1.3\/ISO 7010 F007 \u2705 Sicherheitskennzeichnung als Schild oder Aufkleber erh\u00e4ltlich Verschiedene Varianten\" \/>\n<meta name=\"robots\" content=\"index, follow, max-snippet:-1, max-image-preview:large, max-video-preview:-1\" \/>\n<link rel=\"canonical\" href=\"https:\/\/sticker-schilder.de\/?product=brandschutztuer-schild-aufkleber-kennzeichnung\" \/>\n<meta property=\"og:locale\" content=\"de_DE\" \/>\n<meta property=\"og:type\" content=\"article\" \/>\n<meta property=\"og:title\" content=\"Brandschutzt\u00fcr Schild, Aufkleber, Kennzeichnung - Sticker und Schilder\" \/>\n<meta property=\"og:description\" content=\"Brandschutzt\u00fcr Schild \u2705 Norm: ASR 1.3\/ISO 7010 F007 \u2705 Sicherheitskennzeichnung als Schild oder Aufkleber erh\u00e4ltlich Verschiedene Varianten\" \/>\n<meta property=\"og:url\" content=\"https:\/\/sticker-schilder.de\/?product=brandschutztuer-schild-aufkleber-kennzeichnung\" \/>\n<meta property=\"og:site_name\" content=\"Sticker und Schilder\" \/>\n<meta property=\"article:modified_time\" content=\"2023-03-16T06:48:16+00:00\" \/>\n<meta name=\"twitter:card\" content=\"summary_large_image\" \/>\n<meta name=\"twitter:label1\" content=\"Gesch\u00e4tzte Lesezeit\" \/>\n\t<meta name=\"twitter:data1\" content=\"1\u00a0Minute\" \/>\n<script type=\"application\/ld+json\" class=\"yoast-schema-graph\">{\"@context\":\"https:\/\/schema.org\",\"@graph\":[{\"@type\":\"WebPage\",\"@id\":\"https:\/\/sticker-schilder.de\/?product=brandschutztuer-schild-aufkleber-kennzeichnung\",\"url\":\"https:\/\/sticker-schilder.de\/?product=brandschutztuer-schild-aufkleber-kennzeichnung\",\"name\":\"Brandschutzt\u00fcr Schild, Aufkleber, Kennzeichnung - Sticker und Schilder\",\"isPartOf\":{\"@id\":\"https:\/\/sticker-schilder.de\/#website\"},\"datePublished\":\"2023-02-27T08:26:46+00:00\",\"dateModified\":\"2023-03-16T06:48:16+00:00\",\"description\":\"Brandschutzt\u00fcr Schild \u2705 Norm: ASR 1.3\/ISO 7010 F007 \u2705 Sicherheitskennzeichnung als Schild oder Aufkleber erh\u00e4ltlich Verschiedene Varianten\",\"breadcrumb\":{\"@id\":\"https:\/\/sticker-schilder.de\/?product=brandschutztuer-schild-aufkleber-kennzeichnung#breadcrumb\"},\"inLanguage\":\"de\",\"potentialAction\":[{\"@type\":\"ReadAction\",\"target\":[\"https:\/\/sticker-schilder.de\/?product=brandschutztuer-schild-aufkleber-kennzeichnung\"]}]},{\"@type\":\"BreadcrumbList\",\"@id\":\"https:\/\/sticker-schilder.de\/?product=brandschutztuer-schild-aufkleber-kennzeichnung#breadcrumb\",\"itemListElement\":[{\"@type\":\"ListItem\",\"position\":1,\"name\":\"Startseite\",\"item\":\"https:\/\/sticker-schilder.de\/\"},{\"@type\":\"ListItem\",\"position\":2,\"name\":\"Shop\",\"item\":\"https:\/\/sticker-schilder.de\/?page_id=8\"},{\"@type\":\"ListItem\",\"position\":3,\"name\":\"Brandschutzt\u00fcr Schild, Aufkleber, Kennzeichnung\"}]},{\"@type\":\"WebSite\",\"@id\":\"https:\/\/sticker-schilder.de\/#website\",\"url\":\"https:\/\/sticker-schilder.de\/\",\"name\":\"Sticker und Schilder\",\"description\":\"auch zum selbst gestalten\",\"potentialAction\":[{\"@type\":\"SearchAction\",\"target\":{\"@type\":\"EntryPoint\",\"urlTemplate\":\"https:\/\/sticker-schilder.de\/?s={search_term_string}\"},\"query-input\":\"required name=search_term_string\"}],\"inLanguage\":\"de\"}]}<\/script>\n<!-- \/ Yoast SEO plugin. -->","yoast_head_json":{"title":"Brandschutzt\u00fcr Schild, Aufkleber, Kennzeichnung - Sticker und Schilder","description":"Brandschutzt\u00fcr Schild \u2705 Norm: ASR 1.3\/ISO 7010 F007 \u2705 Sicherheitskennzeichnung als Schild oder Aufkleber erh\u00e4ltlich Verschiedene Varianten","robots":{"index":"index","follow":"follow","max-snippet":"max-snippet:-1","max-image-preview":"max-image-preview:large","max-video-preview":"max-video-preview:-1"},"canonical":"https:\/\/sticker-schilder.de\/?product=brandschutztuer-schild-aufkleber-kennzeichnung","og_locale":"de_DE","og_type":"article","og_title":"Brandschutzt\u00fcr Schild, Aufkleber, Kennzeichnung - Sticker und Schilder","og_description":"Brandschutzt\u00fcr Schild \u2705 Norm: ASR 1.3\/ISO 7010 F007 \u2705 Sicherheitskennzeichnung als Schild oder Aufkleber erh\u00e4ltlich Verschiedene Varianten","og_url":"https:\/\/sticker-schilder.de\/?product=brandschutztuer-schild-aufkleber-kennzeichnung","og_site_name":"Sticker und Schilder","article_modified_time":"2023-03-16T06:48:16+00:00","twitter_card":"summary_large_image","twitter_misc":{"Gesch\u00e4tzte Lesezeit":"1\u00a0Minute"},"schema":{"@context":"https:\/\/schema.org","@graph":[{"@type":"WebPage","@id":"https:\/\/sticker-schilder.de\/?product=brandschutztuer-schild-aufkleber-kennzeichnung","url":"https:\/\/sticker-schilder.de\/?product=brandschutztuer-schild-aufkleber-kennzeichnung","name":"Brandschutzt\u00fcr Schild, Aufkleber, Kennzeichnung - Sticker und Schilder","isPartOf":{"@id":"https:\/\/sticker-schilder.de\/#website"},"datePublished":"2023-02-27T08:26:46+00:00","dateModified":"2023-03-16T06:48:16+00:00","description":"Brandschutzt\u00fcr Schild \u2705 Norm: ASR 1.3\/ISO 7010 F007 \u2705 Sicherheitskennzeichnung als Schild oder Aufkleber erh\u00e4ltlich Verschiedene Varianten","breadcrumb":{"@id":"https:\/\/sticker-schilder.de\/?product=brandschutztuer-schild-aufkleber-kennzeichnung#breadcrumb"},"inLanguage":"de","potentialAction":[{"@type":"ReadAction","target":["https:\/\/sticker-schilder.de\/?product=brandschutztuer-schild-aufkleber-kennzeichnung"]}]},{"@type":"BreadcrumbList","@id":"https:\/\/sticker-schilder.de\/?product=brandschutztuer-schild-aufkleber-kennzeichnung#breadcrumb","itemListElement":[{"@type":"ListItem","position":1,"name":"Startseite","item":"https:\/\/sticker-schilder.de\/"},{"@type":"ListItem","position":2,"name":"Shop","item":"https:\/\/sticker-schilder.de\/?page_id=8"},{"@type":"ListItem","position":3,"name":"Brandschutzt\u00fcr Schild, Aufkleber, Kennzeichnung"}]},{"@type":"WebSite","@id":"https:\/\/sticker-schilder.de\/#website","url":"https:\/\/sticker-schilder.de\/","name":"Sticker und Schilder","description":"auch zum selbst gestalten","potentialAction":[{"@type":"SearchAction","target":{"@type":"EntryPoint","urlTemplate":"https:\/\/sticker-schilder.de\/?s={search_term_string}"},"query-input":"required name=search_term_string"}],"inLanguage":"de"}]}},"_links":{"self":[{"href":"https:\/\/sticker-schilder.de\/index.php?rest_route=\/wp\/v2\/product\/17706","targetHints":{"allow":["GET"]}}],"collection":[{"href":"https:\/\/sticker-schilder.de\/index.php?rest_route=\/wp\/v2\/product"}],"about":[{"href":"https:\/\/sticker-schilder.de\/index.php?rest_route=\/wp\/v2\/types\/product"}],"replies":[{"embeddable":true,"href":"https:\/\/sticker-schilder.de\/index.php?rest_route=%2Fwp%2Fv2%2Fcomments&post=17706"}],"wp:attachment":[{"href":"https:\/\/sticker-schilder.de\/index.php?rest_route=%2Fwp%2Fv2%2Fmedia&parent=17706"}],"wp:term":[{"taxonomy":"product_cat","embeddable":true,"href":"https:\/\/sticker-schilder.de\/index.php?rest_route=%2Fwp%2Fv2%2Fproduct_cat&post=17706"},{"taxonomy":"product_tag","embeddable":true,"href":"https:\/\/sticker-schilder.de\/index.php?rest_route=%2Fwp%2Fv2%2Fproduct_tag&post=17706"}],"curies":[{"name":"wp","href":"https:\/\/api.w.org\/{rel}","templated":true}]}}