{"id":17705,"date":"2023-02-27T09:23:28","date_gmt":"2023-02-27T08:23:28","guid":{"rendered":"https:\/\/sticker-schilder.de\/?post_type=product&#038;p=17705"},"modified":"2023-03-16T07:54:33","modified_gmt":"2023-03-16T06:54:33","slug":"kein-zutritt-fuer-personen-mit-implantaten-aus-metall-schild-aufkleber","status":"publish","type":"product","link":"https:\/\/sticker-schilder.de\/?product=kein-zutritt-fuer-personen-mit-implantaten-aus-metall-schild-aufkleber","title":{"rendered":"Kein Zutritt f\u00fcr Personen mit Implantaten aus Metall Schild, Aufkleber"},"content":{"rendered":"<p><strong>Kein Zutritt f\u00fcr Personen mit Implantaten aus Metall <\/strong>als Schild oder Aufkleber<\/p>\n<p>Das Aussehen ist wie in der Norm DIN EN ISO 7010 P014 definiert.<\/p>\n<p>Es entspricht der Arbeitsst\u00e4tten Richtline ASR A1.3 welche die DGVU abgel\u00f6st hat.<\/p>\n<p>Sie m\u00f6chten dass, dass jemand mit Metall-Implantaten\u00a0 einen gef\u00e4hrlichen Bereich betritt? Verwenden Sie dieses Verbotsschild, wenn Sie das Betreten eines Raumes verbieten. So setzen Sie betriebliche Sicherheitskonzepte wirksam um.<\/p>\n<p>Die Optik entspricht den internationalen Standards.\u00a0 Sie informieren Mitarbeiter oder Besucher damit wirkungsvoll.<\/p>\n<p>Dieses Schild zeigt, dass Kein Zutritt f\u00fcr Personen mit Implantaten aus Metall gew\u00e4hrt wird.<\/p>\n<p>&nbsp;<\/p>\n<p>Bestellen Sie das Schild entweder als Aufkleber, stabiles Alu-Verbund Schild oder leichtes Kunststoffschild.<\/p>\n<p>Schilder k\u00f6nnen verschraubt oder auch mit Spiegelklebeband sicher befestigt werden.<\/p>\n<p>Aufkleber k\u00f6nnen Sie leicht an sauberen, glatten Untergr\u00fcnden anbringen.<\/p>\n<p>Wir fertigen die Aufkleber auf lange haltbarer Selbstklebefolie. Diese erh\u00e4lt zus\u00e4tzlich ein Schutzlaminat. Dadurch ist eine \u00fcberdurchschnittlich lange Haltbarkeit zu erwarten.<\/p>\n<p>Das Schild &#8220;Kein Zutritt f\u00fcr Personen mit Implantaten aus Metall &#8221; wird bei uns im Haus gefertigt. Sie kaufen direkt beim Hersteller.<\/p>\n<p>Wir stellen auf Anfrage auch Sondergr\u00f6\u00dfen her. Kontaktieren Sie uns hierf\u00fcr einfach.<\/p>\n<p>Zum Drucken verwenden wir umweltfreundliche Farben. Die Farben sind im GREENGUARD GOLD Standard zertifiziert. Kurze Lieferwege durch Produktion und Versand aus Deutschland.<\/p>\n<p>als Schild oder Aufkleber<\/p>\n<p>Das Aussehen ist wie in der Norm DIN EN ISO 7010 P014 definiert.<\/p>\n<p>Es entspricht der Arbeitsst\u00e4tten Richtline ASR A1.3 welche die DGVU abgel\u00f6st hat.<\/p>\n","protected":false},"excerpt":{"rendered":"<p>Kein Zutritt f\u00fcr Personen mit Implantaten aus Metall als Schild oder Aufkleber Das Aussehen ist wie in der Norm DIN EN ISO 7010 P014 definiert. Es entspricht der Arbeitsst\u00e4tten Richtline ASR A1.3 welche die DGVU abgel\u00f6st hat. Sie m\u00f6chten dass, dass jemand mit Metall-Implantaten\u00a0 einen gef\u00e4hrlichen Bereich betritt? Verwenden Sie dieses Verbotsschild, wenn Sie das [&hellip;]<\/p>\n","protected":false},"featured_media":18720,"comment_status":"open","ping_status":"closed","template":"","meta":[],"product_cat":[118,195,197,85],"product_tag":[],"class_list":{"0":"post-17705","1":"product","2":"type-product","3":"status-publish","4":"has-post-thumbnail","6":"product_cat-schilder","7":"product_cat-normschilder","8":"product_cat-verbotsschilder","9":"product_cat-aufkleber","11":"first","12":"instock","13":"taxable","14":"shipping-taxable","15":"product-type-variable"},"yoast_head":"<!-- This site is optimized with the Yoast SEO plugin v20.1 - https:\/\/yoast.com\/wordpress\/plugins\/seo\/ -->\n<title>Kein Zutritt f\u00fcr Personen mit Implantaten aus Metall Schild, Aufkleber - Sticker und Schilder<\/title>\n<meta name=\"description\" content=\"Zuritt verboten mit Metallimplantaten als \u2705 Schild oder \u2705 Aufkleber \u2705 Norm: ASR 1.3\/ISO 7010 P014 - Verschiedene Gr\u00f6\u00dfen Schnelle Lieferung\" \/>\n<meta name=\"robots\" content=\"index, follow, max-snippet:-1, max-image-preview:large, max-video-preview:-1\" \/>\n<link rel=\"canonical\" href=\"https:\/\/sticker-schilder.de\/?product=kein-zutritt-fuer-personen-mit-implantaten-aus-metall-schild-aufkleber\" \/>\n<meta property=\"og:locale\" content=\"de_DE\" \/>\n<meta property=\"og:type\" content=\"article\" \/>\n<meta property=\"og:title\" content=\"Kein Zutritt f\u00fcr Personen mit Implantaten aus Metall Schild, Aufkleber - Sticker und Schilder\" \/>\n<meta property=\"og:description\" content=\"Zuritt verboten mit Metallimplantaten als \u2705 Schild oder \u2705 Aufkleber \u2705 Norm: ASR 1.3\/ISO 7010 P014 - Verschiedene Gr\u00f6\u00dfen Schnelle Lieferung\" \/>\n<meta property=\"og:url\" content=\"https:\/\/sticker-schilder.de\/?product=kein-zutritt-fuer-personen-mit-implantaten-aus-metall-schild-aufkleber\" \/>\n<meta property=\"og:site_name\" content=\"Sticker und Schilder\" \/>\n<meta property=\"article:modified_time\" content=\"2023-03-16T06:54:33+00:00\" \/>\n<meta property=\"og:image\" content=\"https:\/\/sticker-schilder.de\/wp-content\/uploads\/2023\/02\/Kein-Zutritt-fuer-Personen-mit-Implantaten-aus-Metall-scaled.jpg\" \/>\n\t<meta property=\"og:image:width\" content=\"2560\" \/>\n\t<meta property=\"og:image:height\" content=\"2560\" \/>\n\t<meta property=\"og:image:type\" content=\"image\/jpeg\" \/>\n<meta name=\"twitter:card\" content=\"summary_large_image\" \/>\n<meta name=\"twitter:label1\" content=\"Gesch\u00e4tzte Lesezeit\" \/>\n\t<meta name=\"twitter:data1\" content=\"2\u00a0Minuten\" \/>\n<script type=\"application\/ld+json\" class=\"yoast-schema-graph\">{\"@context\":\"https:\/\/schema.org\",\"@graph\":[{\"@type\":\"WebPage\",\"@id\":\"https:\/\/sticker-schilder.de\/?product=kein-zutritt-fuer-personen-mit-implantaten-aus-metall-schild-aufkleber\",\"url\":\"https:\/\/sticker-schilder.de\/?product=kein-zutritt-fuer-personen-mit-implantaten-aus-metall-schild-aufkleber\",\"name\":\"Kein Zutritt f\u00fcr Personen mit Implantaten aus Metall Schild, Aufkleber - Sticker und Schilder\",\"isPartOf\":{\"@id\":\"https:\/\/sticker-schilder.de\/#website\"},\"datePublished\":\"2023-02-27T08:23:28+00:00\",\"dateModified\":\"2023-03-16T06:54:33+00:00\",\"description\":\"Zuritt verboten mit Metallimplantaten als \u2705 Schild oder \u2705 Aufkleber \u2705 Norm: ASR 1.3\/ISO 7010 P014 - Verschiedene Gr\u00f6\u00dfen Schnelle Lieferung\",\"breadcrumb\":{\"@id\":\"https:\/\/sticker-schilder.de\/?product=kein-zutritt-fuer-personen-mit-implantaten-aus-metall-schild-aufkleber#breadcrumb\"},\"inLanguage\":\"de\",\"potentialAction\":[{\"@type\":\"ReadAction\",\"target\":[\"https:\/\/sticker-schilder.de\/?product=kein-zutritt-fuer-personen-mit-implantaten-aus-metall-schild-aufkleber\"]}]},{\"@type\":\"BreadcrumbList\",\"@id\":\"https:\/\/sticker-schilder.de\/?product=kein-zutritt-fuer-personen-mit-implantaten-aus-metall-schild-aufkleber#breadcrumb\",\"itemListElement\":[{\"@type\":\"ListItem\",\"position\":1,\"name\":\"Startseite\",\"item\":\"https:\/\/sticker-schilder.de\/\"},{\"@type\":\"ListItem\",\"position\":2,\"name\":\"Shop\",\"item\":\"https:\/\/sticker-schilder.de\/?page_id=8\"},{\"@type\":\"ListItem\",\"position\":3,\"name\":\"Kein Zutritt f\u00fcr Personen mit Implantaten aus Metall Schild, Aufkleber\"}]},{\"@type\":\"WebSite\",\"@id\":\"https:\/\/sticker-schilder.de\/#website\",\"url\":\"https:\/\/sticker-schilder.de\/\",\"name\":\"Sticker und Schilder\",\"description\":\"auch zum selbst gestalten\",\"potentialAction\":[{\"@type\":\"SearchAction\",\"target\":{\"@type\":\"EntryPoint\",\"urlTemplate\":\"https:\/\/sticker-schilder.de\/?s={search_term_string}\"},\"query-input\":\"required name=search_term_string\"}],\"inLanguage\":\"de\"}]}<\/script>\n<!-- \/ Yoast SEO plugin. -->","yoast_head_json":{"title":"Kein Zutritt f\u00fcr Personen mit Implantaten aus Metall Schild, Aufkleber - Sticker und Schilder","description":"Zuritt verboten mit Metallimplantaten als \u2705 Schild oder \u2705 Aufkleber \u2705 Norm: ASR 1.3\/ISO 7010 P014 - Verschiedene Gr\u00f6\u00dfen Schnelle Lieferung","robots":{"index":"index","follow":"follow","max-snippet":"max-snippet:-1","max-image-preview":"max-image-preview:large","max-video-preview":"max-video-preview:-1"},"canonical":"https:\/\/sticker-schilder.de\/?product=kein-zutritt-fuer-personen-mit-implantaten-aus-metall-schild-aufkleber","og_locale":"de_DE","og_type":"article","og_title":"Kein Zutritt f\u00fcr Personen mit Implantaten aus Metall Schild, Aufkleber - Sticker und Schilder","og_description":"Zuritt verboten mit Metallimplantaten als \u2705 Schild oder \u2705 Aufkleber \u2705 Norm: ASR 1.3\/ISO 7010 P014 - Verschiedene Gr\u00f6\u00dfen Schnelle Lieferung","og_url":"https:\/\/sticker-schilder.de\/?product=kein-zutritt-fuer-personen-mit-implantaten-aus-metall-schild-aufkleber","og_site_name":"Sticker und Schilder","article_modified_time":"2023-03-16T06:54:33+00:00","og_image":[{"width":2560,"height":2560,"url":"https:\/\/sticker-schilder.de\/wp-content\/uploads\/2023\/02\/Kein-Zutritt-fuer-Personen-mit-Implantaten-aus-Metall-scaled.jpg","type":"image\/jpeg"}],"twitter_card":"summary_large_image","twitter_misc":{"Gesch\u00e4tzte Lesezeit":"2\u00a0Minuten"},"schema":{"@context":"https:\/\/schema.org","@graph":[{"@type":"WebPage","@id":"https:\/\/sticker-schilder.de\/?product=kein-zutritt-fuer-personen-mit-implantaten-aus-metall-schild-aufkleber","url":"https:\/\/sticker-schilder.de\/?product=kein-zutritt-fuer-personen-mit-implantaten-aus-metall-schild-aufkleber","name":"Kein Zutritt f\u00fcr Personen mit Implantaten aus Metall Schild, Aufkleber - Sticker und Schilder","isPartOf":{"@id":"https:\/\/sticker-schilder.de\/#website"},"datePublished":"2023-02-27T08:23:28+00:00","dateModified":"2023-03-16T06:54:33+00:00","description":"Zuritt verboten mit Metallimplantaten als \u2705 Schild oder \u2705 Aufkleber \u2705 Norm: ASR 1.3\/ISO 7010 P014 - Verschiedene Gr\u00f6\u00dfen Schnelle Lieferung","breadcrumb":{"@id":"https:\/\/sticker-schilder.de\/?product=kein-zutritt-fuer-personen-mit-implantaten-aus-metall-schild-aufkleber#breadcrumb"},"inLanguage":"de","potentialAction":[{"@type":"ReadAction","target":["https:\/\/sticker-schilder.de\/?product=kein-zutritt-fuer-personen-mit-implantaten-aus-metall-schild-aufkleber"]}]},{"@type":"BreadcrumbList","@id":"https:\/\/sticker-schilder.de\/?product=kein-zutritt-fuer-personen-mit-implantaten-aus-metall-schild-aufkleber#breadcrumb","itemListElement":[{"@type":"ListItem","position":1,"name":"Startseite","item":"https:\/\/sticker-schilder.de\/"},{"@type":"ListItem","position":2,"name":"Shop","item":"https:\/\/sticker-schilder.de\/?page_id=8"},{"@type":"ListItem","position":3,"name":"Kein Zutritt f\u00fcr Personen mit Implantaten aus Metall Schild, Aufkleber"}]},{"@type":"WebSite","@id":"https:\/\/sticker-schilder.de\/#website","url":"https:\/\/sticker-schilder.de\/","name":"Sticker und Schilder","description":"auch zum selbst gestalten","potentialAction":[{"@type":"SearchAction","target":{"@type":"EntryPoint","urlTemplate":"https:\/\/sticker-schilder.de\/?s={search_term_string}"},"query-input":"required name=search_term_string"}],"inLanguage":"de"}]}},"_links":{"self":[{"href":"https:\/\/sticker-schilder.de\/index.php?rest_route=\/wp\/v2\/product\/17705","targetHints":{"allow":["GET"]}}],"collection":[{"href":"https:\/\/sticker-schilder.de\/index.php?rest_route=\/wp\/v2\/product"}],"about":[{"href":"https:\/\/sticker-schilder.de\/index.php?rest_route=\/wp\/v2\/types\/product"}],"replies":[{"embeddable":true,"href":"https:\/\/sticker-schilder.de\/index.php?rest_route=%2Fwp%2Fv2%2Fcomments&post=17705"}],"wp:featuredmedia":[{"embeddable":true,"href":"https:\/\/sticker-schilder.de\/index.php?rest_route=\/wp\/v2\/media\/18720"}],"wp:attachment":[{"href":"https:\/\/sticker-schilder.de\/index.php?rest_route=%2Fwp%2Fv2%2Fmedia&parent=17705"}],"wp:term":[{"taxonomy":"product_cat","embeddable":true,"href":"https:\/\/sticker-schilder.de\/index.php?rest_route=%2Fwp%2Fv2%2Fproduct_cat&post=17705"},{"taxonomy":"product_tag","embeddable":true,"href":"https:\/\/sticker-schilder.de\/index.php?rest_route=%2Fwp%2Fv2%2Fproduct_tag&post=17705"}],"curies":[{"name":"wp","href":"https:\/\/api.w.org\/{rel}","templated":true}]}}