{"id":17700,"date":"2023-02-27T09:09:26","date_gmt":"2023-02-27T08:09:26","guid":{"rendered":"https:\/\/sticker-schilder.de\/?post_type=product&#038;p=17700"},"modified":"2025-05-08T05:47:39","modified_gmt":"2025-05-08T04:47:39","slug":"benutzen-des-unvollstaendigen-geruestes-verboten-schild-aufkleber","status":"publish","type":"product","link":"https:\/\/sticker-schilder.de\/?product=benutzen-des-unvollstaendigen-geruestes-verboten-schild-aufkleber","title":{"rendered":"Benutzen des unvollst\u00e4ndigen Ger\u00fcstes verboten Schild, Aufkleber"},"content":{"rendered":"<p><strong>Benutzen des unvollst\u00e4ndigen Ger\u00fcstes verboten <\/strong>als Schild oder Aufkleber<\/p>\n<p>Das Aussehen ist wie in der Norm DIN EN ISO 7010 P025 definiert.<\/p>\n<p>Es entspricht der Arbeitsst\u00e4tten Richtline ASR A1.3 welche die DGVU abgel\u00f6st hat.<\/p>\n<p>Sie m\u00f6chten nicht, dass jemand auf ein unvollst\u00e4ndiges Ger\u00fcst steigt? Verwenden Sie dieses Verbotsschild, wenn Sie das Benutzen des unvollst\u00e4ndigen Ger\u00fcstes verbieten. So setzen Sie betriebliche Sicherheitskonzepte wirksam um.<\/p>\n<p>Die Optik entspricht den internationalen Standards.\u00a0 Sie informieren Mitarbeiter oder Besucher damit wirkungsvoll.<\/p>\n<p>Hauptanwendung ist bei Auf-, Ab- oder Umbau von Ger\u00fcsten. Ziel ist das verhindern von Unf\u00e4llen.<\/p>\n<p>&nbsp;<\/p>\n<p>Bestellen Sie das Schild entweder als Aufkleber, stabiles Alu-Verbund Schild oder leichtes Kunststoffschild.<\/p>\n<p>Schilder k\u00f6nnen verschraubt oder auch mit Spiegelklebeband sicher befestigt werden.<\/p>\n<p>Aufkleber k\u00f6nnen Sie leicht an sauberen, glatten Untergr\u00fcnden anbringen.<\/p>\n<p>Wir fertigen die Aufkleber auf lange haltbarer Selbstklebefolie. Diese erh\u00e4lt zus\u00e4tzlich ein Schutzlaminat. Dadurch ist eine \u00fcberdurchschnittlich lange Haltbarkeit zu erwarten.<\/p>\n<p>Das Schild &#8220;Benutzen des unvollst\u00e4ndigen Ger\u00fcstes verboten&#8221; wird bei uns im Haus gefertigt. Sie kaufen direkt beim Hersteller.<\/p>\n<p>Wir stellen auf Anfrage auch Sondergr\u00f6\u00dfen her. Kontaktieren Sie uns hierf\u00fcr einfach.<\/p>\n<p>Zum Drucken verwenden wir umweltfreundliche Farben. Die Farben sind im GREENGUARD GOLD Standard zertifiziert. Kurze Lieferwege durch Produktion und Versand aus Deutschland.<\/p>\n","protected":false},"excerpt":{"rendered":"<p>Benutzen des unvollst\u00e4ndigen Ger\u00fcstes verboten als Schild oder Aufkleber Das Aussehen ist wie in der Norm DIN EN ISO 7010 P025 definiert. Es entspricht der Arbeitsst\u00e4tten Richtline ASR A1.3 welche die DGVU abgel\u00f6st hat. Sie m\u00f6chten nicht, dass jemand auf ein unvollst\u00e4ndiges Ger\u00fcst steigt? Verwenden Sie dieses Verbotsschild, wenn Sie das Benutzen des unvollst\u00e4ndigen Ger\u00fcstes [&hellip;]<\/p>\n","protected":false},"featured_media":18726,"comment_status":"open","ping_status":"closed","template":"","meta":[],"product_cat":[118,195,197,85],"product_tag":[],"class_list":{"0":"post-17700","1":"product","2":"type-product","3":"status-publish","4":"has-post-thumbnail","6":"product_cat-schilder","7":"product_cat-normschilder","8":"product_cat-verbotsschilder","9":"product_cat-aufkleber","11":"first","12":"instock","13":"taxable","14":"shipping-taxable","15":"product-type-variable"},"yoast_head":"<!-- This site is optimized with the Yoast SEO plugin v20.1 - https:\/\/yoast.com\/wordpress\/plugins\/seo\/ -->\n<title>Benutzen des unvollst\u00e4ndigen Ger\u00fcstes verboten Schild, Aufkleber - Sticker und Schilder<\/title>\n<meta name=\"description\" content=\"Benutzen des unvollst\u00e4ndigen Ger\u00fcstes verboten als \u2705 Schild oder \u2705 Aufkleber \u2705 Norm: ASR 1.3\/ISO 7010 P025 - Verschiedene Gr\u00f6\u00dfen\" \/>\n<meta name=\"robots\" content=\"index, follow, max-snippet:-1, max-image-preview:large, max-video-preview:-1\" \/>\n<link rel=\"canonical\" href=\"https:\/\/sticker-schilder.de\/?product=benutzen-des-unvollstaendigen-geruestes-verboten-schild-aufkleber\" \/>\n<meta property=\"og:locale\" content=\"de_DE\" \/>\n<meta property=\"og:type\" content=\"article\" \/>\n<meta property=\"og:title\" content=\"Benutzen des unvollst\u00e4ndigen Ger\u00fcstes verboten Schild, Aufkleber - Sticker und Schilder\" \/>\n<meta property=\"og:description\" content=\"Benutzen des unvollst\u00e4ndigen Ger\u00fcstes verboten als \u2705 Schild oder \u2705 Aufkleber \u2705 Norm: ASR 1.3\/ISO 7010 P025 - Verschiedene Gr\u00f6\u00dfen\" \/>\n<meta property=\"og:url\" content=\"https:\/\/sticker-schilder.de\/?product=benutzen-des-unvollstaendigen-geruestes-verboten-schild-aufkleber\" \/>\n<meta property=\"og:site_name\" content=\"Sticker und Schilder\" \/>\n<meta property=\"article:modified_time\" content=\"2025-05-08T04:47:39+00:00\" \/>\n<meta property=\"og:image\" content=\"https:\/\/sticker-schilder.de\/wp-content\/uploads\/2023\/02\/Benutzen-des-unvollstaendigen-Geruestes-verboten-scaled.jpg\" \/>\n\t<meta property=\"og:image:width\" content=\"2560\" \/>\n\t<meta property=\"og:image:height\" content=\"2560\" \/>\n\t<meta property=\"og:image:type\" content=\"image\/jpeg\" \/>\n<meta name=\"twitter:card\" content=\"summary_large_image\" \/>\n<meta name=\"twitter:label1\" content=\"Gesch\u00e4tzte Lesezeit\" \/>\n\t<meta name=\"twitter:data1\" content=\"2\u00a0Minuten\" \/>\n<script type=\"application\/ld+json\" class=\"yoast-schema-graph\">{\"@context\":\"https:\/\/schema.org\",\"@graph\":[{\"@type\":\"WebPage\",\"@id\":\"https:\/\/sticker-schilder.de\/?product=benutzen-des-unvollstaendigen-geruestes-verboten-schild-aufkleber\",\"url\":\"https:\/\/sticker-schilder.de\/?product=benutzen-des-unvollstaendigen-geruestes-verboten-schild-aufkleber\",\"name\":\"Benutzen des unvollst\u00e4ndigen Ger\u00fcstes verboten Schild, Aufkleber - Sticker und Schilder\",\"isPartOf\":{\"@id\":\"https:\/\/sticker-schilder.de\/#website\"},\"datePublished\":\"2023-02-27T08:09:26+00:00\",\"dateModified\":\"2025-05-08T04:47:39+00:00\",\"description\":\"Benutzen des unvollst\u00e4ndigen Ger\u00fcstes verboten als \u2705 Schild oder \u2705 Aufkleber \u2705 Norm: ASR 1.3\/ISO 7010 P025 - Verschiedene Gr\u00f6\u00dfen\",\"breadcrumb\":{\"@id\":\"https:\/\/sticker-schilder.de\/?product=benutzen-des-unvollstaendigen-geruestes-verboten-schild-aufkleber#breadcrumb\"},\"inLanguage\":\"de\",\"potentialAction\":[{\"@type\":\"ReadAction\",\"target\":[\"https:\/\/sticker-schilder.de\/?product=benutzen-des-unvollstaendigen-geruestes-verboten-schild-aufkleber\"]}]},{\"@type\":\"BreadcrumbList\",\"@id\":\"https:\/\/sticker-schilder.de\/?product=benutzen-des-unvollstaendigen-geruestes-verboten-schild-aufkleber#breadcrumb\",\"itemListElement\":[{\"@type\":\"ListItem\",\"position\":1,\"name\":\"Startseite\",\"item\":\"https:\/\/sticker-schilder.de\/\"},{\"@type\":\"ListItem\",\"position\":2,\"name\":\"Shop\",\"item\":\"https:\/\/sticker-schilder.de\/?page_id=8\"},{\"@type\":\"ListItem\",\"position\":3,\"name\":\"Benutzen des unvollst\u00e4ndigen Ger\u00fcstes verboten Schild, Aufkleber\"}]},{\"@type\":\"WebSite\",\"@id\":\"https:\/\/sticker-schilder.de\/#website\",\"url\":\"https:\/\/sticker-schilder.de\/\",\"name\":\"Sticker und Schilder\",\"description\":\"auch zum selbst gestalten\",\"potentialAction\":[{\"@type\":\"SearchAction\",\"target\":{\"@type\":\"EntryPoint\",\"urlTemplate\":\"https:\/\/sticker-schilder.de\/?s={search_term_string}\"},\"query-input\":\"required name=search_term_string\"}],\"inLanguage\":\"de\"}]}<\/script>\n<!-- \/ Yoast SEO plugin. -->","yoast_head_json":{"title":"Benutzen des unvollst\u00e4ndigen Ger\u00fcstes verboten Schild, Aufkleber - Sticker und Schilder","description":"Benutzen des unvollst\u00e4ndigen Ger\u00fcstes verboten als \u2705 Schild oder \u2705 Aufkleber \u2705 Norm: ASR 1.3\/ISO 7010 P025 - Verschiedene Gr\u00f6\u00dfen","robots":{"index":"index","follow":"follow","max-snippet":"max-snippet:-1","max-image-preview":"max-image-preview:large","max-video-preview":"max-video-preview:-1"},"canonical":"https:\/\/sticker-schilder.de\/?product=benutzen-des-unvollstaendigen-geruestes-verboten-schild-aufkleber","og_locale":"de_DE","og_type":"article","og_title":"Benutzen des unvollst\u00e4ndigen Ger\u00fcstes verboten Schild, Aufkleber - Sticker und Schilder","og_description":"Benutzen des unvollst\u00e4ndigen Ger\u00fcstes verboten als \u2705 Schild oder \u2705 Aufkleber \u2705 Norm: ASR 1.3\/ISO 7010 P025 - Verschiedene Gr\u00f6\u00dfen","og_url":"https:\/\/sticker-schilder.de\/?product=benutzen-des-unvollstaendigen-geruestes-verboten-schild-aufkleber","og_site_name":"Sticker und Schilder","article_modified_time":"2025-05-08T04:47:39+00:00","og_image":[{"width":2560,"height":2560,"url":"https:\/\/sticker-schilder.de\/wp-content\/uploads\/2023\/02\/Benutzen-des-unvollstaendigen-Geruestes-verboten-scaled.jpg","type":"image\/jpeg"}],"twitter_card":"summary_large_image","twitter_misc":{"Gesch\u00e4tzte Lesezeit":"2\u00a0Minuten"},"schema":{"@context":"https:\/\/schema.org","@graph":[{"@type":"WebPage","@id":"https:\/\/sticker-schilder.de\/?product=benutzen-des-unvollstaendigen-geruestes-verboten-schild-aufkleber","url":"https:\/\/sticker-schilder.de\/?product=benutzen-des-unvollstaendigen-geruestes-verboten-schild-aufkleber","name":"Benutzen des unvollst\u00e4ndigen Ger\u00fcstes verboten Schild, Aufkleber - Sticker und Schilder","isPartOf":{"@id":"https:\/\/sticker-schilder.de\/#website"},"datePublished":"2023-02-27T08:09:26+00:00","dateModified":"2025-05-08T04:47:39+00:00","description":"Benutzen des unvollst\u00e4ndigen Ger\u00fcstes verboten als \u2705 Schild oder \u2705 Aufkleber \u2705 Norm: ASR 1.3\/ISO 7010 P025 - Verschiedene Gr\u00f6\u00dfen","breadcrumb":{"@id":"https:\/\/sticker-schilder.de\/?product=benutzen-des-unvollstaendigen-geruestes-verboten-schild-aufkleber#breadcrumb"},"inLanguage":"de","potentialAction":[{"@type":"ReadAction","target":["https:\/\/sticker-schilder.de\/?product=benutzen-des-unvollstaendigen-geruestes-verboten-schild-aufkleber"]}]},{"@type":"BreadcrumbList","@id":"https:\/\/sticker-schilder.de\/?product=benutzen-des-unvollstaendigen-geruestes-verboten-schild-aufkleber#breadcrumb","itemListElement":[{"@type":"ListItem","position":1,"name":"Startseite","item":"https:\/\/sticker-schilder.de\/"},{"@type":"ListItem","position":2,"name":"Shop","item":"https:\/\/sticker-schilder.de\/?page_id=8"},{"@type":"ListItem","position":3,"name":"Benutzen des unvollst\u00e4ndigen Ger\u00fcstes verboten Schild, Aufkleber"}]},{"@type":"WebSite","@id":"https:\/\/sticker-schilder.de\/#website","url":"https:\/\/sticker-schilder.de\/","name":"Sticker und Schilder","description":"auch zum selbst gestalten","potentialAction":[{"@type":"SearchAction","target":{"@type":"EntryPoint","urlTemplate":"https:\/\/sticker-schilder.de\/?s={search_term_string}"},"query-input":"required name=search_term_string"}],"inLanguage":"de"}]}},"_links":{"self":[{"href":"https:\/\/sticker-schilder.de\/index.php?rest_route=\/wp\/v2\/product\/17700","targetHints":{"allow":["GET"]}}],"collection":[{"href":"https:\/\/sticker-schilder.de\/index.php?rest_route=\/wp\/v2\/product"}],"about":[{"href":"https:\/\/sticker-schilder.de\/index.php?rest_route=\/wp\/v2\/types\/product"}],"replies":[{"embeddable":true,"href":"https:\/\/sticker-schilder.de\/index.php?rest_route=%2Fwp%2Fv2%2Fcomments&post=17700"}],"wp:featuredmedia":[{"embeddable":true,"href":"https:\/\/sticker-schilder.de\/index.php?rest_route=\/wp\/v2\/media\/18726"}],"wp:attachment":[{"href":"https:\/\/sticker-schilder.de\/index.php?rest_route=%2Fwp%2Fv2%2Fmedia&parent=17700"}],"wp:term":[{"taxonomy":"product_cat","embeddable":true,"href":"https:\/\/sticker-schilder.de\/index.php?rest_route=%2Fwp%2Fv2%2Fproduct_cat&post=17700"},{"taxonomy":"product_tag","embeddable":true,"href":"https:\/\/sticker-schilder.de\/index.php?rest_route=%2Fwp%2Fv2%2Fproduct_tag&post=17700"}],"curies":[{"name":"wp","href":"https:\/\/api.w.org\/{rel}","templated":true}]}}