{"id":17679,"date":"2023-02-23T13:43:52","date_gmt":"2023-02-23T12:43:52","guid":{"rendered":"https:\/\/sticker-schilder.de\/?post_type=product&#038;p=17679"},"modified":"2023-03-16T09:46:51","modified_gmt":"2023-03-16T08:46:51","slug":"schieben-verboten-schild-aufkleber","status":"publish","type":"product","link":"https:\/\/sticker-schilder.de\/?product=schieben-verboten-schild-aufkleber","title":{"rendered":"Schieben verboten Schild, Aufkleber"},"content":{"rendered":"<p><strong>Schieben verboten <\/strong>als Schild oder Aufkleber<\/p>\n<p>Das Aussehen ist wie in der Norm DIN EN ISO 7010 P017 definiert.<\/p>\n<p>Es entspricht der Arbeitsst\u00e4tten Richtline ASR A1.3 welche die DGVU abgel\u00f6st hat.<\/p>\n<p>Sie m\u00f6chten nicht, dass jemand ein Objekt verschiebt? Verwenden Sie dieses Verbotsschild, wenn Sie das Schieben verbieten. So setzen Sie vorhandene\u00a0 Sicherheitskonzepte wirksam um.<\/p>\n<p>Die Optik entspricht den internationalen Standards.\u00a0 Sie informieren Mitarbeiter oder Besucher damit wirkungsvoll.<\/p>\n<p>Verbotsgr\u00fcnde:<\/p>\n<ul>\n<li>das Objekt ist empfindlich<\/li>\n<li>der Boden ist Empfindlich<\/li>\n<li>es befindet sich eine Mechanik im Objekt die besch\u00e4digt werden kann<\/li>\n<\/ul>\n<p>&nbsp;<\/p>\n<p>Bestellen Sie das Schild entweder als Aufkleber, stabiles Alu-Verbund Schild oder leichtes Kunststoffschild.<\/p>\n<p>Schilder k\u00f6nnen verschraubt oder auch mit Spiegelklebeband sicher befestigt werden.<\/p>\n<p>Aufkleber k\u00f6nnen Sie leicht an sauberen, glatten Untergr\u00fcnden anbringen.<\/p>\n<p>Wir fertigen die Aufkleber auf lange haltbarer Selbstklebefolie. Diese erh\u00e4lt zus\u00e4tzlich ein Schutzlaminat. Dadurch ist eine \u00fcberdurchschnittlich lange Haltbarkeit zu erwarten.<\/p>\n<p>Das Schild &#8220;Schieben verboten&#8221; wird bei uns im Haus gefertigt. Sie kaufen direkt beim Hersteller.<\/p>\n<p>Wir stellen auf Anfrage auch Sondergr\u00f6\u00dfen her. Kontaktieren Sie uns hierf\u00fcr einfach.<\/p>\n<p>Zum Drucken verwenden wir umweltfreundliche Farben. Die Farben sind im GREENGUARD GOLD Standard zertifiziert. Kurze Lieferwege durch Produktion und Versand aus Deutschland.<\/p>\n","protected":false},"excerpt":{"rendered":"<p>Schieben verboten als Schild oder Aufkleber Das Aussehen ist wie in der Norm DIN EN ISO 7010 P017 definiert. Es entspricht der Arbeitsst\u00e4tten Richtline ASR A1.3 welche die DGVU abgel\u00f6st hat. Sie m\u00f6chten nicht, dass jemand ein Objekt verschiebt? Verwenden Sie dieses Verbotsschild, wenn Sie das Schieben verbieten. So setzen Sie vorhandene\u00a0 Sicherheitskonzepte wirksam um. [&hellip;]<\/p>\n","protected":false},"featured_media":18768,"comment_status":"open","ping_status":"closed","template":"","meta":[],"product_cat":[118,195,197,85],"product_tag":[],"class_list":{"0":"post-17679","1":"product","2":"type-product","3":"status-publish","4":"has-post-thumbnail","6":"product_cat-schilder","7":"product_cat-normschilder","8":"product_cat-verbotsschilder","9":"product_cat-aufkleber","11":"first","12":"instock","13":"taxable","14":"shipping-taxable","15":"product-type-simple"},"yoast_head":"<!-- This site is optimized with the Yoast SEO plugin v20.1 - https:\/\/yoast.com\/wordpress\/plugins\/seo\/ -->\n<title>Schieben verboten Schild, Aufkleber - Sticker und Schilder<\/title>\n<meta name=\"description\" content=\"Schieben Verboten als \u2705 Schild oder \u2705 Aufkleber \u2705 Norm: ASR 1.3\/ISO 7010 P017 - Verschiedene Gr\u00f6\u00dfen Schnelle Lieferung aus Deutschland\" \/>\n<meta name=\"robots\" content=\"index, follow, max-snippet:-1, max-image-preview:large, max-video-preview:-1\" \/>\n<link rel=\"canonical\" href=\"https:\/\/sticker-schilder.de\/?product=schieben-verboten-schild-aufkleber\" \/>\n<meta property=\"og:locale\" content=\"de_DE\" \/>\n<meta property=\"og:type\" content=\"article\" \/>\n<meta property=\"og:title\" content=\"Schieben verboten Schild, Aufkleber - Sticker und Schilder\" \/>\n<meta property=\"og:description\" content=\"Schieben Verboten als \u2705 Schild oder \u2705 Aufkleber \u2705 Norm: ASR 1.3\/ISO 7010 P017 - Verschiedene Gr\u00f6\u00dfen Schnelle Lieferung aus Deutschland\" \/>\n<meta property=\"og:url\" content=\"https:\/\/sticker-schilder.de\/?product=schieben-verboten-schild-aufkleber\" \/>\n<meta property=\"og:site_name\" content=\"Sticker und Schilder\" \/>\n<meta property=\"article:modified_time\" content=\"2023-03-16T08:46:51+00:00\" \/>\n<meta property=\"og:image\" content=\"https:\/\/sticker-schilder.de\/wp-content\/uploads\/2023\/02\/Schieben-verboten-scaled.jpg\" \/>\n\t<meta property=\"og:image:width\" content=\"2560\" \/>\n\t<meta property=\"og:image:height\" content=\"2560\" \/>\n\t<meta property=\"og:image:type\" content=\"image\/jpeg\" \/>\n<meta name=\"twitter:card\" content=\"summary_large_image\" \/>\n<meta name=\"twitter:label1\" content=\"Gesch\u00e4tzte Lesezeit\" \/>\n\t<meta name=\"twitter:data1\" content=\"2\u00a0Minuten\" \/>\n<script type=\"application\/ld+json\" class=\"yoast-schema-graph\">{\"@context\":\"https:\/\/schema.org\",\"@graph\":[{\"@type\":\"WebPage\",\"@id\":\"https:\/\/sticker-schilder.de\/?product=schieben-verboten-schild-aufkleber\",\"url\":\"https:\/\/sticker-schilder.de\/?product=schieben-verboten-schild-aufkleber\",\"name\":\"Schieben verboten Schild, Aufkleber - Sticker und Schilder\",\"isPartOf\":{\"@id\":\"https:\/\/sticker-schilder.de\/#website\"},\"datePublished\":\"2023-02-23T12:43:52+00:00\",\"dateModified\":\"2023-03-16T08:46:51+00:00\",\"description\":\"Schieben Verboten als \u2705 Schild oder \u2705 Aufkleber \u2705 Norm: ASR 1.3\/ISO 7010 P017 - Verschiedene Gr\u00f6\u00dfen Schnelle Lieferung aus Deutschland\",\"breadcrumb\":{\"@id\":\"https:\/\/sticker-schilder.de\/?product=schieben-verboten-schild-aufkleber#breadcrumb\"},\"inLanguage\":\"de\",\"potentialAction\":[{\"@type\":\"ReadAction\",\"target\":[\"https:\/\/sticker-schilder.de\/?product=schieben-verboten-schild-aufkleber\"]}]},{\"@type\":\"BreadcrumbList\",\"@id\":\"https:\/\/sticker-schilder.de\/?product=schieben-verboten-schild-aufkleber#breadcrumb\",\"itemListElement\":[{\"@type\":\"ListItem\",\"position\":1,\"name\":\"Startseite\",\"item\":\"https:\/\/sticker-schilder.de\/\"},{\"@type\":\"ListItem\",\"position\":2,\"name\":\"Shop\",\"item\":\"https:\/\/sticker-schilder.de\/?page_id=8\"},{\"@type\":\"ListItem\",\"position\":3,\"name\":\"Schieben verboten Schild, Aufkleber\"}]},{\"@type\":\"WebSite\",\"@id\":\"https:\/\/sticker-schilder.de\/#website\",\"url\":\"https:\/\/sticker-schilder.de\/\",\"name\":\"Sticker und Schilder\",\"description\":\"auch zum selbst gestalten\",\"potentialAction\":[{\"@type\":\"SearchAction\",\"target\":{\"@type\":\"EntryPoint\",\"urlTemplate\":\"https:\/\/sticker-schilder.de\/?s={search_term_string}\"},\"query-input\":\"required name=search_term_string\"}],\"inLanguage\":\"de\"}]}<\/script>\n<!-- \/ Yoast SEO plugin. -->","yoast_head_json":{"title":"Schieben verboten Schild, Aufkleber - Sticker und Schilder","description":"Schieben Verboten als \u2705 Schild oder \u2705 Aufkleber \u2705 Norm: ASR 1.3\/ISO 7010 P017 - Verschiedene Gr\u00f6\u00dfen Schnelle Lieferung aus Deutschland","robots":{"index":"index","follow":"follow","max-snippet":"max-snippet:-1","max-image-preview":"max-image-preview:large","max-video-preview":"max-video-preview:-1"},"canonical":"https:\/\/sticker-schilder.de\/?product=schieben-verboten-schild-aufkleber","og_locale":"de_DE","og_type":"article","og_title":"Schieben verboten Schild, Aufkleber - Sticker und Schilder","og_description":"Schieben Verboten als \u2705 Schild oder \u2705 Aufkleber \u2705 Norm: ASR 1.3\/ISO 7010 P017 - Verschiedene Gr\u00f6\u00dfen Schnelle Lieferung aus Deutschland","og_url":"https:\/\/sticker-schilder.de\/?product=schieben-verboten-schild-aufkleber","og_site_name":"Sticker und Schilder","article_modified_time":"2023-03-16T08:46:51+00:00","og_image":[{"width":2560,"height":2560,"url":"https:\/\/sticker-schilder.de\/wp-content\/uploads\/2023\/02\/Schieben-verboten-scaled.jpg","type":"image\/jpeg"}],"twitter_card":"summary_large_image","twitter_misc":{"Gesch\u00e4tzte Lesezeit":"2\u00a0Minuten"},"schema":{"@context":"https:\/\/schema.org","@graph":[{"@type":"WebPage","@id":"https:\/\/sticker-schilder.de\/?product=schieben-verboten-schild-aufkleber","url":"https:\/\/sticker-schilder.de\/?product=schieben-verboten-schild-aufkleber","name":"Schieben verboten Schild, Aufkleber - Sticker und Schilder","isPartOf":{"@id":"https:\/\/sticker-schilder.de\/#website"},"datePublished":"2023-02-23T12:43:52+00:00","dateModified":"2023-03-16T08:46:51+00:00","description":"Schieben Verboten als \u2705 Schild oder \u2705 Aufkleber \u2705 Norm: ASR 1.3\/ISO 7010 P017 - Verschiedene Gr\u00f6\u00dfen Schnelle Lieferung aus Deutschland","breadcrumb":{"@id":"https:\/\/sticker-schilder.de\/?product=schieben-verboten-schild-aufkleber#breadcrumb"},"inLanguage":"de","potentialAction":[{"@type":"ReadAction","target":["https:\/\/sticker-schilder.de\/?product=schieben-verboten-schild-aufkleber"]}]},{"@type":"BreadcrumbList","@id":"https:\/\/sticker-schilder.de\/?product=schieben-verboten-schild-aufkleber#breadcrumb","itemListElement":[{"@type":"ListItem","position":1,"name":"Startseite","item":"https:\/\/sticker-schilder.de\/"},{"@type":"ListItem","position":2,"name":"Shop","item":"https:\/\/sticker-schilder.de\/?page_id=8"},{"@type":"ListItem","position":3,"name":"Schieben verboten Schild, Aufkleber"}]},{"@type":"WebSite","@id":"https:\/\/sticker-schilder.de\/#website","url":"https:\/\/sticker-schilder.de\/","name":"Sticker und Schilder","description":"auch zum selbst gestalten","potentialAction":[{"@type":"SearchAction","target":{"@type":"EntryPoint","urlTemplate":"https:\/\/sticker-schilder.de\/?s={search_term_string}"},"query-input":"required name=search_term_string"}],"inLanguage":"de"}]}},"_links":{"self":[{"href":"https:\/\/sticker-schilder.de\/index.php?rest_route=\/wp\/v2\/product\/17679","targetHints":{"allow":["GET"]}}],"collection":[{"href":"https:\/\/sticker-schilder.de\/index.php?rest_route=\/wp\/v2\/product"}],"about":[{"href":"https:\/\/sticker-schilder.de\/index.php?rest_route=\/wp\/v2\/types\/product"}],"replies":[{"embeddable":true,"href":"https:\/\/sticker-schilder.de\/index.php?rest_route=%2Fwp%2Fv2%2Fcomments&post=17679"}],"wp:featuredmedia":[{"embeddable":true,"href":"https:\/\/sticker-schilder.de\/index.php?rest_route=\/wp\/v2\/media\/18768"}],"wp:attachment":[{"href":"https:\/\/sticker-schilder.de\/index.php?rest_route=%2Fwp%2Fv2%2Fmedia&parent=17679"}],"wp:term":[{"taxonomy":"product_cat","embeddable":true,"href":"https:\/\/sticker-schilder.de\/index.php?rest_route=%2Fwp%2Fv2%2Fproduct_cat&post=17679"},{"taxonomy":"product_tag","embeddable":true,"href":"https:\/\/sticker-schilder.de\/index.php?rest_route=%2Fwp%2Fv2%2Fproduct_tag&post=17679"}],"curies":[{"name":"wp","href":"https:\/\/api.w.org\/{rel}","templated":true}]}}