{"id":17677,"date":"2023-02-23T13:32:51","date_gmt":"2023-02-23T12:32:51","guid":{"rendered":"https:\/\/sticker-schilder.de\/?post_type=product&#038;p=17677"},"modified":"2023-03-16T10:09:05","modified_gmt":"2023-03-16T09:09:05","slug":"betreten-der-flaeche-verboten-schild-aufkleber","status":"publish","type":"product","link":"https:\/\/sticker-schilder.de\/?product=betreten-der-flaeche-verboten-schild-aufkleber","title":{"rendered":"Betreten der Fl\u00e4che verboten Schild, Aufkleber"},"content":{"rendered":"<p><strong>Betreten der Fl\u00e4che verboten <\/strong>als Schild oder Aufkleber<\/p>\n<p>Das Aussehen ist wie in der Norm DIN EN ISO 7010 P024definiert.<\/p>\n<p>Es entspricht der Arbeitsst\u00e4tten Richtline ASR A1.3 welche die DGVU abgel\u00f6st hat.<\/p>\n<p>Sie m\u00f6chten nicht, dass jemand eine Fl\u00e4che betritt? Verwenden Sie dieses Verbotsschild, wenn Sie das Betreten einer Fl\u00e4che verbieten. Damit zeigen Sie Betretungsverbote wirksam am.<\/p>\n<p>Die Optik entspricht den internationalen Standards.\u00a0 Sie informieren Mitarbeiter oder Besucher damit wirkungsvoll \u00fcber das Betretungsverbot.<\/p>\n<p>Gr\u00fcnde f\u00fcr Betretungsverbote\u00a0 sind u.a.:<\/p>\n<ul>\n<li>Die Fl\u00e4che wird Bearbeitet<\/li>\n<li>Der Boden erh\u00e4lt gerade einen neuen Belag<\/li>\n<li>Es ist ein einsturzgef\u00e4hrdeter Bereich<\/li>\n<li>oder Sie m\u00fcssen die Fl\u00e4che reinigen, weil sie kontaminiert ist<\/li>\n<\/ul>\n<p>Bestellen Sie das Schild entweder als Aufkleber, stabiles Alu-Verbund Schild oder leichtes Kunststoffschild.<\/p>\n<p>Die Schilder k\u00f6nnen verschraubt oder auch mit Spiegelklebeband sicher befestigt werden.<\/p>\n<p>Aufkleber k\u00f6nnen Sie leicht an sauberen, glatten Untergr\u00fcnden anbringen.<\/p>\n<p>Wir fertigen die Aufkleber auf lange haltbarer Selbstklebefolie. Diese erh\u00e4lt zus\u00e4tzlich ein Schutzlaminat. Dadurch ist eine \u00fcberdurchschnittlich lange Haltbarkeit zu erwarten.<\/p>\n<p>Das Schild &#8220;Betreten der Fl\u00e4che verboten&#8221; wird bei uns im Haus gefertigt. Sie kaufen direkt beim Hersteller.<\/p>\n<p>Wir stellen auf Anfrage auch Sondergr\u00f6\u00dfen her. Kontaktieren Sie uns hierf\u00fcr einfach.<\/p>\n<p>Zum Drucken verwenden wir umweltfreundliche Farben. Die Farben sind im GREENGUARD GOLD Standard zertifiziert. Kurze Lieferwege durch Produktion und Versand aus Deutschland.<\/p>\n","protected":false},"excerpt":{"rendered":"<p>Betreten der Fl\u00e4che verboten als Schild oder Aufkleber Das Aussehen ist wie in der Norm DIN EN ISO 7010 P024definiert. Es entspricht der Arbeitsst\u00e4tten Richtline ASR A1.3 welche die DGVU abgel\u00f6st hat. Sie m\u00f6chten nicht, dass jemand eine Fl\u00e4che betritt? Verwenden Sie dieses Verbotsschild, wenn Sie das Betreten einer Fl\u00e4che verbieten. Damit zeigen Sie Betretungsverbote [&hellip;]<\/p>\n","protected":false},"featured_media":18778,"comment_status":"open","ping_status":"closed","template":"","meta":[],"product_cat":[118,195,197,85],"product_tag":[],"class_list":{"0":"post-17677","1":"product","2":"type-product","3":"status-publish","4":"has-post-thumbnail","6":"product_cat-schilder","7":"product_cat-normschilder","8":"product_cat-verbotsschilder","9":"product_cat-aufkleber","11":"first","12":"instock","13":"taxable","14":"shipping-taxable","15":"product-type-simple"},"yoast_head":"<!-- This site is optimized with the Yoast SEO plugin v20.1 - https:\/\/yoast.com\/wordpress\/plugins\/seo\/ -->\n<title>Betreten der Fl\u00e4che verboten Schild, Aufkleber - Sticker und Schilder<\/title>\n<meta name=\"description\" content=\"Betreten der Fl\u00e4che Verboten als \u2705 Schild oder \u2705 Aufkleber \u2705 Norm: ASR 1.3\/ISO 7010 P024- Verschiedene Gr\u00f6\u00dfen Schnelle Lieferung\" \/>\n<meta name=\"robots\" content=\"index, follow, max-snippet:-1, max-image-preview:large, max-video-preview:-1\" \/>\n<link rel=\"canonical\" href=\"https:\/\/sticker-schilder.de\/?product=betreten-der-flaeche-verboten-schild-aufkleber\" \/>\n<meta property=\"og:locale\" content=\"de_DE\" \/>\n<meta property=\"og:type\" content=\"article\" \/>\n<meta property=\"og:title\" content=\"Betreten der Fl\u00e4che verboten Schild, Aufkleber - Sticker und Schilder\" \/>\n<meta property=\"og:description\" content=\"Betreten der Fl\u00e4che Verboten als \u2705 Schild oder \u2705 Aufkleber \u2705 Norm: ASR 1.3\/ISO 7010 P024- Verschiedene Gr\u00f6\u00dfen Schnelle Lieferung\" \/>\n<meta property=\"og:url\" content=\"https:\/\/sticker-schilder.de\/?product=betreten-der-flaeche-verboten-schild-aufkleber\" \/>\n<meta property=\"og:site_name\" content=\"Sticker und Schilder\" \/>\n<meta property=\"article:modified_time\" content=\"2023-03-16T09:09:05+00:00\" \/>\n<meta property=\"og:image\" content=\"https:\/\/sticker-schilder.de\/wp-content\/uploads\/2023\/02\/Betreten-der-Flaeche-verboten-scaled.jpg\" \/>\n\t<meta property=\"og:image:width\" content=\"2560\" \/>\n\t<meta property=\"og:image:height\" content=\"2560\" \/>\n\t<meta property=\"og:image:type\" content=\"image\/jpeg\" \/>\n<meta name=\"twitter:card\" content=\"summary_large_image\" \/>\n<meta name=\"twitter:label1\" content=\"Gesch\u00e4tzte Lesezeit\" \/>\n\t<meta name=\"twitter:data1\" content=\"2\u00a0Minuten\" \/>\n<script type=\"application\/ld+json\" class=\"yoast-schema-graph\">{\"@context\":\"https:\/\/schema.org\",\"@graph\":[{\"@type\":\"WebPage\",\"@id\":\"https:\/\/sticker-schilder.de\/?product=betreten-der-flaeche-verboten-schild-aufkleber\",\"url\":\"https:\/\/sticker-schilder.de\/?product=betreten-der-flaeche-verboten-schild-aufkleber\",\"name\":\"Betreten der Fl\u00e4che verboten Schild, Aufkleber - Sticker und Schilder\",\"isPartOf\":{\"@id\":\"https:\/\/sticker-schilder.de\/#website\"},\"datePublished\":\"2023-02-23T12:32:51+00:00\",\"dateModified\":\"2023-03-16T09:09:05+00:00\",\"description\":\"Betreten der Fl\u00e4che Verboten als \u2705 Schild oder \u2705 Aufkleber \u2705 Norm: ASR 1.3\/ISO 7010 P024- Verschiedene Gr\u00f6\u00dfen Schnelle Lieferung\",\"breadcrumb\":{\"@id\":\"https:\/\/sticker-schilder.de\/?product=betreten-der-flaeche-verboten-schild-aufkleber#breadcrumb\"},\"inLanguage\":\"de\",\"potentialAction\":[{\"@type\":\"ReadAction\",\"target\":[\"https:\/\/sticker-schilder.de\/?product=betreten-der-flaeche-verboten-schild-aufkleber\"]}]},{\"@type\":\"BreadcrumbList\",\"@id\":\"https:\/\/sticker-schilder.de\/?product=betreten-der-flaeche-verboten-schild-aufkleber#breadcrumb\",\"itemListElement\":[{\"@type\":\"ListItem\",\"position\":1,\"name\":\"Startseite\",\"item\":\"https:\/\/sticker-schilder.de\/\"},{\"@type\":\"ListItem\",\"position\":2,\"name\":\"Shop\",\"item\":\"https:\/\/sticker-schilder.de\/?page_id=8\"},{\"@type\":\"ListItem\",\"position\":3,\"name\":\"Betreten der Fl\u00e4che verboten Schild, Aufkleber\"}]},{\"@type\":\"WebSite\",\"@id\":\"https:\/\/sticker-schilder.de\/#website\",\"url\":\"https:\/\/sticker-schilder.de\/\",\"name\":\"Sticker und Schilder\",\"description\":\"auch zum selbst gestalten\",\"potentialAction\":[{\"@type\":\"SearchAction\",\"target\":{\"@type\":\"EntryPoint\",\"urlTemplate\":\"https:\/\/sticker-schilder.de\/?s={search_term_string}\"},\"query-input\":\"required name=search_term_string\"}],\"inLanguage\":\"de\"}]}<\/script>\n<!-- \/ Yoast SEO plugin. -->","yoast_head_json":{"title":"Betreten der Fl\u00e4che verboten Schild, Aufkleber - Sticker und Schilder","description":"Betreten der Fl\u00e4che Verboten als \u2705 Schild oder \u2705 Aufkleber \u2705 Norm: ASR 1.3\/ISO 7010 P024- Verschiedene Gr\u00f6\u00dfen Schnelle Lieferung","robots":{"index":"index","follow":"follow","max-snippet":"max-snippet:-1","max-image-preview":"max-image-preview:large","max-video-preview":"max-video-preview:-1"},"canonical":"https:\/\/sticker-schilder.de\/?product=betreten-der-flaeche-verboten-schild-aufkleber","og_locale":"de_DE","og_type":"article","og_title":"Betreten der Fl\u00e4che verboten Schild, Aufkleber - Sticker und Schilder","og_description":"Betreten der Fl\u00e4che Verboten als \u2705 Schild oder \u2705 Aufkleber \u2705 Norm: ASR 1.3\/ISO 7010 P024- Verschiedene Gr\u00f6\u00dfen Schnelle Lieferung","og_url":"https:\/\/sticker-schilder.de\/?product=betreten-der-flaeche-verboten-schild-aufkleber","og_site_name":"Sticker und Schilder","article_modified_time":"2023-03-16T09:09:05+00:00","og_image":[{"width":2560,"height":2560,"url":"https:\/\/sticker-schilder.de\/wp-content\/uploads\/2023\/02\/Betreten-der-Flaeche-verboten-scaled.jpg","type":"image\/jpeg"}],"twitter_card":"summary_large_image","twitter_misc":{"Gesch\u00e4tzte Lesezeit":"2\u00a0Minuten"},"schema":{"@context":"https:\/\/schema.org","@graph":[{"@type":"WebPage","@id":"https:\/\/sticker-schilder.de\/?product=betreten-der-flaeche-verboten-schild-aufkleber","url":"https:\/\/sticker-schilder.de\/?product=betreten-der-flaeche-verboten-schild-aufkleber","name":"Betreten der Fl\u00e4che verboten Schild, Aufkleber - Sticker und Schilder","isPartOf":{"@id":"https:\/\/sticker-schilder.de\/#website"},"datePublished":"2023-02-23T12:32:51+00:00","dateModified":"2023-03-16T09:09:05+00:00","description":"Betreten der Fl\u00e4che Verboten als \u2705 Schild oder \u2705 Aufkleber \u2705 Norm: ASR 1.3\/ISO 7010 P024- Verschiedene Gr\u00f6\u00dfen Schnelle Lieferung","breadcrumb":{"@id":"https:\/\/sticker-schilder.de\/?product=betreten-der-flaeche-verboten-schild-aufkleber#breadcrumb"},"inLanguage":"de","potentialAction":[{"@type":"ReadAction","target":["https:\/\/sticker-schilder.de\/?product=betreten-der-flaeche-verboten-schild-aufkleber"]}]},{"@type":"BreadcrumbList","@id":"https:\/\/sticker-schilder.de\/?product=betreten-der-flaeche-verboten-schild-aufkleber#breadcrumb","itemListElement":[{"@type":"ListItem","position":1,"name":"Startseite","item":"https:\/\/sticker-schilder.de\/"},{"@type":"ListItem","position":2,"name":"Shop","item":"https:\/\/sticker-schilder.de\/?page_id=8"},{"@type":"ListItem","position":3,"name":"Betreten der Fl\u00e4che verboten Schild, Aufkleber"}]},{"@type":"WebSite","@id":"https:\/\/sticker-schilder.de\/#website","url":"https:\/\/sticker-schilder.de\/","name":"Sticker und Schilder","description":"auch zum selbst gestalten","potentialAction":[{"@type":"SearchAction","target":{"@type":"EntryPoint","urlTemplate":"https:\/\/sticker-schilder.de\/?s={search_term_string}"},"query-input":"required name=search_term_string"}],"inLanguage":"de"}]}},"_links":{"self":[{"href":"https:\/\/sticker-schilder.de\/index.php?rest_route=\/wp\/v2\/product\/17677","targetHints":{"allow":["GET"]}}],"collection":[{"href":"https:\/\/sticker-schilder.de\/index.php?rest_route=\/wp\/v2\/product"}],"about":[{"href":"https:\/\/sticker-schilder.de\/index.php?rest_route=\/wp\/v2\/types\/product"}],"replies":[{"embeddable":true,"href":"https:\/\/sticker-schilder.de\/index.php?rest_route=%2Fwp%2Fv2%2Fcomments&post=17677"}],"wp:featuredmedia":[{"embeddable":true,"href":"https:\/\/sticker-schilder.de\/index.php?rest_route=\/wp\/v2\/media\/18778"}],"wp:attachment":[{"href":"https:\/\/sticker-schilder.de\/index.php?rest_route=%2Fwp%2Fv2%2Fmedia&parent=17677"}],"wp:term":[{"taxonomy":"product_cat","embeddable":true,"href":"https:\/\/sticker-schilder.de\/index.php?rest_route=%2Fwp%2Fv2%2Fproduct_cat&post=17677"},{"taxonomy":"product_tag","embeddable":true,"href":"https:\/\/sticker-schilder.de\/index.php?rest_route=%2Fwp%2Fv2%2Fproduct_tag&post=17677"}],"curies":[{"name":"wp","href":"https:\/\/api.w.org\/{rel}","templated":true}]}}