{"id":17669,"date":"2023-02-23T13:07:56","date_gmt":"2023-02-23T12:07:56","guid":{"rendered":"https:\/\/sticker-schilder.de\/?post_type=product&#038;p=17669"},"modified":"2023-03-16T13:00:16","modified_gmt":"2023-03-16T12:00:16","slug":"eingeschaltete-mobiltelefone-verboten-schild","status":"publish","type":"product","link":"https:\/\/sticker-schilder.de\/?product=eingeschaltete-mobiltelefone-verboten-schild","title":{"rendered":"Eingeschaltete Mobiltelefone verboten Schild"},"content":{"rendered":"<p><strong>Eingeschaltete Mobiltelefone verboten <\/strong>als Schild oder Aufkleber<\/p>\n<p>Das Aussehen ist wie in der Norm DIN EN ISO 7010 P0013 definiert.<\/p>\n<p>Es entspricht der Arbeitsst\u00e4tten Richtline ASR A1.3 welche die DGVU abgel\u00f6st hat.<\/p>\n<p>Sie verbieten eingeschaltete Mobiltelefone in gewissen Bereichen? Verwenden Sie dieses Verbotsschild, wenn Sie eingeschaltete Mobiltelefone verbieten. Gute Gr\u00fcnde daf\u00fcr k\u00f6nnen sein:<\/p>\n<ul>\n<li>Sie betreiben empfindliche elektronische Ger\u00e4te<\/li>\n<li>oder Ihre Mitarbeiter m\u00fcssen besonders konzentriert sein<\/li>\n<li>oder sie setzen ein gesetzliches Verbot um<\/li>\n<\/ul>\n<p>zus\u00e4tzlich gibt es nat\u00fcrlich auch noch viele andere gute Gr\u00fcnde, laufende Mobiltelefone in gewissen Bereichen zu untersagen.<\/p>\n<p>So z.B., um betriebliche Sicherheitskonzepte wirksam umzusetzen.<\/p>\n<p>Denn die Optik entspricht den internationalen Standards.\u00a0 Sie informieren Mitarbeiter oder Besucher damit wirkungsvoll.<\/p>\n<p>&nbsp;<\/p>\n<p>Bestellen Sie das Schild entweder als Aufkleber, stabiles Alu-Verbund Schild oder leichtes Kunststoffschild.<\/p>\n<p>Sie k\u00f6nnen das Schild nicht nur verschrauben, sondern auch mit Spiegelklebeband sicher befestigen.<\/p>\n<p>Aufkleber k\u00f6nnen Sie leicht an sauberen, glatten Untergr\u00fcnden anbringen.<\/p>\n<p>Wir fertigen die Aufkleber auf lange haltbarer Selbstklebefolie. Diese erh\u00e4lt zus\u00e4tzlich ein Schutzlaminat. Dadurch ist eine \u00fcberdurchschnittlich lange Haltbarkeit zu erwarten.<\/p>\n<p>Das Schild &#8220;eingeschaltete Mobiltelefone verboten&#8221; wird bei uns im Haus gefertigt. Sie kaufen direkt beim Hersteller.<\/p>\n<p>Wir stellen auf Anfrage auch Sondergr\u00f6\u00dfen her. Kontaktieren Sie uns hierf\u00fcr einfach.<\/p>\n<p>Zum Drucken verwenden wir umweltfreundliche Farben. Die Farben sind im GREENGUARD GOLD Standard zertifiziert.<\/p>\n<p>Bestellen sie bei uns, weil wir in Deutschland produzierten und dadurch kurze Versandwege haben.<\/p>\n","protected":false},"excerpt":{"rendered":"<p>Eingeschaltete Mobiltelefone verboten als Schild oder Aufkleber Das Aussehen ist wie in der Norm DIN EN ISO 7010 P0013 definiert. Es entspricht der Arbeitsst\u00e4tten Richtline ASR A1.3 welche die DGVU abgel\u00f6st hat. Sie verbieten eingeschaltete Mobiltelefone in gewissen Bereichen? Verwenden Sie dieses Verbotsschild, wenn Sie eingeschaltete Mobiltelefone verbieten. Gute Gr\u00fcnde daf\u00fcr k\u00f6nnen sein: Sie betreiben [&hellip;]<\/p>\n","protected":false},"featured_media":18809,"comment_status":"open","ping_status":"closed","template":"","meta":[],"product_cat":[118,195,197,85],"product_tag":[],"class_list":{"0":"post-17669","1":"product","2":"type-product","3":"status-publish","4":"has-post-thumbnail","6":"product_cat-schilder","7":"product_cat-normschilder","8":"product_cat-verbotsschilder","9":"product_cat-aufkleber","11":"first","12":"instock","13":"taxable","14":"shipping-taxable","15":"product-type-simple"},"yoast_head":"<!-- This site is optimized with the Yoast SEO plugin v20.1 - https:\/\/yoast.com\/wordpress\/plugins\/seo\/ -->\n<title>Eingeschaltete Mobiltelefone verboten Schild - Sticker und Schilder<\/title>\n<meta name=\"description\" content=\"eingeschaltete Mobiltelefone verboten als \u2705 Schild oder \u2705 Aufkleber \u2705 Norm: ASR 1.3\/ISO 7010 P013 - Schnelle Lieferung aus Deutschland\" \/>\n<meta name=\"robots\" content=\"index, follow, max-snippet:-1, max-image-preview:large, max-video-preview:-1\" \/>\n<link rel=\"canonical\" href=\"https:\/\/sticker-schilder.de\/?product=eingeschaltete-mobiltelefone-verboten-schild\" \/>\n<meta property=\"og:locale\" content=\"de_DE\" \/>\n<meta property=\"og:type\" content=\"article\" \/>\n<meta property=\"og:title\" content=\"Eingeschaltete Mobiltelefone verboten Schild - Sticker und Schilder\" \/>\n<meta property=\"og:description\" content=\"eingeschaltete Mobiltelefone verboten als \u2705 Schild oder \u2705 Aufkleber \u2705 Norm: ASR 1.3\/ISO 7010 P013 - Schnelle Lieferung aus Deutschland\" \/>\n<meta property=\"og:url\" content=\"https:\/\/sticker-schilder.de\/?product=eingeschaltete-mobiltelefone-verboten-schild\" \/>\n<meta property=\"og:site_name\" content=\"Sticker und Schilder\" \/>\n<meta property=\"article:modified_time\" content=\"2023-03-16T12:00:16+00:00\" \/>\n<meta property=\"og:image\" content=\"https:\/\/sticker-schilder.de\/wp-content\/uploads\/2023\/02\/Eingeschaltete-Mobiltelefone-verboten-scaled.jpg\" \/>\n\t<meta property=\"og:image:width\" content=\"2560\" \/>\n\t<meta property=\"og:image:height\" content=\"2560\" \/>\n\t<meta property=\"og:image:type\" content=\"image\/jpeg\" \/>\n<meta name=\"twitter:card\" content=\"summary_large_image\" \/>\n<meta name=\"twitter:label1\" content=\"Gesch\u00e4tzte Lesezeit\" \/>\n\t<meta name=\"twitter:data1\" content=\"2\u00a0Minuten\" \/>\n<script type=\"application\/ld+json\" class=\"yoast-schema-graph\">{\"@context\":\"https:\/\/schema.org\",\"@graph\":[{\"@type\":\"WebPage\",\"@id\":\"https:\/\/sticker-schilder.de\/?product=eingeschaltete-mobiltelefone-verboten-schild\",\"url\":\"https:\/\/sticker-schilder.de\/?product=eingeschaltete-mobiltelefone-verboten-schild\",\"name\":\"Eingeschaltete Mobiltelefone verboten Schild - Sticker und Schilder\",\"isPartOf\":{\"@id\":\"https:\/\/sticker-schilder.de\/#website\"},\"datePublished\":\"2023-02-23T12:07:56+00:00\",\"dateModified\":\"2023-03-16T12:00:16+00:00\",\"description\":\"eingeschaltete Mobiltelefone verboten als \u2705 Schild oder \u2705 Aufkleber \u2705 Norm: ASR 1.3\/ISO 7010 P013 - Schnelle Lieferung aus Deutschland\",\"breadcrumb\":{\"@id\":\"https:\/\/sticker-schilder.de\/?product=eingeschaltete-mobiltelefone-verboten-schild#breadcrumb\"},\"inLanguage\":\"de\",\"potentialAction\":[{\"@type\":\"ReadAction\",\"target\":[\"https:\/\/sticker-schilder.de\/?product=eingeschaltete-mobiltelefone-verboten-schild\"]}]},{\"@type\":\"BreadcrumbList\",\"@id\":\"https:\/\/sticker-schilder.de\/?product=eingeschaltete-mobiltelefone-verboten-schild#breadcrumb\",\"itemListElement\":[{\"@type\":\"ListItem\",\"position\":1,\"name\":\"Startseite\",\"item\":\"https:\/\/sticker-schilder.de\/\"},{\"@type\":\"ListItem\",\"position\":2,\"name\":\"Shop\",\"item\":\"https:\/\/sticker-schilder.de\/?page_id=8\"},{\"@type\":\"ListItem\",\"position\":3,\"name\":\"Eingeschaltete Mobiltelefone verboten Schild\"}]},{\"@type\":\"WebSite\",\"@id\":\"https:\/\/sticker-schilder.de\/#website\",\"url\":\"https:\/\/sticker-schilder.de\/\",\"name\":\"Sticker und Schilder\",\"description\":\"auch zum selbst gestalten\",\"potentialAction\":[{\"@type\":\"SearchAction\",\"target\":{\"@type\":\"EntryPoint\",\"urlTemplate\":\"https:\/\/sticker-schilder.de\/?s={search_term_string}\"},\"query-input\":\"required name=search_term_string\"}],\"inLanguage\":\"de\"}]}<\/script>\n<!-- \/ Yoast SEO plugin. -->","yoast_head_json":{"title":"Eingeschaltete Mobiltelefone verboten Schild - Sticker und Schilder","description":"eingeschaltete Mobiltelefone verboten als \u2705 Schild oder \u2705 Aufkleber \u2705 Norm: ASR 1.3\/ISO 7010 P013 - Schnelle Lieferung aus Deutschland","robots":{"index":"index","follow":"follow","max-snippet":"max-snippet:-1","max-image-preview":"max-image-preview:large","max-video-preview":"max-video-preview:-1"},"canonical":"https:\/\/sticker-schilder.de\/?product=eingeschaltete-mobiltelefone-verboten-schild","og_locale":"de_DE","og_type":"article","og_title":"Eingeschaltete Mobiltelefone verboten Schild - Sticker und Schilder","og_description":"eingeschaltete Mobiltelefone verboten als \u2705 Schild oder \u2705 Aufkleber \u2705 Norm: ASR 1.3\/ISO 7010 P013 - Schnelle Lieferung aus Deutschland","og_url":"https:\/\/sticker-schilder.de\/?product=eingeschaltete-mobiltelefone-verboten-schild","og_site_name":"Sticker und Schilder","article_modified_time":"2023-03-16T12:00:16+00:00","og_image":[{"width":2560,"height":2560,"url":"https:\/\/sticker-schilder.de\/wp-content\/uploads\/2023\/02\/Eingeschaltete-Mobiltelefone-verboten-scaled.jpg","type":"image\/jpeg"}],"twitter_card":"summary_large_image","twitter_misc":{"Gesch\u00e4tzte Lesezeit":"2\u00a0Minuten"},"schema":{"@context":"https:\/\/schema.org","@graph":[{"@type":"WebPage","@id":"https:\/\/sticker-schilder.de\/?product=eingeschaltete-mobiltelefone-verboten-schild","url":"https:\/\/sticker-schilder.de\/?product=eingeschaltete-mobiltelefone-verboten-schild","name":"Eingeschaltete Mobiltelefone verboten Schild - Sticker und Schilder","isPartOf":{"@id":"https:\/\/sticker-schilder.de\/#website"},"datePublished":"2023-02-23T12:07:56+00:00","dateModified":"2023-03-16T12:00:16+00:00","description":"eingeschaltete Mobiltelefone verboten als \u2705 Schild oder \u2705 Aufkleber \u2705 Norm: ASR 1.3\/ISO 7010 P013 - Schnelle Lieferung aus Deutschland","breadcrumb":{"@id":"https:\/\/sticker-schilder.de\/?product=eingeschaltete-mobiltelefone-verboten-schild#breadcrumb"},"inLanguage":"de","potentialAction":[{"@type":"ReadAction","target":["https:\/\/sticker-schilder.de\/?product=eingeschaltete-mobiltelefone-verboten-schild"]}]},{"@type":"BreadcrumbList","@id":"https:\/\/sticker-schilder.de\/?product=eingeschaltete-mobiltelefone-verboten-schild#breadcrumb","itemListElement":[{"@type":"ListItem","position":1,"name":"Startseite","item":"https:\/\/sticker-schilder.de\/"},{"@type":"ListItem","position":2,"name":"Shop","item":"https:\/\/sticker-schilder.de\/?page_id=8"},{"@type":"ListItem","position":3,"name":"Eingeschaltete Mobiltelefone verboten Schild"}]},{"@type":"WebSite","@id":"https:\/\/sticker-schilder.de\/#website","url":"https:\/\/sticker-schilder.de\/","name":"Sticker und Schilder","description":"auch zum selbst gestalten","potentialAction":[{"@type":"SearchAction","target":{"@type":"EntryPoint","urlTemplate":"https:\/\/sticker-schilder.de\/?s={search_term_string}"},"query-input":"required name=search_term_string"}],"inLanguage":"de"}]}},"_links":{"self":[{"href":"https:\/\/sticker-schilder.de\/index.php?rest_route=\/wp\/v2\/product\/17669","targetHints":{"allow":["GET"]}}],"collection":[{"href":"https:\/\/sticker-schilder.de\/index.php?rest_route=\/wp\/v2\/product"}],"about":[{"href":"https:\/\/sticker-schilder.de\/index.php?rest_route=\/wp\/v2\/types\/product"}],"replies":[{"embeddable":true,"href":"https:\/\/sticker-schilder.de\/index.php?rest_route=%2Fwp%2Fv2%2Fcomments&post=17669"}],"wp:featuredmedia":[{"embeddable":true,"href":"https:\/\/sticker-schilder.de\/index.php?rest_route=\/wp\/v2\/media\/18809"}],"wp:attachment":[{"href":"https:\/\/sticker-schilder.de\/index.php?rest_route=%2Fwp%2Fv2%2Fmedia&parent=17669"}],"wp:term":[{"taxonomy":"product_cat","embeddable":true,"href":"https:\/\/sticker-schilder.de\/index.php?rest_route=%2Fwp%2Fv2%2Fproduct_cat&post=17669"},{"taxonomy":"product_tag","embeddable":true,"href":"https:\/\/sticker-schilder.de\/index.php?rest_route=%2Fwp%2Fv2%2Fproduct_tag&post=17669"}],"curies":[{"name":"wp","href":"https:\/\/api.w.org\/{rel}","templated":true}]}}