{"id":17657,"date":"2023-02-23T11:38:10","date_gmt":"2023-02-23T10:38:10","guid":{"rendered":"https:\/\/sticker-schilder.de\/?post_type=product&#038;p=17657"},"modified":"2023-03-16T14:03:31","modified_gmt":"2023-03-16T13:03:31","slug":"brandmelder-schilder-aufkleber","status":"publish","type":"product","link":"https:\/\/sticker-schilder.de\/?product=brandmelder-schilder-aufkleber","title":{"rendered":"Brandmelder Schilder, Aufkleber"},"content":{"rendered":"<p><strong>Brandschutzzeichen Schild Brandmelder <\/strong>zur normgerechten Kennzeichnung.<\/p>\n<p>Hiermit kennzeichnen Sie den Standort Ihres Brandmelders und verbessern die Sichtbarkeit.<\/p>\n<p>So kann ihn jeder im Brandfall schnell finden und einen Brand melden.\u00a0 Damit verbessern Sie die Sicherheit im Notfall.<\/p>\n<p>Das Brandschutzzeichen bzw. Schild Brandmelder entspricht der<\/p>\n<p>Internationalen Norm: ASR 1.3\/<strong>ISO 7010 F005<br \/>\n<\/strong><\/p>\n<p>Schilder k\u00f6nnen verschraubt oder auch mit Spiegelklebeband sicher befestigt werden.<\/p>\n<p>Auch als lange haltbarer Aufkleber erh\u00e4ltlich.<\/p>\n<p>Im Brandfall erm\u00f6glichen Sie ggf. Br\u00e4nde schneller bek\u00e4mpfen zu k\u00f6nnen, So verringern Sie Sch\u00e4den die bei einem Brand entstehen.<\/p>\n<p>Dieses kleine, preiswerte Schild kann Leben retten. Denn durch schnellen Feueralarm k\u00f6nnen sich Personen aus der Gefahrenzone entfernen.<\/p>\n<p>Es ist so einfach, die\u00a0 Arbeitsst\u00e4ttenrichtlinie zur Verh\u00fctung von Br\u00e4nden einzuhalten.<\/p>\n","protected":false},"excerpt":{"rendered":"<p>Brandschutzzeichen Schild Brandmelder zur normgerechten Kennzeichnung. Hiermit kennzeichnen Sie den Standort Ihres Brandmelders und verbessern die Sichtbarkeit. So kann ihn jeder im Brandfall schnell finden und einen Brand melden.\u00a0 Damit verbessern Sie die Sicherheit im Notfall. Das Brandschutzzeichen bzw. Schild Brandmelder entspricht der Internationalen Norm: ASR 1.3\/ISO 7010 F005 Schilder k\u00f6nnen verschraubt oder auch mit [&hellip;]<\/p>\n","protected":false},"featured_media":18839,"comment_status":"open","ping_status":"closed","template":"","meta":[],"product_cat":[118,195,199,85],"product_tag":[],"class_list":{"0":"post-17657","1":"product","2":"type-product","3":"status-publish","4":"has-post-thumbnail","6":"product_cat-schilder","7":"product_cat-normschilder","8":"product_cat-brandschutzschilder","9":"product_cat-aufkleber","11":"first","12":"instock","13":"taxable","14":"shipping-taxable","15":"product-type-simple"},"yoast_head":"<!-- This site is optimized with the Yoast SEO plugin v20.1 - https:\/\/yoast.com\/wordpress\/plugins\/seo\/ -->\n<title>Brandmelder Schilder, Aufkleber - Sticker und Schilder<\/title>\n<meta name=\"description\" content=\"Brandschutzzeichen Schild Brandmelder \u2705 Norm: ASR 1.3\/ISO 7010 \u2705 Sicherheitskennzeichnung als Schild oder Aufkleber erh\u00e4ltlich \u2705 schnell\" \/>\n<meta name=\"robots\" content=\"index, follow, max-snippet:-1, max-image-preview:large, max-video-preview:-1\" \/>\n<link rel=\"canonical\" href=\"https:\/\/sticker-schilder.de\/?product=brandmelder-schilder-aufkleber\" \/>\n<meta property=\"og:locale\" content=\"de_DE\" \/>\n<meta property=\"og:type\" content=\"article\" \/>\n<meta property=\"og:title\" content=\"Brandmelder Schilder, Aufkleber - Sticker und Schilder\" \/>\n<meta property=\"og:description\" content=\"Brandschutzzeichen Schild Brandmelder \u2705 Norm: ASR 1.3\/ISO 7010 \u2705 Sicherheitskennzeichnung als Schild oder Aufkleber erh\u00e4ltlich \u2705 schnell\" \/>\n<meta property=\"og:url\" content=\"https:\/\/sticker-schilder.de\/?product=brandmelder-schilder-aufkleber\" \/>\n<meta property=\"og:site_name\" content=\"Sticker und Schilder\" \/>\n<meta property=\"article:modified_time\" content=\"2023-03-16T13:03:31+00:00\" \/>\n<meta property=\"og:image\" content=\"https:\/\/sticker-schilder.de\/wp-content\/uploads\/2023\/02\/Brandmelder-scaled.jpg\" \/>\n\t<meta property=\"og:image:width\" content=\"2560\" \/>\n\t<meta property=\"og:image:height\" content=\"2560\" \/>\n\t<meta property=\"og:image:type\" content=\"image\/jpeg\" \/>\n<meta name=\"twitter:card\" content=\"summary_large_image\" \/>\n<meta name=\"twitter:label1\" content=\"Gesch\u00e4tzte Lesezeit\" \/>\n\t<meta name=\"twitter:data1\" content=\"1\u00a0Minute\" \/>\n<script type=\"application\/ld+json\" class=\"yoast-schema-graph\">{\"@context\":\"https:\/\/schema.org\",\"@graph\":[{\"@type\":\"WebPage\",\"@id\":\"https:\/\/sticker-schilder.de\/?product=brandmelder-schilder-aufkleber\",\"url\":\"https:\/\/sticker-schilder.de\/?product=brandmelder-schilder-aufkleber\",\"name\":\"Brandmelder Schilder, Aufkleber - Sticker und Schilder\",\"isPartOf\":{\"@id\":\"https:\/\/sticker-schilder.de\/#website\"},\"datePublished\":\"2023-02-23T10:38:10+00:00\",\"dateModified\":\"2023-03-16T13:03:31+00:00\",\"description\":\"Brandschutzzeichen Schild Brandmelder \u2705 Norm: ASR 1.3\/ISO 7010 \u2705 Sicherheitskennzeichnung als Schild oder Aufkleber erh\u00e4ltlich \u2705 schnell\",\"breadcrumb\":{\"@id\":\"https:\/\/sticker-schilder.de\/?product=brandmelder-schilder-aufkleber#breadcrumb\"},\"inLanguage\":\"de\",\"potentialAction\":[{\"@type\":\"ReadAction\",\"target\":[\"https:\/\/sticker-schilder.de\/?product=brandmelder-schilder-aufkleber\"]}]},{\"@type\":\"BreadcrumbList\",\"@id\":\"https:\/\/sticker-schilder.de\/?product=brandmelder-schilder-aufkleber#breadcrumb\",\"itemListElement\":[{\"@type\":\"ListItem\",\"position\":1,\"name\":\"Startseite\",\"item\":\"https:\/\/sticker-schilder.de\/\"},{\"@type\":\"ListItem\",\"position\":2,\"name\":\"Shop\",\"item\":\"https:\/\/sticker-schilder.de\/?page_id=8\"},{\"@type\":\"ListItem\",\"position\":3,\"name\":\"Brandmelder Schilder, Aufkleber\"}]},{\"@type\":\"WebSite\",\"@id\":\"https:\/\/sticker-schilder.de\/#website\",\"url\":\"https:\/\/sticker-schilder.de\/\",\"name\":\"Sticker und Schilder\",\"description\":\"auch zum selbst gestalten\",\"potentialAction\":[{\"@type\":\"SearchAction\",\"target\":{\"@type\":\"EntryPoint\",\"urlTemplate\":\"https:\/\/sticker-schilder.de\/?s={search_term_string}\"},\"query-input\":\"required name=search_term_string\"}],\"inLanguage\":\"de\"}]}<\/script>\n<!-- \/ Yoast SEO plugin. -->","yoast_head_json":{"title":"Brandmelder Schilder, Aufkleber - Sticker und Schilder","description":"Brandschutzzeichen Schild Brandmelder \u2705 Norm: ASR 1.3\/ISO 7010 \u2705 Sicherheitskennzeichnung als Schild oder Aufkleber erh\u00e4ltlich \u2705 schnell","robots":{"index":"index","follow":"follow","max-snippet":"max-snippet:-1","max-image-preview":"max-image-preview:large","max-video-preview":"max-video-preview:-1"},"canonical":"https:\/\/sticker-schilder.de\/?product=brandmelder-schilder-aufkleber","og_locale":"de_DE","og_type":"article","og_title":"Brandmelder Schilder, Aufkleber - Sticker und Schilder","og_description":"Brandschutzzeichen Schild Brandmelder \u2705 Norm: ASR 1.3\/ISO 7010 \u2705 Sicherheitskennzeichnung als Schild oder Aufkleber erh\u00e4ltlich \u2705 schnell","og_url":"https:\/\/sticker-schilder.de\/?product=brandmelder-schilder-aufkleber","og_site_name":"Sticker und Schilder","article_modified_time":"2023-03-16T13:03:31+00:00","og_image":[{"width":2560,"height":2560,"url":"https:\/\/sticker-schilder.de\/wp-content\/uploads\/2023\/02\/Brandmelder-scaled.jpg","type":"image\/jpeg"}],"twitter_card":"summary_large_image","twitter_misc":{"Gesch\u00e4tzte Lesezeit":"1\u00a0Minute"},"schema":{"@context":"https:\/\/schema.org","@graph":[{"@type":"WebPage","@id":"https:\/\/sticker-schilder.de\/?product=brandmelder-schilder-aufkleber","url":"https:\/\/sticker-schilder.de\/?product=brandmelder-schilder-aufkleber","name":"Brandmelder Schilder, Aufkleber - Sticker und Schilder","isPartOf":{"@id":"https:\/\/sticker-schilder.de\/#website"},"datePublished":"2023-02-23T10:38:10+00:00","dateModified":"2023-03-16T13:03:31+00:00","description":"Brandschutzzeichen Schild Brandmelder \u2705 Norm: ASR 1.3\/ISO 7010 \u2705 Sicherheitskennzeichnung als Schild oder Aufkleber erh\u00e4ltlich \u2705 schnell","breadcrumb":{"@id":"https:\/\/sticker-schilder.de\/?product=brandmelder-schilder-aufkleber#breadcrumb"},"inLanguage":"de","potentialAction":[{"@type":"ReadAction","target":["https:\/\/sticker-schilder.de\/?product=brandmelder-schilder-aufkleber"]}]},{"@type":"BreadcrumbList","@id":"https:\/\/sticker-schilder.de\/?product=brandmelder-schilder-aufkleber#breadcrumb","itemListElement":[{"@type":"ListItem","position":1,"name":"Startseite","item":"https:\/\/sticker-schilder.de\/"},{"@type":"ListItem","position":2,"name":"Shop","item":"https:\/\/sticker-schilder.de\/?page_id=8"},{"@type":"ListItem","position":3,"name":"Brandmelder Schilder, Aufkleber"}]},{"@type":"WebSite","@id":"https:\/\/sticker-schilder.de\/#website","url":"https:\/\/sticker-schilder.de\/","name":"Sticker und Schilder","description":"auch zum selbst gestalten","potentialAction":[{"@type":"SearchAction","target":{"@type":"EntryPoint","urlTemplate":"https:\/\/sticker-schilder.de\/?s={search_term_string}"},"query-input":"required name=search_term_string"}],"inLanguage":"de"}]}},"_links":{"self":[{"href":"https:\/\/sticker-schilder.de\/index.php?rest_route=\/wp\/v2\/product\/17657","targetHints":{"allow":["GET"]}}],"collection":[{"href":"https:\/\/sticker-schilder.de\/index.php?rest_route=\/wp\/v2\/product"}],"about":[{"href":"https:\/\/sticker-schilder.de\/index.php?rest_route=\/wp\/v2\/types\/product"}],"replies":[{"embeddable":true,"href":"https:\/\/sticker-schilder.de\/index.php?rest_route=%2Fwp%2Fv2%2Fcomments&post=17657"}],"wp:featuredmedia":[{"embeddable":true,"href":"https:\/\/sticker-schilder.de\/index.php?rest_route=\/wp\/v2\/media\/18839"}],"wp:attachment":[{"href":"https:\/\/sticker-schilder.de\/index.php?rest_route=%2Fwp%2Fv2%2Fmedia&parent=17657"}],"wp:term":[{"taxonomy":"product_cat","embeddable":true,"href":"https:\/\/sticker-schilder.de\/index.php?rest_route=%2Fwp%2Fv2%2Fproduct_cat&post=17657"},{"taxonomy":"product_tag","embeddable":true,"href":"https:\/\/sticker-schilder.de\/index.php?rest_route=%2Fwp%2Fv2%2Fproduct_tag&post=17657"}],"curies":[{"name":"wp","href":"https:\/\/api.w.org\/{rel}","templated":true}]}}