{"id":17654,"date":"2023-02-23T10:42:25","date_gmt":"2023-02-23T09:42:25","guid":{"rendered":"https:\/\/sticker-schilder.de\/?post_type=product&#038;p=17654"},"modified":"2023-03-16T14:20:41","modified_gmt":"2023-03-16T13:20:41","slug":"geraete-zur-brandbekaempfung","status":"publish","type":"product","link":"https:\/\/sticker-schilder.de\/?product=geraete-zur-brandbekaempfung","title":{"rendered":"Mittel und Ger\u00e4te zur Brandbek\u00e4mpfung (Schilder,Aufkleber)"},"content":{"rendered":"<p><strong>Schild Mittel und Ger\u00e4te\u00a0 zur Brandbek\u00e4mpfung<\/strong> zur normgerechten Kennzeichnung.<\/p>\n<p>Zeigen Sie, wo sich Ihre Mittel und Ger\u00e4te zur Brandbek\u00e4mpfung sind. So kann jeder im Brandfall schnell darauf zugreifen. Damit verbessern Sie die Sicherheit im Notfall.<\/p>\n<p>Das Schild Mittel und Ger\u00e4te zur Brandbek\u00e4mpfung entspricht der<\/p>\n<p>Internationalen Norm: ASR 1.3\/<strong>ISO 7010 F004<\/strong><\/p>\n<p>Schilder k\u00f6nnen verschraubt oder auch mit Spiegelklebeband sicher befestigt werden.<\/p>\n<p>Auch als lange haltbarer Aufkleber erh\u00e4ltlich.<\/p>\n<p>Damit weisen Sie auf den Ort einer L\u00f6schmittel hin.\u00a0 Im Brandfall erm\u00f6glichen Sie ggf. Br\u00e4nde unmittelbar bek\u00e4mpfen zu k\u00f6nnen. So verringern Sie Sch\u00e4den die bei einem Brand entstehen.<\/p>\n<p>Dieses kleine, preiswerte Schild kann Leben retten.<\/p>\n<p>Es ist so einfach, die\u00a0 Arbeitsst\u00e4ttenrichtlinie zur Verh\u00fctung von Br\u00e4nden einzuhalten.<\/p>\n","protected":false},"excerpt":{"rendered":"<p>Schild Mittel und Ger\u00e4te\u00a0 zur Brandbek\u00e4mpfung zur normgerechten Kennzeichnung. Zeigen Sie, wo sich Ihre Mittel und Ger\u00e4te zur Brandbek\u00e4mpfung sind. So kann jeder im Brandfall schnell darauf zugreifen. Damit verbessern Sie die Sicherheit im Notfall. Das Schild Mittel und Ger\u00e4te zur Brandbek\u00e4mpfung entspricht der Internationalen Norm: ASR 1.3\/ISO 7010 F004 Schilder k\u00f6nnen verschraubt oder auch [&hellip;]<\/p>\n","protected":false},"featured_media":18854,"comment_status":"open","ping_status":"closed","template":"","meta":[],"product_cat":[118,195,199,85],"product_tag":[],"class_list":{"0":"post-17654","1":"product","2":"type-product","3":"status-publish","4":"has-post-thumbnail","6":"product_cat-schilder","7":"product_cat-normschilder","8":"product_cat-brandschutzschilder","9":"product_cat-aufkleber","11":"first","12":"instock","13":"taxable","14":"shipping-taxable","15":"product-type-simple"},"yoast_head":"<!-- This site is optimized with the Yoast SEO plugin v20.1 - https:\/\/yoast.com\/wordpress\/plugins\/seo\/ -->\n<title>Mittel und Ger\u00e4te zur Brandbek\u00e4mpfung (Schilder,Aufkleber) - Sticker und Schilder<\/title>\n<meta name=\"description\" content=\"Schild Mittel und Ger\u00e4te zur Brandbek\u00e4mpfung \u2705 Norm: ASR 1.3\/ISO 7010 F004 \u2705 Sicherheitskennzeichnung als Schild oder Aufkleber erh\u00e4ltlich\" \/>\n<meta name=\"robots\" content=\"index, follow, max-snippet:-1, max-image-preview:large, max-video-preview:-1\" \/>\n<link rel=\"canonical\" href=\"https:\/\/sticker-schilder.de\/?product=geraete-zur-brandbekaempfung\" \/>\n<meta property=\"og:locale\" content=\"de_DE\" \/>\n<meta property=\"og:type\" content=\"article\" \/>\n<meta property=\"og:title\" content=\"Mittel und Ger\u00e4te zur Brandbek\u00e4mpfung (Schilder,Aufkleber) - Sticker und Schilder\" \/>\n<meta property=\"og:description\" content=\"Schild Mittel und Ger\u00e4te zur Brandbek\u00e4mpfung \u2705 Norm: ASR 1.3\/ISO 7010 F004 \u2705 Sicherheitskennzeichnung als Schild oder Aufkleber erh\u00e4ltlich\" \/>\n<meta property=\"og:url\" content=\"https:\/\/sticker-schilder.de\/?product=geraete-zur-brandbekaempfung\" \/>\n<meta property=\"og:site_name\" content=\"Sticker und Schilder\" \/>\n<meta property=\"article:modified_time\" content=\"2023-03-16T13:20:41+00:00\" \/>\n<meta property=\"og:image\" content=\"https:\/\/sticker-schilder.de\/wp-content\/uploads\/2023\/02\/Mittel-und-Geraete-zur-Brandbekaempfung-scaled.jpg\" \/>\n\t<meta property=\"og:image:width\" content=\"2560\" \/>\n\t<meta property=\"og:image:height\" content=\"2560\" \/>\n\t<meta property=\"og:image:type\" content=\"image\/jpeg\" \/>\n<meta name=\"twitter:card\" content=\"summary_large_image\" \/>\n<meta name=\"twitter:label1\" content=\"Gesch\u00e4tzte Lesezeit\" \/>\n\t<meta name=\"twitter:data1\" content=\"1\u00a0Minute\" \/>\n<script type=\"application\/ld+json\" class=\"yoast-schema-graph\">{\"@context\":\"https:\/\/schema.org\",\"@graph\":[{\"@type\":\"WebPage\",\"@id\":\"https:\/\/sticker-schilder.de\/?product=geraete-zur-brandbekaempfung\",\"url\":\"https:\/\/sticker-schilder.de\/?product=geraete-zur-brandbekaempfung\",\"name\":\"Mittel und Ger\u00e4te zur Brandbek\u00e4mpfung (Schilder,Aufkleber) - Sticker und Schilder\",\"isPartOf\":{\"@id\":\"https:\/\/sticker-schilder.de\/#website\"},\"datePublished\":\"2023-02-23T09:42:25+00:00\",\"dateModified\":\"2023-03-16T13:20:41+00:00\",\"description\":\"Schild Mittel und Ger\u00e4te zur Brandbek\u00e4mpfung \u2705 Norm: ASR 1.3\/ISO 7010 F004 \u2705 Sicherheitskennzeichnung als Schild oder Aufkleber erh\u00e4ltlich\",\"breadcrumb\":{\"@id\":\"https:\/\/sticker-schilder.de\/?product=geraete-zur-brandbekaempfung#breadcrumb\"},\"inLanguage\":\"de\",\"potentialAction\":[{\"@type\":\"ReadAction\",\"target\":[\"https:\/\/sticker-schilder.de\/?product=geraete-zur-brandbekaempfung\"]}]},{\"@type\":\"BreadcrumbList\",\"@id\":\"https:\/\/sticker-schilder.de\/?product=geraete-zur-brandbekaempfung#breadcrumb\",\"itemListElement\":[{\"@type\":\"ListItem\",\"position\":1,\"name\":\"Startseite\",\"item\":\"https:\/\/sticker-schilder.de\/\"},{\"@type\":\"ListItem\",\"position\":2,\"name\":\"Shop\",\"item\":\"https:\/\/sticker-schilder.de\/?page_id=8\"},{\"@type\":\"ListItem\",\"position\":3,\"name\":\"Mittel und Ger\u00e4te zur Brandbek\u00e4mpfung (Schilder,Aufkleber)\"}]},{\"@type\":\"WebSite\",\"@id\":\"https:\/\/sticker-schilder.de\/#website\",\"url\":\"https:\/\/sticker-schilder.de\/\",\"name\":\"Sticker und Schilder\",\"description\":\"auch zum selbst gestalten\",\"potentialAction\":[{\"@type\":\"SearchAction\",\"target\":{\"@type\":\"EntryPoint\",\"urlTemplate\":\"https:\/\/sticker-schilder.de\/?s={search_term_string}\"},\"query-input\":\"required name=search_term_string\"}],\"inLanguage\":\"de\"}]}<\/script>\n<!-- \/ Yoast SEO plugin. -->","yoast_head_json":{"title":"Mittel und Ger\u00e4te zur Brandbek\u00e4mpfung (Schilder,Aufkleber) - Sticker und Schilder","description":"Schild Mittel und Ger\u00e4te zur Brandbek\u00e4mpfung \u2705 Norm: ASR 1.3\/ISO 7010 F004 \u2705 Sicherheitskennzeichnung als Schild oder Aufkleber erh\u00e4ltlich","robots":{"index":"index","follow":"follow","max-snippet":"max-snippet:-1","max-image-preview":"max-image-preview:large","max-video-preview":"max-video-preview:-1"},"canonical":"https:\/\/sticker-schilder.de\/?product=geraete-zur-brandbekaempfung","og_locale":"de_DE","og_type":"article","og_title":"Mittel und Ger\u00e4te zur Brandbek\u00e4mpfung (Schilder,Aufkleber) - Sticker und Schilder","og_description":"Schild Mittel und Ger\u00e4te zur Brandbek\u00e4mpfung \u2705 Norm: ASR 1.3\/ISO 7010 F004 \u2705 Sicherheitskennzeichnung als Schild oder Aufkleber erh\u00e4ltlich","og_url":"https:\/\/sticker-schilder.de\/?product=geraete-zur-brandbekaempfung","og_site_name":"Sticker und Schilder","article_modified_time":"2023-03-16T13:20:41+00:00","og_image":[{"width":2560,"height":2560,"url":"https:\/\/sticker-schilder.de\/wp-content\/uploads\/2023\/02\/Mittel-und-Geraete-zur-Brandbekaempfung-scaled.jpg","type":"image\/jpeg"}],"twitter_card":"summary_large_image","twitter_misc":{"Gesch\u00e4tzte Lesezeit":"1\u00a0Minute"},"schema":{"@context":"https:\/\/schema.org","@graph":[{"@type":"WebPage","@id":"https:\/\/sticker-schilder.de\/?product=geraete-zur-brandbekaempfung","url":"https:\/\/sticker-schilder.de\/?product=geraete-zur-brandbekaempfung","name":"Mittel und Ger\u00e4te zur Brandbek\u00e4mpfung (Schilder,Aufkleber) - Sticker und Schilder","isPartOf":{"@id":"https:\/\/sticker-schilder.de\/#website"},"datePublished":"2023-02-23T09:42:25+00:00","dateModified":"2023-03-16T13:20:41+00:00","description":"Schild Mittel und Ger\u00e4te zur Brandbek\u00e4mpfung \u2705 Norm: ASR 1.3\/ISO 7010 F004 \u2705 Sicherheitskennzeichnung als Schild oder Aufkleber erh\u00e4ltlich","breadcrumb":{"@id":"https:\/\/sticker-schilder.de\/?product=geraete-zur-brandbekaempfung#breadcrumb"},"inLanguage":"de","potentialAction":[{"@type":"ReadAction","target":["https:\/\/sticker-schilder.de\/?product=geraete-zur-brandbekaempfung"]}]},{"@type":"BreadcrumbList","@id":"https:\/\/sticker-schilder.de\/?product=geraete-zur-brandbekaempfung#breadcrumb","itemListElement":[{"@type":"ListItem","position":1,"name":"Startseite","item":"https:\/\/sticker-schilder.de\/"},{"@type":"ListItem","position":2,"name":"Shop","item":"https:\/\/sticker-schilder.de\/?page_id=8"},{"@type":"ListItem","position":3,"name":"Mittel und Ger\u00e4te zur Brandbek\u00e4mpfung (Schilder,Aufkleber)"}]},{"@type":"WebSite","@id":"https:\/\/sticker-schilder.de\/#website","url":"https:\/\/sticker-schilder.de\/","name":"Sticker und Schilder","description":"auch zum selbst gestalten","potentialAction":[{"@type":"SearchAction","target":{"@type":"EntryPoint","urlTemplate":"https:\/\/sticker-schilder.de\/?s={search_term_string}"},"query-input":"required name=search_term_string"}],"inLanguage":"de"}]}},"_links":{"self":[{"href":"https:\/\/sticker-schilder.de\/index.php?rest_route=\/wp\/v2\/product\/17654","targetHints":{"allow":["GET"]}}],"collection":[{"href":"https:\/\/sticker-schilder.de\/index.php?rest_route=\/wp\/v2\/product"}],"about":[{"href":"https:\/\/sticker-schilder.de\/index.php?rest_route=\/wp\/v2\/types\/product"}],"replies":[{"embeddable":true,"href":"https:\/\/sticker-schilder.de\/index.php?rest_route=%2Fwp%2Fv2%2Fcomments&post=17654"}],"wp:featuredmedia":[{"embeddable":true,"href":"https:\/\/sticker-schilder.de\/index.php?rest_route=\/wp\/v2\/media\/18854"}],"wp:attachment":[{"href":"https:\/\/sticker-schilder.de\/index.php?rest_route=%2Fwp%2Fv2%2Fmedia&parent=17654"}],"wp:term":[{"taxonomy":"product_cat","embeddable":true,"href":"https:\/\/sticker-schilder.de\/index.php?rest_route=%2Fwp%2Fv2%2Fproduct_cat&post=17654"},{"taxonomy":"product_tag","embeddable":true,"href":"https:\/\/sticker-schilder.de\/index.php?rest_route=%2Fwp%2Fv2%2Fproduct_tag&post=17654"}],"curies":[{"name":"wp","href":"https:\/\/api.w.org\/{rel}","templated":true}]}}