{"id":17653,"date":"2023-02-23T10:38:32","date_gmt":"2023-02-23T09:38:32","guid":{"rendered":"https:\/\/sticker-schilder.de\/?post_type=product&#038;p=17653"},"modified":"2023-03-16T15:20:15","modified_gmt":"2023-03-16T14:20:15","slug":"loeschschlauch-schilder-aufkleber","status":"publish","type":"product","link":"https:\/\/sticker-schilder.de\/?product=loeschschlauch-schilder-aufkleber","title":{"rendered":"L\u00f6schschlauch (Schilder, Aufkleber)"},"content":{"rendered":"<p><strong>Schild L\u00f6schschlauch<\/strong> zur normgerechten Kennzeichung.<\/p>\n<p>Tragen Sie bei um einen L\u00f6schschlauch schnell zu finden. Damit verbessern Sie die Sicherheit im Notfall.<\/p>\n<p>Das Schild L\u00f6schschlauch entspricht der<\/p>\n<p>Internationalen Norm: ASR 1.3\/<strong>ISO 7010 F002<\/strong><\/p>\n<p>Schilder k\u00f6nnen verschraubt oder auch mit Spiegelklebeband sicher befestigt werden.<\/p>\n<p>Auch als lange haltbarer Aufkleber erh\u00e4ltlich.<\/p>\n<p>Zeigen Sie, wo sich L\u00f6schschlauch befindet! Im Brandfall verringern Sie dadurch ggf. die Zeit bis zum Eintreffen der Feuerwehr.<\/p>\n<p>So f\u00f6rdern Sie unmittelbare L\u00f6schversuche durch ein einfaches Schild.<\/p>\n","protected":false},"excerpt":{"rendered":"<p>Schild L\u00f6schschlauch zur normgerechten Kennzeichung. Tragen Sie bei um einen L\u00f6schschlauch schnell zu finden. Damit verbessern Sie die Sicherheit im Notfall. Das Schild L\u00f6schschlauch entspricht der Internationalen Norm: ASR 1.3\/ISO 7010 F002 Schilder k\u00f6nnen verschraubt oder auch mit Spiegelklebeband sicher befestigt werden. Auch als lange haltbarer Aufkleber erh\u00e4ltlich. Zeigen Sie, wo sich L\u00f6schschlauch befindet! Im [&hellip;]<\/p>\n","protected":false},"featured_media":18858,"comment_status":"open","ping_status":"closed","template":"","meta":[],"product_cat":[118,195,199,85],"product_tag":[],"class_list":{"0":"post-17653","1":"product","2":"type-product","3":"status-publish","4":"has-post-thumbnail","6":"product_cat-schilder","7":"product_cat-normschilder","8":"product_cat-brandschutzschilder","9":"product_cat-aufkleber","11":"first","12":"instock","13":"taxable","14":"shipping-taxable","15":"product-type-simple"},"yoast_head":"<!-- This site is optimized with the Yoast SEO plugin v20.1 - https:\/\/yoast.com\/wordpress\/plugins\/seo\/ -->\n<title>L\u00f6schschlauch (Schilder, Aufkleber) - Sticker und Schilder<\/title>\n<meta name=\"description\" content=\"Schild L\u00f6schschlauch \u2705 Norm: ASR 1.3\/ISO 7010 F006 \u2705 Sicherheitskennzeichnung als Schild oder Aufkleber erh\u00e4ltlich\" \/>\n<meta name=\"robots\" content=\"index, follow, max-snippet:-1, max-image-preview:large, max-video-preview:-1\" \/>\n<link rel=\"canonical\" href=\"https:\/\/sticker-schilder.de\/?product=loeschschlauch-schilder-aufkleber\" \/>\n<meta property=\"og:locale\" content=\"de_DE\" \/>\n<meta property=\"og:type\" content=\"article\" \/>\n<meta property=\"og:title\" content=\"L\u00f6schschlauch (Schilder, Aufkleber) - Sticker und Schilder\" \/>\n<meta property=\"og:description\" content=\"Schild L\u00f6schschlauch \u2705 Norm: ASR 1.3\/ISO 7010 F006 \u2705 Sicherheitskennzeichnung als Schild oder Aufkleber erh\u00e4ltlich\" \/>\n<meta property=\"og:url\" content=\"https:\/\/sticker-schilder.de\/?product=loeschschlauch-schilder-aufkleber\" \/>\n<meta property=\"og:site_name\" content=\"Sticker und Schilder\" \/>\n<meta property=\"article:modified_time\" content=\"2023-03-16T14:20:15+00:00\" \/>\n<meta property=\"og:image\" content=\"https:\/\/sticker-schilder.de\/wp-content\/uploads\/2023\/02\/Loeschschlauch-scaled.jpg\" \/>\n\t<meta property=\"og:image:width\" content=\"2560\" \/>\n\t<meta property=\"og:image:height\" content=\"2560\" \/>\n\t<meta property=\"og:image:type\" content=\"image\/jpeg\" \/>\n<meta name=\"twitter:card\" content=\"summary_large_image\" \/>\n<meta name=\"twitter:label1\" content=\"Gesch\u00e4tzte Lesezeit\" \/>\n\t<meta name=\"twitter:data1\" content=\"1\u00a0Minute\" \/>\n<script type=\"application\/ld+json\" class=\"yoast-schema-graph\">{\"@context\":\"https:\/\/schema.org\",\"@graph\":[{\"@type\":\"WebPage\",\"@id\":\"https:\/\/sticker-schilder.de\/?product=loeschschlauch-schilder-aufkleber\",\"url\":\"https:\/\/sticker-schilder.de\/?product=loeschschlauch-schilder-aufkleber\",\"name\":\"L\u00f6schschlauch (Schilder, Aufkleber) - Sticker und Schilder\",\"isPartOf\":{\"@id\":\"https:\/\/sticker-schilder.de\/#website\"},\"datePublished\":\"2023-02-23T09:38:32+00:00\",\"dateModified\":\"2023-03-16T14:20:15+00:00\",\"description\":\"Schild L\u00f6schschlauch \u2705 Norm: ASR 1.3\/ISO 7010 F006 \u2705 Sicherheitskennzeichnung als Schild oder Aufkleber erh\u00e4ltlich\",\"breadcrumb\":{\"@id\":\"https:\/\/sticker-schilder.de\/?product=loeschschlauch-schilder-aufkleber#breadcrumb\"},\"inLanguage\":\"de\",\"potentialAction\":[{\"@type\":\"ReadAction\",\"target\":[\"https:\/\/sticker-schilder.de\/?product=loeschschlauch-schilder-aufkleber\"]}]},{\"@type\":\"BreadcrumbList\",\"@id\":\"https:\/\/sticker-schilder.de\/?product=loeschschlauch-schilder-aufkleber#breadcrumb\",\"itemListElement\":[{\"@type\":\"ListItem\",\"position\":1,\"name\":\"Startseite\",\"item\":\"https:\/\/sticker-schilder.de\/\"},{\"@type\":\"ListItem\",\"position\":2,\"name\":\"Shop\",\"item\":\"https:\/\/sticker-schilder.de\/?page_id=8\"},{\"@type\":\"ListItem\",\"position\":3,\"name\":\"L\u00f6schschlauch (Schilder, Aufkleber)\"}]},{\"@type\":\"WebSite\",\"@id\":\"https:\/\/sticker-schilder.de\/#website\",\"url\":\"https:\/\/sticker-schilder.de\/\",\"name\":\"Sticker und Schilder\",\"description\":\"auch zum selbst gestalten\",\"potentialAction\":[{\"@type\":\"SearchAction\",\"target\":{\"@type\":\"EntryPoint\",\"urlTemplate\":\"https:\/\/sticker-schilder.de\/?s={search_term_string}\"},\"query-input\":\"required name=search_term_string\"}],\"inLanguage\":\"de\"}]}<\/script>\n<!-- \/ Yoast SEO plugin. -->","yoast_head_json":{"title":"L\u00f6schschlauch (Schilder, Aufkleber) - Sticker und Schilder","description":"Schild L\u00f6schschlauch \u2705 Norm: ASR 1.3\/ISO 7010 F006 \u2705 Sicherheitskennzeichnung als Schild oder Aufkleber erh\u00e4ltlich","robots":{"index":"index","follow":"follow","max-snippet":"max-snippet:-1","max-image-preview":"max-image-preview:large","max-video-preview":"max-video-preview:-1"},"canonical":"https:\/\/sticker-schilder.de\/?product=loeschschlauch-schilder-aufkleber","og_locale":"de_DE","og_type":"article","og_title":"L\u00f6schschlauch (Schilder, Aufkleber) - Sticker und Schilder","og_description":"Schild L\u00f6schschlauch \u2705 Norm: ASR 1.3\/ISO 7010 F006 \u2705 Sicherheitskennzeichnung als Schild oder Aufkleber erh\u00e4ltlich","og_url":"https:\/\/sticker-schilder.de\/?product=loeschschlauch-schilder-aufkleber","og_site_name":"Sticker und Schilder","article_modified_time":"2023-03-16T14:20:15+00:00","og_image":[{"width":2560,"height":2560,"url":"https:\/\/sticker-schilder.de\/wp-content\/uploads\/2023\/02\/Loeschschlauch-scaled.jpg","type":"image\/jpeg"}],"twitter_card":"summary_large_image","twitter_misc":{"Gesch\u00e4tzte Lesezeit":"1\u00a0Minute"},"schema":{"@context":"https:\/\/schema.org","@graph":[{"@type":"WebPage","@id":"https:\/\/sticker-schilder.de\/?product=loeschschlauch-schilder-aufkleber","url":"https:\/\/sticker-schilder.de\/?product=loeschschlauch-schilder-aufkleber","name":"L\u00f6schschlauch (Schilder, Aufkleber) - Sticker und Schilder","isPartOf":{"@id":"https:\/\/sticker-schilder.de\/#website"},"datePublished":"2023-02-23T09:38:32+00:00","dateModified":"2023-03-16T14:20:15+00:00","description":"Schild L\u00f6schschlauch \u2705 Norm: ASR 1.3\/ISO 7010 F006 \u2705 Sicherheitskennzeichnung als Schild oder Aufkleber erh\u00e4ltlich","breadcrumb":{"@id":"https:\/\/sticker-schilder.de\/?product=loeschschlauch-schilder-aufkleber#breadcrumb"},"inLanguage":"de","potentialAction":[{"@type":"ReadAction","target":["https:\/\/sticker-schilder.de\/?product=loeschschlauch-schilder-aufkleber"]}]},{"@type":"BreadcrumbList","@id":"https:\/\/sticker-schilder.de\/?product=loeschschlauch-schilder-aufkleber#breadcrumb","itemListElement":[{"@type":"ListItem","position":1,"name":"Startseite","item":"https:\/\/sticker-schilder.de\/"},{"@type":"ListItem","position":2,"name":"Shop","item":"https:\/\/sticker-schilder.de\/?page_id=8"},{"@type":"ListItem","position":3,"name":"L\u00f6schschlauch (Schilder, Aufkleber)"}]},{"@type":"WebSite","@id":"https:\/\/sticker-schilder.de\/#website","url":"https:\/\/sticker-schilder.de\/","name":"Sticker und Schilder","description":"auch zum selbst gestalten","potentialAction":[{"@type":"SearchAction","target":{"@type":"EntryPoint","urlTemplate":"https:\/\/sticker-schilder.de\/?s={search_term_string}"},"query-input":"required name=search_term_string"}],"inLanguage":"de"}]}},"_links":{"self":[{"href":"https:\/\/sticker-schilder.de\/index.php?rest_route=\/wp\/v2\/product\/17653","targetHints":{"allow":["GET"]}}],"collection":[{"href":"https:\/\/sticker-schilder.de\/index.php?rest_route=\/wp\/v2\/product"}],"about":[{"href":"https:\/\/sticker-schilder.de\/index.php?rest_route=\/wp\/v2\/types\/product"}],"replies":[{"embeddable":true,"href":"https:\/\/sticker-schilder.de\/index.php?rest_route=%2Fwp%2Fv2%2Fcomments&post=17653"}],"wp:featuredmedia":[{"embeddable":true,"href":"https:\/\/sticker-schilder.de\/index.php?rest_route=\/wp\/v2\/media\/18858"}],"wp:attachment":[{"href":"https:\/\/sticker-schilder.de\/index.php?rest_route=%2Fwp%2Fv2%2Fmedia&parent=17653"}],"wp:term":[{"taxonomy":"product_cat","embeddable":true,"href":"https:\/\/sticker-schilder.de\/index.php?rest_route=%2Fwp%2Fv2%2Fproduct_cat&post=17653"},{"taxonomy":"product_tag","embeddable":true,"href":"https:\/\/sticker-schilder.de\/index.php?rest_route=%2Fwp%2Fv2%2Fproduct_tag&post=17653"}],"curies":[{"name":"wp","href":"https:\/\/api.w.org\/{rel}","templated":true}]}}