{"id":17651,"date":"2023-02-23T10:18:12","date_gmt":"2023-02-23T09:18:12","guid":{"rendered":"https:\/\/sticker-schilder.de\/?post_type=product&#038;p=17651"},"modified":"2023-03-16T15:25:04","modified_gmt":"2023-03-16T14:25:04","slug":"schild-feuerloescher-aufkleber","status":"publish","type":"product","link":"https:\/\/sticker-schilder.de\/?product=schild-feuerloescher-aufkleber","title":{"rendered":"Schild Feuerl\u00f6scher Schild, Aufkleber"},"content":{"rendered":"<p><strong>Schild Feuerl\u00f6scher<\/strong> zur normgerechten Kennzeichnung.<\/p>\n<p>Sie k\u00f6nnen einen Aufkleber oder ein Schild bestellen. Wir liefern in verschiedenen Gr\u00f6\u00dfen, passend f\u00fcr Ihren Bedarf.<\/p>\n<p>Zum schnellen finden eines Feuerl\u00f6schers. Sie verbessern damit die Sicherheit im Notfall.<\/p>\n<p>Das Schild Feuerl\u00f6scher\u00a0 entspricht der<\/p>\n<p>Internationalen Norm: ASR 1.3\/<strong>ISO 7010 F007<\/strong><\/p>\n<p>Als Piktogramm, damit auch f\u00fcr nicht Sprachkundige erkennbar.<\/p>\n<p>&nbsp;<\/p>\n<p>Schilder k\u00f6nnen verschraubt oder auch mit Spiegelklebeband sicher befestigt werden.<\/p>\n<p>Auch als lange haltbarer Aufkleber erh\u00e4ltlich.<\/p>\n<p>Zeigen Sie, wo sich Ihre Feuerl\u00f6scher befindet! Das kann Leben retten. So kann unmittelbar mit der Brandbek\u00e4mpfung begonnen werden. Schneller mit dem L\u00f6schen beginnen, und Sch\u00e4den verringern. Verhindern Sie so\u00a0 durch unmittelbares L\u00f6schen gro\u00dfe Sch\u00e4den.<\/p>\n<p>Das Schild Feuerl\u00f6scher wird bei uns im Haus gefertigt. Sie kaufen direkt beim Hersteller.<\/p>\n<p>Wir stellen auf Anfrage auch Sondergr\u00f6\u00dfen her. Kontaktieren Sie uns hierf\u00fcr einfach.<\/p>\n<p>Zum Drucken verwenden wir umweltfreundliche Farben. Die Farben sind im GREENGUARD GOLD standard zertifiziert. Kurze Lieferwege durch Produktion und Versand aus Deutschland.<\/p>\n","protected":false},"excerpt":{"rendered":"<p>Schild Feuerl\u00f6scher zur normgerechten Kennzeichnung. Sie k\u00f6nnen einen Aufkleber oder ein Schild bestellen. Wir liefern in verschiedenen Gr\u00f6\u00dfen, passend f\u00fcr Ihren Bedarf. Zum schnellen finden eines Feuerl\u00f6schers. Sie verbessern damit die Sicherheit im Notfall. Das Schild Feuerl\u00f6scher\u00a0 entspricht der Internationalen Norm: ASR 1.3\/ISO 7010 F007 Als Piktogramm, damit auch f\u00fcr nicht Sprachkundige erkennbar. &nbsp; Schilder [&hellip;]<\/p>\n","protected":false},"featured_media":18860,"comment_status":"open","ping_status":"closed","template":"","meta":[],"product_cat":[118,195,199,85],"product_tag":[],"class_list":{"0":"post-17651","1":"product","2":"type-product","3":"status-publish","4":"has-post-thumbnail","6":"product_cat-schilder","7":"product_cat-normschilder","8":"product_cat-brandschutzschilder","9":"product_cat-aufkleber","11":"first","12":"instock","13":"taxable","14":"shipping-taxable","15":"product-type-simple"},"yoast_head":"<!-- This site is optimized with the Yoast SEO plugin v20.1 - https:\/\/yoast.com\/wordpress\/plugins\/seo\/ -->\n<title>Schild Feuerl\u00f6scher Schild, Aufkleber - Sticker und Schilder<\/title>\n<meta name=\"description\" content=\"Schild Feuerl\u00f6scher \u2705 Norm: ASR 1.3\/ISO 7010 F007 \u2705 Sicherheitskennzeichung als Schild oder Aufkleber erh\u00e4ltlich Verschiedene Varianten\" \/>\n<meta name=\"robots\" content=\"index, follow, max-snippet:-1, max-image-preview:large, max-video-preview:-1\" \/>\n<link rel=\"canonical\" href=\"https:\/\/sticker-schilder.de\/?product=schild-feuerloescher-aufkleber\" \/>\n<meta property=\"og:locale\" content=\"de_DE\" \/>\n<meta property=\"og:type\" content=\"article\" \/>\n<meta property=\"og:title\" content=\"Schild Feuerl\u00f6scher Schild, Aufkleber - Sticker und Schilder\" \/>\n<meta property=\"og:description\" content=\"Schild Feuerl\u00f6scher \u2705 Norm: ASR 1.3\/ISO 7010 F007 \u2705 Sicherheitskennzeichung als Schild oder Aufkleber erh\u00e4ltlich Verschiedene Varianten\" \/>\n<meta property=\"og:url\" content=\"https:\/\/sticker-schilder.de\/?product=schild-feuerloescher-aufkleber\" \/>\n<meta property=\"og:site_name\" content=\"Sticker und Schilder\" \/>\n<meta property=\"article:modified_time\" content=\"2023-03-16T14:25:04+00:00\" \/>\n<meta property=\"og:image\" content=\"https:\/\/sticker-schilder.de\/wp-content\/uploads\/2023\/02\/Feuerloescher-1-scaled.jpg\" \/>\n\t<meta property=\"og:image:width\" content=\"2560\" \/>\n\t<meta property=\"og:image:height\" content=\"2560\" \/>\n\t<meta property=\"og:image:type\" content=\"image\/jpeg\" \/>\n<meta name=\"twitter:card\" content=\"summary_large_image\" \/>\n<meta name=\"twitter:label1\" content=\"Gesch\u00e4tzte Lesezeit\" \/>\n\t<meta name=\"twitter:data1\" content=\"1\u00a0Minute\" \/>\n<script type=\"application\/ld+json\" class=\"yoast-schema-graph\">{\"@context\":\"https:\/\/schema.org\",\"@graph\":[{\"@type\":\"WebPage\",\"@id\":\"https:\/\/sticker-schilder.de\/?product=schild-feuerloescher-aufkleber\",\"url\":\"https:\/\/sticker-schilder.de\/?product=schild-feuerloescher-aufkleber\",\"name\":\"Schild Feuerl\u00f6scher Schild, Aufkleber - Sticker und Schilder\",\"isPartOf\":{\"@id\":\"https:\/\/sticker-schilder.de\/#website\"},\"datePublished\":\"2023-02-23T09:18:12+00:00\",\"dateModified\":\"2023-03-16T14:25:04+00:00\",\"description\":\"Schild Feuerl\u00f6scher \u2705 Norm: ASR 1.3\/ISO 7010 F007 \u2705 Sicherheitskennzeichung als Schild oder Aufkleber erh\u00e4ltlich Verschiedene Varianten\",\"breadcrumb\":{\"@id\":\"https:\/\/sticker-schilder.de\/?product=schild-feuerloescher-aufkleber#breadcrumb\"},\"inLanguage\":\"de\",\"potentialAction\":[{\"@type\":\"ReadAction\",\"target\":[\"https:\/\/sticker-schilder.de\/?product=schild-feuerloescher-aufkleber\"]}]},{\"@type\":\"BreadcrumbList\",\"@id\":\"https:\/\/sticker-schilder.de\/?product=schild-feuerloescher-aufkleber#breadcrumb\",\"itemListElement\":[{\"@type\":\"ListItem\",\"position\":1,\"name\":\"Startseite\",\"item\":\"https:\/\/sticker-schilder.de\/\"},{\"@type\":\"ListItem\",\"position\":2,\"name\":\"Shop\",\"item\":\"https:\/\/sticker-schilder.de\/?page_id=8\"},{\"@type\":\"ListItem\",\"position\":3,\"name\":\"Schild Feuerl\u00f6scher Schild, Aufkleber\"}]},{\"@type\":\"WebSite\",\"@id\":\"https:\/\/sticker-schilder.de\/#website\",\"url\":\"https:\/\/sticker-schilder.de\/\",\"name\":\"Sticker und Schilder\",\"description\":\"auch zum selbst gestalten\",\"potentialAction\":[{\"@type\":\"SearchAction\",\"target\":{\"@type\":\"EntryPoint\",\"urlTemplate\":\"https:\/\/sticker-schilder.de\/?s={search_term_string}\"},\"query-input\":\"required name=search_term_string\"}],\"inLanguage\":\"de\"}]}<\/script>\n<!-- \/ Yoast SEO plugin. -->","yoast_head_json":{"title":"Schild Feuerl\u00f6scher Schild, Aufkleber - Sticker und Schilder","description":"Schild Feuerl\u00f6scher \u2705 Norm: ASR 1.3\/ISO 7010 F007 \u2705 Sicherheitskennzeichung als Schild oder Aufkleber erh\u00e4ltlich Verschiedene Varianten","robots":{"index":"index","follow":"follow","max-snippet":"max-snippet:-1","max-image-preview":"max-image-preview:large","max-video-preview":"max-video-preview:-1"},"canonical":"https:\/\/sticker-schilder.de\/?product=schild-feuerloescher-aufkleber","og_locale":"de_DE","og_type":"article","og_title":"Schild Feuerl\u00f6scher Schild, Aufkleber - Sticker und Schilder","og_description":"Schild Feuerl\u00f6scher \u2705 Norm: ASR 1.3\/ISO 7010 F007 \u2705 Sicherheitskennzeichung als Schild oder Aufkleber erh\u00e4ltlich Verschiedene Varianten","og_url":"https:\/\/sticker-schilder.de\/?product=schild-feuerloescher-aufkleber","og_site_name":"Sticker und Schilder","article_modified_time":"2023-03-16T14:25:04+00:00","og_image":[{"width":2560,"height":2560,"url":"https:\/\/sticker-schilder.de\/wp-content\/uploads\/2023\/02\/Feuerloescher-1-scaled.jpg","type":"image\/jpeg"}],"twitter_card":"summary_large_image","twitter_misc":{"Gesch\u00e4tzte Lesezeit":"1\u00a0Minute"},"schema":{"@context":"https:\/\/schema.org","@graph":[{"@type":"WebPage","@id":"https:\/\/sticker-schilder.de\/?product=schild-feuerloescher-aufkleber","url":"https:\/\/sticker-schilder.de\/?product=schild-feuerloescher-aufkleber","name":"Schild Feuerl\u00f6scher Schild, Aufkleber - Sticker und Schilder","isPartOf":{"@id":"https:\/\/sticker-schilder.de\/#website"},"datePublished":"2023-02-23T09:18:12+00:00","dateModified":"2023-03-16T14:25:04+00:00","description":"Schild Feuerl\u00f6scher \u2705 Norm: ASR 1.3\/ISO 7010 F007 \u2705 Sicherheitskennzeichung als Schild oder Aufkleber erh\u00e4ltlich Verschiedene Varianten","breadcrumb":{"@id":"https:\/\/sticker-schilder.de\/?product=schild-feuerloescher-aufkleber#breadcrumb"},"inLanguage":"de","potentialAction":[{"@type":"ReadAction","target":["https:\/\/sticker-schilder.de\/?product=schild-feuerloescher-aufkleber"]}]},{"@type":"BreadcrumbList","@id":"https:\/\/sticker-schilder.de\/?product=schild-feuerloescher-aufkleber#breadcrumb","itemListElement":[{"@type":"ListItem","position":1,"name":"Startseite","item":"https:\/\/sticker-schilder.de\/"},{"@type":"ListItem","position":2,"name":"Shop","item":"https:\/\/sticker-schilder.de\/?page_id=8"},{"@type":"ListItem","position":3,"name":"Schild Feuerl\u00f6scher Schild, Aufkleber"}]},{"@type":"WebSite","@id":"https:\/\/sticker-schilder.de\/#website","url":"https:\/\/sticker-schilder.de\/","name":"Sticker und Schilder","description":"auch zum selbst gestalten","potentialAction":[{"@type":"SearchAction","target":{"@type":"EntryPoint","urlTemplate":"https:\/\/sticker-schilder.de\/?s={search_term_string}"},"query-input":"required name=search_term_string"}],"inLanguage":"de"}]}},"_links":{"self":[{"href":"https:\/\/sticker-schilder.de\/index.php?rest_route=\/wp\/v2\/product\/17651","targetHints":{"allow":["GET"]}}],"collection":[{"href":"https:\/\/sticker-schilder.de\/index.php?rest_route=\/wp\/v2\/product"}],"about":[{"href":"https:\/\/sticker-schilder.de\/index.php?rest_route=\/wp\/v2\/types\/product"}],"replies":[{"embeddable":true,"href":"https:\/\/sticker-schilder.de\/index.php?rest_route=%2Fwp%2Fv2%2Fcomments&post=17651"}],"wp:featuredmedia":[{"embeddable":true,"href":"https:\/\/sticker-schilder.de\/index.php?rest_route=\/wp\/v2\/media\/18860"}],"wp:attachment":[{"href":"https:\/\/sticker-schilder.de\/index.php?rest_route=%2Fwp%2Fv2%2Fmedia&parent=17651"}],"wp:term":[{"taxonomy":"product_cat","embeddable":true,"href":"https:\/\/sticker-schilder.de\/index.php?rest_route=%2Fwp%2Fv2%2Fproduct_cat&post=17651"},{"taxonomy":"product_tag","embeddable":true,"href":"https:\/\/sticker-schilder.de\/index.php?rest_route=%2Fwp%2Fv2%2Fproduct_tag&post=17651"}],"curies":[{"name":"wp","href":"https:\/\/api.w.org\/{rel}","templated":true}]}}